{"id":32094,"date":"2021-12-27T12:24:35","date_gmt":"2021-12-27T15:24:35","guid":{"rendered":"https:\/\/urbantacs.cl\/?page_id=32094"},"modified":"2021-12-27T13:32:32","modified_gmt":"2021-12-27T16:32:32","slug":"proceso-de-compra","status":"publish","type":"page","link":"https:\/\/urbantacs.cl\/en\/proceso-de-compra\/","title":{"rendered":"Proceso de Compra"},"content":{"rendered":"<div class=\"wpb-content-wrapper\"><div class=\"vc_row wpb_row vc_row-fluid\"><div class=\"wpb_column vc_column_container vc_col-sm-2\"><div class=\"vc_column-inner\"><div class=\"wpb_wrapper\"><\/div><\/div><\/div><div class=\"wpb_column vc_column_container vc_col-sm-8\"><div class=\"vc_column-inner\"><div class=\"wpb_wrapper\">\n\t<div class=\"wpb_text_column wpb_content_element\" >\n\t\t<div class=\"wpb_wrapper\">\n\t\t\t<p style=\"text-align: justify;\"><strong>\u00bfC\u00d3MO COMPRAR TU ARMA?<\/strong><\/p>\n<p style=\"text-align: justify;\">A continuaci\u00f3n se indica el proceso de compra de un arma de fuego. Este procedimiento que regula la Direcci\u00f3n General de Movilizaci\u00f3n Nacional (DGMN) permite que toda persona que desee adquirir un arma de fuego pueda obtener una aprobaci\u00f3n para la inscripci\u00f3n de una o mas armas de fuego de acuerdo a lo siguiente:<\/p>\n<p style=\"text-align: justify;\">PROCESO<\/p>\n<p style=\"text-align: justify;\">Se debe dirigir a la autoridad fiscalizadora correspondiente a su domicilio con la siguiente documentaci\u00f3n:<\/p>\n<ul>\n<li style=\"text-align: justify;\">Fotocopia de la c\u00e9dula de identidad<\/li>\n<li style=\"text-align: justify;\">Certificado de antecedentes para fines especiales<\/li>\n<li style=\"text-align: justify;\">Debe rendir una prueba de conocimiento sobre la Ley de Control de Armas (descarga de formularios, cartilla de examen y examen resuelto) se anexan los documentos descargables para incluir en la pagina<\/li>\n<li style=\"text-align: justify;\">Examen psicof\u00edsico otorgado por un m\u00e9dico psiquiatra acreditado por la DGMN siguiendo la Pauta y emitiendo el Certificado correspondiente.<\/li>\n<li style=\"text-align: justify;\">Certificado de residencia<\/li>\n<li style=\"text-align: justify;\">Declaraci\u00f3n jurada simple, adjuntando fotograf\u00edas de la caja fuerte y la puerta del domicilio donde quedara resguardada el arma.<\/li>\n<li style=\"text-align: justify;\">Orden de compra\u00a0<strong>entregada<\/strong><strong> por URBAN TAC\u00b4S <\/strong><\/li>\n<li style=\"text-align: justify;\">Copia del banco de prueba\u00a0<strong>entregado <\/strong><strong>URBAN TAC\u00b4S<\/strong><\/li>\n<\/ul>\n\n\t\t<\/div>\n\t<\/div>\n<\/div><\/div><\/div><div class=\"wpb_column vc_column_container vc_col-sm-2\"><div class=\"vc_column-inner\"><div class=\"wpb_wrapper\"><\/div><\/div><\/div><\/div><div class=\"vc_row wpb_row vc_row-fluid\"><div class=\"wpb_column vc_column_container vc_col-sm-2\"><div class=\"vc_column-inner\"><div class=\"wpb_wrapper\"><\/div><\/div><\/div><div class=\"wpb_column vc_column_container vc_col-sm-8\"><div class=\"vc_column-inner\"><div class=\"wpb_wrapper\">\n\t<div class=\"wpb_video_widget wpb_content_element vc_clearfix vc_video-aspect-ratio-169 vc_video-el-width-100 vc_video-align-center\" >\n\t\t<div class=\"wpb_wrapper\">\n\t\t\t\n\t\t\t<div class=\"wpb_video_wrapper\"><iframe loading=\"lazy\" title=\"Requisitos para Inscribir un arma de fuego  - Ley de Control de Armas - Chile- DGMN\" width=\"500\" height=\"281\" src=\"https:\/\/www.youtube.com\/embed\/UMEwUe5GwKs?feature=oembed\" frameborder=\"0\" allow=\"accelerometer; autoplay; clipboard-write; encrypted-media; gyroscope; picture-in-picture; web-share\" referrerpolicy=\"strict-origin-when-cross-origin\" allowfullscreen><\/iframe><\/div>\n\t\t<\/div>\n\t<\/div>\n<\/div><\/div><\/div><div class=\"wpb_column vc_column_container vc_col-sm-2\"><div class=\"vc_column-inner\"><div class=\"wpb_wrapper\"><\/div><\/div><\/div><\/div>\n<\/div>","protected":false},"excerpt":{"rendered":"\u00bfC\u00d3MO COMPRAR TU ARMA? A continuaci\u00f3n se indica el proceso de compra de un arma de fuego. Este procedimiento que","protected":false},"author":1,"featured_media":0,"parent":0,"menu_order":0,"comment_status":"closed","ping_status":"closed","template":"","meta":{"footnotes":""},"class_list":["post-32094","page","type-page","status-publish","hentry"],"_links":{"self":[{"href":"https:\/\/urbantacs.cl\/en\/wp-json\/wp\/v2\/pages\/32094","targetHints":{"allow":["GET"]}}],"collection":[{"href":"https:\/\/urbantacs.cl\/en\/wp-json\/wp\/v2\/pages"}],"about":[{"href":"https:\/\/urbantacs.cl\/en\/wp-json\/wp\/v2\/types\/page"}],"author":[{"embeddable":true,"href":"https:\/\/urbantacs.cl\/en\/wp-json\/wp\/v2\/users\/1"}],"replies":[{"embeddable":true,"href":"https:\/\/urbantacs.cl\/en\/wp-json\/wp\/v2\/comments?post=32094"}],"version-history":[{"count":2,"href":"https:\/\/urbantacs.cl\/en\/wp-json\/wp\/v2\/pages\/32094\/revisions"}],"predecessor-version":[{"id":32139,"href":"https:\/\/urbantacs.cl\/en\/wp-json\/wp\/v2\/pages\/32094\/revisions\/32139"}],"wp:attachment":[{"href":"https:\/\/urbantacs.cl\/en\/wp-json\/wp\/v2\/media?parent=32094"}],"curies":[{"name":"wp","href":"https:\/\/api.w.org\/{rel}","templated":true}]}}