{"id":32096,"date":"2021-12-27T13:30:45","date_gmt":"2021-12-27T16:30:45","guid":{"rendered":"https:\/\/urbantacs.cl\/?page_id=32096"},"modified":"2021-12-27T13:32:12","modified_gmt":"2021-12-27T16:32:12","slug":"terminos-y-condiciones","status":"publish","type":"page","link":"https:\/\/urbantacs.cl\/en\/terminos-y-condiciones\/","title":{"rendered":"T\u00e9rminos y condiciones"},"content":{"rendered":"<div class=\"wpb-content-wrapper\"><div class=\"vc_row wpb_row vc_row-fluid\"><div class=\"wpb_column vc_column_container vc_col-sm-2\"><div class=\"vc_column-inner\"><div class=\"wpb_wrapper\"><\/div><\/div><\/div><div class=\"wpb_column vc_column_container vc_col-sm-8\"><div class=\"vc_column-inner\"><div class=\"wpb_wrapper\">\n\t<div class=\"wpb_text_column wpb_content_element\" >\n\t\t<div class=\"wpb_wrapper\">\n\t\t\t<p style=\"text-align: justify;\"><strong>Condiciones Generales<\/strong><\/p>\n<p style=\"text-align: justify;\">1. Para comprar productos en el sitio, es necesario estar registrado.<\/p>\n<p style=\"text-align: justify;\">2. Los contratos de compraventa por medios electr\u00f3nicos ofrecidos en este sitio se encuentran sometidos al cumplimiento de la legislaci\u00f3n vigente en Chile. En especial de la normativa de defensa al consumidor y protecci\u00f3n de datos personales.<\/p>\n<p style=\"text-align: justify;\">3. Para todos los efectos relacionados con los contratos de compraventa por medios electr\u00f3nicos ofrecidos por este sitio el proveedor y consumidor fijan su domicilio en Chile, a la jurisdicci\u00f3n de cuyos tribunales se someten.<\/p>\n<p style=\"text-align: justify;\">4. Definiciones:<\/p>\n<ul style=\"text-align: justify;\">\n<li><strong>4.1.<\/strong>\u201cConsumidor o Comprador\u201d: La persona natural o jur\u00eddica que compra bienes o servicios a trav\u00e9s de la plataforma electr\u00f3nica suministrada por este sitio.<\/li>\n<li><strong>4.2.<\/strong> \u201cProveedor o Vendedor\u201d: URBAN TAC`S SPA\u201d, la que por medio de\u00a0 este sitio web ofrece bienes o servicios a los consumidores.<\/li>\n<li><strong>4.3. \u201c<\/strong>Productos Controlados Por la Ley de Control de Armas y Explosivos N\u00b0 17.798 y su reglamento Complementario\u201d: Las armas de fuego y\/o sus municiones.<strong>\u00a0<\/strong><\/li>\n<li><strong>4.4.\u00a0<\/strong>\u201cArmero Artificiero\u201d: T\u00e9cnico que repara armas y est\u00e1 registrado para realizar dicha actividad ante la Direcci\u00f3n General De Movilizaci\u00f3n Nacional.<\/li>\n<\/ul>\n<p style=\"text-align: justify;\">5. La sola visita de este sitio web en el cual se ofrecen determinados bienes o servicios, no impone al consumidor obligaci\u00f3n alguna, salvo que haya aceptado en forma inequ\u00edvoca las condiciones ofrecidas por el proveedor, en la forma indicada en estos t\u00e9rminos y condiciones.<\/p>\n<p style=\"text-align: justify;\"><strong>6. Se excluyen de todos los contratos celebrados por medios electr\u00f3nicos en el presente sitio web el derecho de retracto unilateral que consagra el art\u00edculo 3 bis letra b) de la ley de protecci\u00f3n al consumidor,<\/strong>\u00a0hecho que es conocido y aceptado por el consumidor.<\/p>\n<p style=\"text-align: justify;\">7. Los contratos de compraventa por medios electr\u00f3nicos ofrecidos en el presente sitio se entender\u00e1n celebrados, luego de que el consumidor acepte los presentes t\u00e9rminos y condiciones y el proveedor env\u00ede, al correo electr\u00f3nico indicado por el consumidor, un correo electr\u00f3nico de confirmaci\u00f3n del pedido, informando que se ha recibido el pedido y que este se encuentra en proceso, junto con el detalle de los t\u00e9rminos y condiciones aceptados.<\/p>\n<p style=\"text-align: justify;\">8. En los contratos ofrecidos por medio de este sitio, el proveedor informar\u00e1, de manera inequ\u00edvoca y f\u00e1cilmente accesible, los pasos que el consumidor debe seguir para celebrarlos. El mero hecho de completar todos los pasos que para estos efectos se indican en este sitio para efectuar una compra, equivale a aceptar que efectivamente la empresa oferente ha dado cumplimiento a las condiciones contenidas en este numeral. Adem\u00e1s, el correo electr\u00f3nico de confirmaci\u00f3n del pedido indicar\u00e1 la direcci\u00f3n de correo electr\u00f3nico del proveedor, a saber <strong>urbantacs<\/strong><strong>@<\/strong><strong>gmail.com<\/strong>\u00a0, para que el consumidor pueda identificar y corregir eventuales errores en el env\u00edo o en sus datos.<\/p>\n<p style=\"text-align: justify;\">9. Toda aceptaci\u00f3n de oferta quedar\u00e1 sujeta a la condici\u00f3n suspensiva de que la empresa oferente valide la transacci\u00f3n. En consecuencia, para toda operaci\u00f3n que se efect\u00fae en este sitio, la confirmaci\u00f3n y\/o validaci\u00f3n o verificaci\u00f3n por parte del proveedor, ser\u00e1 requisito para la formaci\u00f3n del consentimiento. Para validar la transacci\u00f3n el proveedor deber\u00e1 verificar:<\/p>\n<ul style=\"text-align: justify;\">\n<li><strong>9.1. <\/strong>Que dispone, en el momento de la aceptaci\u00f3n de oferta, de las especies o servicios ofrecidos.<\/li>\n<li><strong>9.2.<\/strong>\u00a0Que valida y acepta el medio de pago ofrecido por el usuario.<\/li>\n<li><strong>9.3.<\/strong>\u00a0Que los datos registrados por el cliente en el sitio coinciden con los proporcionados al efectuar su aceptaci\u00f3n de oferta.<\/li>\n<li><strong>9.4.<\/strong>\u00a0Para informar al usuario o consumidor acerca de esta validaci\u00f3n, el vendedor deber\u00e1 enviar una confirmaci\u00f3n escrita a la misma direcci\u00f3n electr\u00f3nica que haya registrado el usuario al aceptar las presentes condiciones de contrataci\u00f3n.<\/li>\n<\/ul>\n<p style=\"text-align: justify;\"><strong>Derechos del Comprador o Consumidor<\/strong><\/p>\n<ol style=\"text-align: justify;\">\n<li>El consumidor gozar\u00e1 de todos los derechos que se le otorguen en los presentes t\u00e9rminos y condiciones.<\/li>\n<li>Sin perjuicio de lo anterior, el consumidor gozar\u00e1 de todos los derechos que le reconoce la legislaci\u00f3n chilena sobre protecci\u00f3n al consumidor vigente a la \u00e9poca de la celebraci\u00f3n del contrato, con la salvedad de las exclusiones expresamente contenidas en estos t\u00e9rminos y condiciones. Cuando sea procedente, el consumidor dispondr\u00e1 en todo momento de los derechos de informaci\u00f3n, rectificaci\u00f3n y cancelaci\u00f3n de los datos personales conforme a la Ley N\u00ba19.628 sobre protecci\u00f3n de datos de car\u00e1cter personal.<\/li>\n<\/ol>\n<p style=\"text-align: justify;\"><strong>Medios de Pago Aceptados por el Proveedor<\/strong><\/p>\n<p style=\"text-align: justify;\">Los productos y servicios ofrecidos en este sitio, salvo que para casos expresamente exceptuados se establezca otro medio de pago, s\u00f3lo pueden ser pagados con los siguientes instrumentos:<\/p>\n<ol style=\"text-align: justify;\">\n<li>Tarjetas bancarias Visa y MasterCard emitidas en Chile a trav\u00e9s de la empresa \u201cTransbank\u201d. El uso de las tarjetas singularizadas precedentemente, se sujetar\u00e1 a lo establecido en estos T\u00e9rminos y Condiciones y en relaci\u00f3n con su emisor, y a lo pactado en los respectivos Contratos de Apertura y Reglamento de Uso. En caso de contradicci\u00f3n, predominar\u00e1 lo expresado en ese \u00faltimo instrumento.<\/li>\n<li>Tarjetas bancarias de d\u00e9bito. El uso de las tarjetas singularizadas precedentemente, se sujetar\u00e1 a lo establecido en estos T\u00e9rminos y Condiciones y en relaci\u00f3n con su emisor, y a lo pactado en los respectivos Contratos de Apertura y Reglamento de Uso. En caso de contradicci\u00f3n, predominar\u00e1 lo expresado en ese \u00faltimo instrumento.<\/li>\n<\/ol>\n<p style=\"text-align: justify;\">A mayor abundamiento, trat\u00e1ndose de tarjetas bancarias aceptadas en este sitio, los aspectos relativos a \u00e9sta, tales como la fecha de emisi\u00f3n, caducidad, cupo, bloqueos, etc., se regir\u00e1n por el respectivo Contrato de Apertura y Reglamento de Uso, de tal forma que el proveedor no tendr\u00e1 responsabilidad en cualquiera de los aspectos se\u00f1alados.<\/p>\n<p style=\"text-align: justify;\">El proveedor en cada caso podr\u00e1 indicar determinadas condiciones de compra seg\u00fan el medio de pago que se utilice por el usuario.<\/p>\n<p style=\"text-align: justify;\"><strong>Procedimiento de Garant\u00eda Para Productos\u00a0<u>No<\/u>\u00a0Controlados Por la Ley de Control de Armas y Explosivos N\u00b0 17.798 y su reglamento Complementario.<\/strong><\/p>\n<ol style=\"text-align: justify;\">\n<li>Sin perjuicio de que el proveedor excluye la posibilidad de retracto unilateral del contrato de compraventa celebrado por medios electr\u00f3nicos, el consumidor podr\u00e1 solicitar devoluciones o cambios, dentro del territorio de Chile, las que \u201cpodr\u00e1n\u201d ser aceptadas por el proveedor, a fin de obtener plena satisfacci\u00f3n del cliente. Las partes dejan constancia y aceptan que este es un derecho que queda al exclusivo arbitrio del proveedor. En todo caso esta petici\u00f3n solo la podr\u00e1 realizar el consumidor dentro del plazo de 10 d\u00edas h\u00e1biles contados desde la recepci\u00f3n del producto sin que esta haya sido abierto o manipulado, en el caso de los servicios s\u00f3lo se solicitar\u00e1 la devoluci\u00f3n si el proveedor no cumpliese con los plazos establecidos o con la calidad del servicio ofrecido.<\/li>\n<li>Los requisitos para cualquier cambio o devoluci\u00f3n son los siguientes:<br \/>\n<strong>2.1.<\/strong>Para solicitar una garant\u00eda dentro del plazo legal (s\u00f3lo productos en venta) debe solicitarlo dentro de los 3 meses posteriores a la compra del producto, en caso de un vicio o defecto de fabricaci\u00f3n del producto que lo inhabilite para su uso natural;<br \/>\n<strong>2.2.<\/strong>\u00a0El producto debe estar sin uso, con etiquetas, en perfectas condiciones y debe tener los embalajes originales. Debes entregar todos sus accesorios, manuales y p\u00f3lizas de garant\u00eda, si hubieren sido incluidos en el despacho del mismo.<br \/>\n<strong>2.3.<\/strong>\u00a0Cumplidas las condiciones antes establecidas en el caso de cambio de productos s\u00f3lo podr\u00e1 realizarse por el mismo producto o uno de valor igual o superior, en cuyo caso deber\u00e1, previo al cambio pagarse la diferencia de precio si es del caso.<br \/>\n<strong>2.4.<\/strong>\u00a0En los eventos antes descritos, Los gastos de env\u00edos y retiro del producto en caso de devoluci\u00f3n, correr\u00e1n por cuenta del cliente. Por motivos de seguridad, el cliente no podr\u00e1 hacer este despacho o retiro por sus propios medios a menos que el proveedor lo autorice expresamente.<\/li>\n<\/ol>\n<p style=\"text-align: justify;\"><strong>Procedimiento de Garant\u00eda Para Productos Controlados Por la Ley de Control de Armas y Explosivos N\u00b0 17.798 y su reglamento Complementario.<\/strong><\/p>\n<ol style=\"text-align: justify;\">\n<li>Las armas de fuego y\/o sus municiones materia de contratos de compraventa celebrado por medios electr\u00f3nicos y ofrecidos en nuestro sitio web cuentan con una garant\u00eda de un a\u00f1o a contar de su entrega, por conceptos de defectos de fabricaci\u00f3n o fatiga de material. Dado a que los productos controlados son entregados cuando estos se encuentran con una inscripci\u00f3n a nombre del comprador y que esta ha sido autorizada exclusivamente a dicho comprador por la autoridad fiscalizadora correspondiente,\u00a0<strong>No<\/strong>\u00a0se aceptaran devoluciones de productos controlados, pudiendo al exclusivo arbitrio del proveedor y cuando este lo estime apropiado, realizar una compensaci\u00f3n econ\u00f3mica, en aquellos casos en que un t\u00e9cnico armero artificiero contratado por el proveedor emita un informe que confirme la existencia de defectos de fabricaci\u00f3n o fatiga de material que no sean atribuibles a una mala manipulaci\u00f3n realizada por el comprador.<\/li>\n<\/ol>\n<p style=\"text-align: justify;\">En los casos en que sea necesaria la revisi\u00f3n del arma por parte de un armero artificiero el comprador deber\u00e1 entregar el arma junto con la correspondiente gu\u00eda de libre tr\u00e1nsito con una vigencia de al menos 30 d\u00edas,<\/p>\n<p style=\"text-align: justify;\"><strong>Despacho de los Bienes\u00a0<u>No<\/u>\u00a0Controlados Por la Ley de Control de Armas y Explosivos N\u00b0 17.798 y su reglamento Complementario.<\/strong><\/p>\n<ol style=\"text-align: justify;\">\n<li>Los bienes adquiridos a trav\u00e9s de este sitio web se sujetar\u00e1n a las condiciones de despacho y entrega elegidas por el consumidor \u00fanicamente dentro de las opciones que para este efecto le oferte el proveedor en el sitio web.<\/li>\n<li>Toda la informaci\u00f3n relativa al lugar y nombre del despacho es de exclusiva responsabilidad del consumidor.<\/li>\n<li>Los plazos elegidos para el despacho y entrega, se cuentan desde que la empresa oferente haya validado la orden de compra y el medio de pago utilizado, y se consideran d\u00edas h\u00e1biles para estos efectos de lunes a viernes, excluidos los feriados legales.<\/li>\n<li>Los despachos de productos de este sitio s\u00f3lo se realizan dentro del territorio de la Rep\u00fablica de Chile.<\/li>\n<\/ol>\n<p style=\"text-align: justify;\"><strong>\u00a0Despacho de los Bienes Controlados Por la Ley de Control de Armas y Explosivos N\u00b0 17.798 y su reglamento Complementario.<\/strong><\/p>\n<p style=\"text-align: justify;\"><strong>\u00a0<\/strong>Las armas de fuego y\/o sus municiones materia de contratos de compraventa celebrado por medios electr\u00f3nicos y ofrecidos en nuestro sitio web solo pueden ser entregados al comprador previa presentaci\u00f3n de la correspondiente autorizaci\u00f3n de compra emitida a su nombre por la autoridad fiscalizadora competente. Esta autorizaci\u00f3n debe ser presentada en original y dentro de su vigencia.<\/p>\n<p style=\"text-align: justify;\">En los casos en que al comprador le sea imposible realizar el retiro del producto personalmente, este podr\u00e1 otorgar un poder notarial a un tercero para que realice el retiro y traslado del producto. Para dicho efecto deber\u00e1 presentar el poder notarial, la autorizaci\u00f3n de compra vigente, fotocopia del carn\u00e9 de identidad del comprador y fotocopia del padr\u00f3n del arma.<\/p>\n<p style=\"text-align: justify;\">En los casos en que al comprador le sea imposible realizar el retiro del producto personalmente y no pueda dar poder para retirar a un tercero, este podr\u00e1 otorgar un poder notarial a proveedor para que realice a riesgo y costo del comprador, el despacho de los productos por el transporte de su preferencia. Para dicho efecto deber\u00e1 hacer llegar f\u00edsicamente a la oficina del proveedor, el poder notarial en duplicado, la autorizaci\u00f3n de compra vigente, una fotocopia del carn\u00e9 de identidad del comprador y una fotocopia del padr\u00f3n del arma. Una vez realizada la compra y a solicitud del comprador, se le har\u00e1 entrega del borrador del poder notarial se debe otorgar.<\/p>\n<p style=\"text-align: justify;\"><strong>Condiciones especiales para la compraventa de armas de fuego.<\/strong><\/p>\n<p style=\"text-align: justify;\"><strong>\u00a0Las presentes condiciones especiales de contrataci\u00f3n se encuentran sometidas a las disposiciones establecidas por la Ley de Control de Armas y Explosivos N\u00b0 17.798 y su reglamento Complementario.<\/strong><\/p>\n<p style=\"text-align: justify;\"><strong>1. Obligaciones de las partes: <\/strong>Cada parte de este contrato es responsable de cumplir sus respectivas obligaciones: el vendedor, de poner el producto comprado a disposici\u00f3n del comprador; y por parte del comprador, pagar el precio, y recibir el producto.<\/p>\n<p style=\"text-align: justify;\"><strong>1.1.<\/strong>\u00a0El vendedor cumplir\u00e1 con su obligaci\u00f3n, una vez pagada el arma en su totalidad, poniendo a disposici\u00f3n del comprador una Solicitud de Autorizaci\u00f3n de Compra y el Certificado de Asistencia T\u00e9cnica del Banco de Pruebas (CBP*) del arma vendida.<\/p>\n<p style=\"text-align: justify;\"><strong>1.2.<\/strong>\u00a0Una vez recibida la Solicitud de Autorizaci\u00f3n de Compra y el CBP*, el comprador tendr\u00e1 la obligaci\u00f3n de inscribir el arma dentro del plazo de 30 d\u00edas corridos. En caso de retraso por parte del comprador, el vendedor se reserva el derecho de utilizar el CBP* para una nueva venta, debiendo asignar al comprador un nuevo CBP* de alguna de las armas que est\u00e9n disponibles.<\/p>\n<p style=\"text-align: justify;\"><strong>1.3<\/strong>. Ser\u00e1 de exclusiva responsabilidad del comprador efectuar la respectiva inscripci\u00f3n del arma de fuego comprada a su nombre y de obtener la Autorizaci\u00f3n de Compra de parte de la Autoridad Fiscalizadora de Carabineros (AF*). El vendedor no podr\u00e1 hacer entrega material del arma sino una vez presentada la Autorizaci\u00f3n de Compra vigente timbrada por la autoridad competente.<\/p>\n<p style=\"text-align: justify;\"><strong>1.4.<\/strong>\u00a0En los casos en que el comprador no se reciba del producto, no retire el producto dentro del plazo de 30 d\u00edas corridos, o se abandone el producto, el comprador se hace responsable de abonar al vendedor los gastos de almacenaje y custodia que ascienden a 1,5 UF + IVA mensuales, (uno comas cinco unidades de fomento m\u00e1s IVA mensuales).<\/p>\n<p style=\"text-align: justify;\"><strong>2. Proceso de Inscripci\u00f3n de arma: <\/strong>El comprador declara estar en conocimiento de la normativa vigente para el proceso de Inscripci\u00f3n de Armas de Fuego, por lo que no podr\u00e1 excusarse respecto de sus obligaciones, exigencias y requisitos contemplados en la Ley.<\/p>\n<p style=\"text-align: justify;\">Actualmente es requisito previo a la inscripci\u00f3n de un arma que el comprador apruebe un examen psiqui\u00e1trico ante un facultativo autorizado. Adicionalmente, la ley exige a toda persona que desee inscribir un arma de fuego una prueba de acreditaci\u00f3n de conocimientos de armas, ser mayor de edad, tener un certificado de antecedentes fines especiales sin antecedentes, tener domicilio conocido y contar con las medidas de seguridad apropiadas en el domicilio.<\/p>\n<p style=\"text-align: justify;\">La Ley de Control de Armas dispone que la facultad de aceptar acreditaciones, inscripciones y de ordenar la entrega de un arma a su destinatario final, son de exclusiva competencia y responsabilidad de las Autoridades Fiscalizadoras correspondientes al domicilio del comprador.<\/p>\n<p style=\"text-align: justify;\"><strong>3. Prohibici\u00f3n de cesi\u00f3n de contratos.<\/strong>\u00a0El deber de inscribir el arma es de exclusiva responsabilidad de su comprador, siendo \u00e9ste el \u00fanico habilitado para realizar los tr\u00e1mites ante la Autoridad Fiscalizadora. Por la misma raz\u00f3n, este contrato permite \u00fanicamente la compra y entrega de los documentos del arma a qui\u00e9n acepta y firma, no siendo posible la cesi\u00f3n de derechos a terceras personas.<\/p>\n<p style=\"text-align: justify;\"><strong>4. Retiro del arma: <\/strong>Para retirar un arma de fuego se necesita un documento que justifique el traslado. En el caso de las armas nuevas el traslado se har\u00e1 presentando una \u201cAutorizaci\u00f3n de Compra\u201d que tiene una duraci\u00f3n de 10 d\u00edas. En el caso eventual en que este documento haya caducado, el comprador tendr\u00e1 que tramitar una Gu\u00eda de Libre Tr\u00e1nsito para su traslado. Ning\u00fan otro permiso distinto habilita el retiro de las armas.<\/p>\n<p style=\"text-align: justify;\">Si el comprador, una vez inscrita el arma no la retira en un plazo de 30 d\u00edas corridos, corre el riesgo de que \u00e9sta pueda ser remitida a la AF* correspondiente, por concepto de abandono de arma de fuego, siendo de su exclusiva responsabilidad el tramitar su posterior recuperaci\u00f3n.<\/p>\n<p style=\"text-align: justify;\"><strong>5. Rechazo en la inscripci\u00f3n: <\/strong>El comprador declara no tener impedimentos para inscribir un arma de fuego, en consecuencia, asumir\u00e1 todo riesgo o perjuicio que pueda generarse en caso que la Autoridad Fiscalizadora niegue su acreditaci\u00f3n o la inscripci\u00f3n del arma comprada.<\/p>\n<p style=\"text-align: justify;\">En la circunstancia en que el comprador o alguno de sus familiares directos posean antecedentes penales o policiales, la Autoridad Fiscalizadora podr\u00e1 negar la acreditaci\u00f3n o la inscripci\u00f3n de un arma de fuego. Ser\u00e1 siempre de exclusiva responsabilidad del comprador averiguar si existe alg\u00fan tipo de impedimento para la inscripci\u00f3n de armas de fuego.<\/p>\n<p style=\"text-align: justify;\">Reprobar la Prueba de Acreditaci\u00f3n de conocimientos de la ley de Control de armas, el examen psiqui\u00e1trico, o ser rechazado en los tr\u00e1mites de inscripci\u00f3n ante la Autoridad Fiscalizadora son situaciones de exclusiva responsabilidad del comprador, en consecuencia, no constituyen excusas o justificantes para desestimar este contrato o exigir al proveedor el desistimiento de \u00e9l.<\/p>\n<p style=\"text-align: justify;\"><strong>6. Vigencia del contrato:<\/strong>\u00a0La vigencia del contrato de compraventa es de 4 meses contados desde su celebraci\u00f3n, pudiendo las partes extenderlo de mutuo acuerdo pon un plazo no superior a 30 d\u00edas. Si dentro de este plazo el comprador no solicita el CBP*, no inscribe el arma, o no retira el arma estando disponible para su inscripci\u00f3n y entrega, el comprador ser\u00e1 el \u00fanico responsable de los perjuicios que este incumplimiento origine.<\/p>\n<p style=\"text-align: justify;\"><strong>7. Formas de terminar el contrato: <\/strong>Conforme al art\u00edculo 3\u00b0 bis letra b) de Ley 19.496 Sobre Protecci\u00f3n de los Derechos de los Consumidores,\u00a0<strong>URBAN TAC\u00b4S SPA<\/strong><strong>\u00a0<\/strong>declara que el derecho a retracto o arrepentimiento no se aplica a este contrato. En el caso excepcional en que ambas partes estuvieran de acuerdo en dejar sin efecto este contrato, esto ser\u00e1 \u00fanicamente posible cuando el comprador haya agotado todas las instancias de apelaci\u00f3n y reclamaci\u00f3n ante las Autoridades Fiscalizadoras respectivas, y hayan logrado un acuerdo econ\u00f3mico que en ning\u00fan caso podr\u00e1 ser inferior al 75% del valor total del contrato en favor del proveedor.<\/p>\n<p style=\"text-align: justify;\"><strong>8. Reserva y abono de Armas<\/strong>: Para comprar un arma que no se encuentra en plaza, o que se desea importar o reservar, el cliente podr\u00e1 pagar el valor total de ella o realizar un abono parcial. En los casos de productos que no se encuentran f\u00edsicamente dentro de las existencias de la armer\u00eda, pero que el comprador ordena al vendedor traer a pedido, el precio puede sufrir variaci\u00f3n. Si hubiere variaci\u00f3n, esta tendr\u00eda su explicaci\u00f3n en situaciones fuera del control de la armer\u00eda tales como: alzas de impuestos de importaci\u00f3n en Chile, o alzas de precios de exportaci\u00f3n en el pa\u00eds de origen de los productos, entre otros. Por lo mismo, comprador y vendedor acuerdan en poner un l\u00edmite a estas eventualidades, en un alza m\u00e1xima del 20% del precio pactado a cargo del comprador. En caso de que los costos sean superiores, \u00e9stos ser\u00e1n asumidos por la armer\u00eda.<\/p>\n<p style=\"text-align: justify;\"><strong>9. V\u00eda de soluci\u00f3n de conflictos:<\/strong>\u00a0En caso de controversias, las partes acuerdan que previo a recurrir a tribunales intentaran una soluci\u00f3n amigable. Esta instancia ser\u00e1 satisfecha mediante el env\u00edo de un correo electr\u00f3nico exponiendo las circunstancias que originan el conflicto y las soluciones que se pretenden a la siguiente direcci\u00f3n de correo electr\u00f3nico urbantacs@gmail.com. El comprador, se compromete a esperar respuesta, durante el plazo de 30 d\u00edas, antes de iniciar cualquier acci\u00f3n legal.<\/p>\n<p style=\"text-align: justify;\"><strong>10. Competencia de tribunales:<\/strong>\u00a0Para todos los efectos legales, las partes fijan su domicilio en Santiago.<\/p>\n<p style=\"text-align: justify;\"><strong>11. Exenci\u00f3n de responsabilidad:<\/strong>\u00a0El comprador libera y exime de toda responsabilidad a URBAN TAC\u00b4S SPA y a sus representantes legales por todo mal uso con resultado de muerte o lesiones que se haga por parte del comprador o de un tercero, del arma de fuego y\/o municiones objeto de este contrato de compraventa.<\/p>\n<p style=\"text-align: justify;\">Poseer los conocimientos sobre el uso y manipulaci\u00f3n seguro de un arma de fuego y sus municiones es de exclusiva responsabilidad del comprador y este declara en este acto, que acredito poseer dicho conocimiento seguro de manipulaci\u00f3n de armas de fuego y sus municiones ante la autoridad fiscalizadora correspondiente, como requisito para haber obtenido la correspondiente autorizaci\u00f3n de compra e inscripci\u00f3n del arma de fuego y\/o municiones, objeto de este contrato de compraventa.<\/p>\n<p style=\"text-align: justify;\"><strong>12. Aceptaci\u00f3n del comprador:<\/strong>\u00a0El comprador declara que se halla plenamente informado de todo cuanto se relaciona con las condiciones generales y particulares para la compraventa de armas de fuego y las acepta voluntariamente en conformidad.<\/p>\n\n\t\t<\/div>\n\t<\/div>\n<\/div><\/div><\/div><div class=\"wpb_column vc_column_container vc_col-sm-2\"><div class=\"vc_column-inner\"><div class=\"wpb_wrapper\"><\/div><\/div><\/div><\/div>\n<\/div>","protected":false},"excerpt":{"rendered":"Condiciones Generales 1. Para comprar productos en el sitio, es necesario estar registrado. 2. Los contratos de compraventa por medios","protected":false},"author":1,"featured_media":0,"parent":0,"menu_order":0,"comment_status":"closed","ping_status":"closed","template":"","meta":{"footnotes":""},"class_list":["post-32096","page","type-page","status-publish","hentry"],"_links":{"self":[{"href":"https:\/\/urbantacs.cl\/en\/wp-json\/wp\/v2\/pages\/32096","targetHints":{"allow":["GET"]}}],"collection":[{"href":"https:\/\/urbantacs.cl\/en\/wp-json\/wp\/v2\/pages"}],"about":[{"href":"https:\/\/urbantacs.cl\/en\/wp-json\/wp\/v2\/types\/page"}],"author":[{"embeddable":true,"href":"https:\/\/urbantacs.cl\/en\/wp-json\/wp\/v2\/users\/1"}],"replies":[{"embeddable":true,"href":"https:\/\/urbantacs.cl\/en\/wp-json\/wp\/v2\/comments?post=32096"}],"version-history":[{"count":2,"href":"https:\/\/urbantacs.cl\/en\/wp-json\/wp\/v2\/pages\/32096\/revisions"}],"predecessor-version":[{"id":32138,"href":"https:\/\/urbantacs.cl\/en\/wp-json\/wp\/v2\/pages\/32096\/revisions\/32138"}],"wp:attachment":[{"href":"https:\/\/urbantacs.cl\/en\/wp-json\/wp\/v2\/media?parent=32096"}],"curies":[{"name":"wp","href":"https:\/\/api.w.org\/{rel}","templated":true}]}}