{"id":813,"date":"2017-02-09T12:07:12","date_gmt":"2017-02-09T12:07:12","guid":{"rendered":"http:\/\/dummy.xtemos.com\/basel\/vers\/?page_id=813"},"modified":"2021-12-27T11:17:39","modified_gmt":"2021-12-27T14:17:39","slug":"contacto","status":"publish","type":"page","link":"https:\/\/urbantacs.cl\/en\/contacto\/","title":{"rendered":"Contacto"},"content":{"rendered":"<div class=\"wpb-content-wrapper\"><div data-vc-full-width=\"true\" data-vc-full-width-init=\"false\" class=\"vc_row wpb_row vc_row-fluid vc_custom_1451151413064 vc_row-has-fill\"><div class=\"wpb_column vc_column_container vc_col-sm-6\"><div class=\"vc_column-inner vc_custom_1438787474201\"><div class=\"wpb_wrapper\"><div class=\"title-wrapper  basel-title-color-default basel-title-style-bordered basel-title-size-default text-left vc_custom_1639652744492\"><div class=\"liner-continer\"> <span class=\"left-line\"><\/span> <h4 class=\"title\" >D\u00e9janos tu consulta<span class=\"title-separator\"><span><\/span><\/span><\/h4> <span class=\"right-line\"><\/span> <\/div><span class=\"title-after_title\">Y en la brevedad con gusto te responderemos todas tus dudas<\/span><\/div><\/div><\/div><\/div><div class=\"wpb_column vc_column_container vc_col-sm-6\"><div class=\"vc_column-inner vc_custom_1438787483391\"><div class=\"wpb_wrapper\"><div class=\"title-wrapper  basel-title-color-default basel-title-style-bordered basel-title-size-default text-left vc_custom_1639652737037\"><div class=\"liner-continer\"> <span class=\"left-line\"><\/span> <h4 class=\"title\" >Cont\u00e1ctanos<span class=\"title-separator\"><span><\/span><\/span><\/h4> <span class=\"right-line\"><\/span> <\/div><span class=\"title-after_title\">Armer\u00eda Urban Tac's<\/span><\/div><div class=\"vc_row wpb_row vc_inner vc_row-fluid vc_custom_1451151064538\"><div class=\"wpb_column vc_column_container vc_col-sm-12\"><div class=\"vc_column-inner\"><div class=\"wpb_wrapper\">\t\t\t<div class=\"basel-info-box2 text-left icon-alignment-left box-style-base color-scheme-dark\" onclick=\"\">\n\t\t\t\t\t\t\t\t\t<div class=\"box-icon-wrapper\">\n\t\t\t\t\t\t<div class=\"info-box-icon\">\n\t\t\t\t\t\t\t\t\t\t\t\t\t\t\t\t\t\t\t\t\t\t\t\t\t\t<img decoding=\"async\" class=\"info-icon image-1\" src=\"https:\/\/urbantacs.cl\/wp-content\/uploads\/2021\/12\/mapa...-54x54.png\" width=\"54\" height=\"54\" alt=\"mapa...\" title=\"mapa...\" loading=\"lazy\" \/>\t\t\t\t\t\t\t\t\t\t\t\t\t\t<\/div>\n\t\t\t\t\t<\/div>\n\t\t\t\t\t\t\t\t<div class=\"info-box-content\">\n\t\t\t\t\t<div class=\"info-box-inner\">\n\t\t\t\t\t\t<\/p>\n<h4><strong>Direcci\u00f3n<\/strong><\/h4>\n<p>O\u2019Higgins N\u00ba 167, Local 6 (Subsuelo), Edificio Plaza, Puerto Montt<\/p>\n\t\t\t\t\t<\/div>\n\t\t\t\t<\/div>\n\t\t\t<\/div>\n\t\t\t\t\t<div class=\"cursor-pointer basel-info-box2 text-left icon-alignment-left box-style-base color-scheme-dark\" onclick=\"window.open(&#039;mailto:urbantacs@gmail.com&#039;,&#039;_blank&#039;)\">\n\t\t\t\t\t\t\t\t\t<div class=\"box-icon-wrapper\">\n\t\t\t\t\t\t<div class=\"info-box-icon\">\n\t\t\t\t\t\t\t\t\t\t\t\t\t\t\t\t\t\t\t\t\t\t\t\t\t\t<img decoding=\"async\" class=\"info-icon image-1\" src=\"https:\/\/urbantacs.cl\/wp-content\/uploads\/2021\/12\/mail-55x55.png\" width=\"55\" height=\"55\" alt=\"mail\" title=\"mail\" loading=\"lazy\" \/>\t\t\t\t\t\t\t\t\t\t\t\t\t\t<\/div>\n\t\t\t\t\t<\/div>\n\t\t\t\t\t\t\t\t<div class=\"info-box-content\">\n\t\t\t\t\t<div class=\"info-box-inner\">\n\t\t\t\t\t\t<\/p>\n<h4><strong>Correo<\/strong><\/h4>\n<p><a href=\"mailto:urbantacs@gmail.com\"><strong>urbantacs@gmail.com<\/strong><\/a><\/p>\n\t\t\t\t\t<\/div>\n\t\t\t\t<\/div>\n\t\t\t<\/div>\n\t\t\t\t\t<div class=\"cursor-pointer basel-info-box2 text-left icon-alignment-left box-style-base color-scheme-dark\" onclick=\"window.open(&#039;tel:+56995950105&#039;,&#039;_blank&#039;)\">\n\t\t\t\t\t\t\t\t\t<div class=\"box-icon-wrapper\">\n\t\t\t\t\t\t<div class=\"info-box-icon\">\n\t\t\t\t\t\t\t\t\t\t\t\t\t\t\t\t\t\t\t\t\t\t\t\t\t\t<img decoding=\"async\" class=\"info-icon image-1\" src=\"https:\/\/urbantacs.cl\/wp-content\/uploads\/2021\/12\/phone-55x55.png\" width=\"55\" height=\"55\" alt=\"phone\" title=\"phone\" loading=\"lazy\" \/>\t\t\t\t\t\t\t\t\t\t\t\t\t\t<\/div>\n\t\t\t\t\t<\/div>\n\t\t\t\t\t\t\t\t<div class=\"info-box-content\">\n\t\t\t\t\t<div class=\"info-box-inner\">\n\t\t\t\t\t\t<\/p>\n<h4><strong>Tel\u00e9fono<\/strong><\/h4>\n<p>(+56) 9 9595 0105<\/p>\n\t\t\t\t\t<\/div>\n\t\t\t\t<\/div>\n\t\t\t<\/div>\n\t\t\t\t\t<div class=\"cursor-pointer basel-info-box2 text-left icon-alignment-left box-style-base color-scheme-dark\" onclick=\"window.open(&#039;tel:+56981958708&#039;,&#039;_blank&#039;)\">\n\t\t\t\t\t\t\t\t\t<div class=\"box-icon-wrapper\">\n\t\t\t\t\t\t<div class=\"info-box-icon\">\n\t\t\t\t\t\t\t\t\t\t\t\t\t\t\t\t\t\t\t\t\t\t\t\t\t\t<img decoding=\"async\" class=\"info-icon image-1\" src=\"https:\/\/urbantacs.cl\/wp-content\/uploads\/2021\/12\/phone-55x55.png\" width=\"55\" height=\"55\" alt=\"phone\" title=\"phone\" loading=\"lazy\" \/>\t\t\t\t\t\t\t\t\t\t\t\t\t\t<\/div>\n\t\t\t\t\t<\/div>\n\t\t\t\t\t\t\t\t<div class=\"info-box-content\">\n\t\t\t\t\t<div class=\"info-box-inner\">\n\t\t\t\t\t\t<\/p>\n<h4><strong>Tel\u00e9fono<\/strong><\/h4>\n<p>(+56) 9 81958708<\/p>\n\t\t\t\t\t<\/div>\n\t\t\t\t<\/div>\n\t\t\t<\/div>\n\t\t\t\t\t<div class=\"cursor-pointer basel-info-box2 text-left icon-alignment-left box-style-base color-scheme-dark\" onclick=\"window.open(&#039;https:\/\/wa.me\/56995950105&#039;,&#039;_blank&#039;)\">\n\t\t\t\t\t\t\t\t\t<div class=\"box-icon-wrapper\">\n\t\t\t\t\t\t<div class=\"info-box-icon\">\n\t\t\t\t\t\t\t\t\t\t\t\t\t\t\t\t\t\t\t\t\t\t\t\t\t\t<img decoding=\"async\" class=\"info-icon image-1\" src=\"https:\/\/urbantacs.cl\/wp-content\/uploads\/2021\/12\/whatsapp-52x52.png\" width=\"52\" height=\"52\" alt=\"whatsapp\" title=\"whatsapp\" loading=\"lazy\" \/>\t\t\t\t\t\t\t\t\t\t\t\t\t\t<\/div>\n\t\t\t\t\t<\/div>\n\t\t\t\t\t\t\t\t<div class=\"info-box-content\">\n\t\t\t\t\t<div class=\"info-box-inner\">\n\t\t\t\t\t\t<\/p>\n<h4><strong>WhatsApp<\/strong><\/h4>\n<p>(+56) 9 9595 0105<\/p>\n\t\t\t\t\t<\/div>\n\t\t\t\t<\/div>\n\t\t\t<\/div>\n\t\t\t\t\t<div class=\"cursor-pointer basel-info-box2 text-left icon-alignment-left box-style-base color-scheme-dark\" onclick=\"window.open(&#039;https:\/\/www.instagram.com\/armeria.urban_tacs\/&#039;,&#039;_blank&#039;)\">\n\t\t\t\t\t\t\t\t\t<div class=\"box-icon-wrapper\">\n\t\t\t\t\t\t<div class=\"info-box-icon\">\n\t\t\t\t\t\t\t\t\t\t\t\t\t\t\t\t\t\t\t\t\t\t\t\t\t\t<img decoding=\"async\" class=\"info-icon image-1\" src=\"https:\/\/urbantacs.cl\/wp-content\/uploads\/2021\/12\/instagram-52x52.png\" width=\"52\" height=\"52\" alt=\"instagram\" title=\"instagram\" loading=\"lazy\" \/>\t\t\t\t\t\t\t\t\t\t\t\t\t\t<\/div>\n\t\t\t\t\t<\/div>\n\t\t\t\t\t\t\t\t<div class=\"info-box-content\">\n\t\t\t\t\t<div class=\"info-box-inner\">\n\t\t\t\t\t\t<\/p>\n<h4><strong>Instagram<\/strong><\/h4>\n<p>@armeria.urban_tacs<\/p>\n\t\t\t\t\t<\/div>\n\t\t\t\t<\/div>\n\t\t\t<\/div>\n\t\t<\/div><\/div><\/div><\/div><\/div><\/div><\/div><\/div><div class=\"vc_row-full-width vc_clearfix\"><\/div>\n<\/div>","protected":false},"excerpt":{"rendered":"D\u00e9janos tu consulta Y en la brevedad con gusto te responderemos todas tus dudas Cont\u00e1ctanos Armer\u00eda Urban Tac's Direcci\u00f3n O\u2019Higgins","protected":false},"author":1,"featured_media":0,"parent":0,"menu_order":0,"comment_status":"closed","ping_status":"closed","template":"","meta":{"footnotes":""},"class_list":["post-813","page","type-page","status-publish","hentry"],"_links":{"self":[{"href":"https:\/\/urbantacs.cl\/en\/wp-json\/wp\/v2\/pages\/813","targetHints":{"allow":["GET"]}}],"collection":[{"href":"https:\/\/urbantacs.cl\/en\/wp-json\/wp\/v2\/pages"}],"about":[{"href":"https:\/\/urbantacs.cl\/en\/wp-json\/wp\/v2\/types\/page"}],"author":[{"embeddable":true,"href":"https:\/\/urbantacs.cl\/en\/wp-json\/wp\/v2\/users\/1"}],"replies":[{"embeddable":true,"href":"https:\/\/urbantacs.cl\/en\/wp-json\/wp\/v2\/comments?post=813"}],"version-history":[{"count":4,"href":"https:\/\/urbantacs.cl\/en\/wp-json\/wp\/v2\/pages\/813\/revisions"}],"predecessor-version":[{"id":32093,"href":"https:\/\/urbantacs.cl\/en\/wp-json\/wp\/v2\/pages\/813\/revisions\/32093"}],"wp:attachment":[{"href":"https:\/\/urbantacs.cl\/en\/wp-json\/wp\/v2\/media?parent=813"}],"curies":[{"name":"wp","href":"https:\/\/api.w.org\/{rel}","templated":true}]}}