{"id":32145,"date":"2021-12-31T13:59:51","date_gmt":"2021-12-31T16:59:51","guid":{"rendered":"https:\/\/urbantacs.cl\/?post_type=product&#038;p=32145"},"modified":"2026-02-23T10:34:12","modified_gmt":"2026-02-23T13:34:12","slug":"funda-universal-mega-fit-compacta","status":"publish","type":"product","link":"https:\/\/urbantacs.cl\/en\/product\/funda-universal-mega-fit-compacta\/","title":{"rendered":"Funda Cytac Universal Mega-Fit Compacta"},"content":{"rendered":"<p>Cytac Mega-Fit Compact esta dise\u00f1ada para adaptarse a la mayor\u00eda de pistolas compactas y subcompactas. La rotaci\u00f3n de 360\u00ba y la opci\u00f3n de 9 formas diferentes de transporte hacen un ajuste perfecto en cada aplicaci\u00f3n.<\/p>\n<p>Modelos de pistolas probados:<\/p>\n<p>-Glock &#8211;\u00a0 G27, G26, G42, G43<\/p>\n<p>-Sig Sauer &#8211; P365, P238, P938<\/p>\n<p>-Smith &amp; Wesson &#8211; MP sHIELD 9mm \/ 40\/45, bODYGUARD .380 con o sin laser integrado CTC, M&amp;P Shield EZ 9mm \/ .380<\/p>\n<p>-Sprinfield Armony &#8211; Hellcat<\/p>\n<p>-Ruger &#8211; LC-380, LCPII<\/p>\n<p>-Taurus &#8211; G2C, PT709<\/p>\n<p>-Se est\u00e1n probando otros modelos<\/p>\n<p>&nbsp;<\/p>","protected":false},"excerpt":{"rendered":"<p>Funda ajustable para adaptarse a pistolas compactas o subcompactas<\/p>\n<p>&nbsp;<\/p>","protected":false},"featured_media":32146,"comment_status":"open","ping_status":"closed","template":"","meta":[],"product_brand":[],"product_cat":[43],"product_tag":[],"class_list":{"0":"post-32145","1":"product","2":"type-product","3":"status-publish","4":"has-post-thumbnail","6":"product_cat-accesorios","8":"first","9":"instock","10":"shipping-taxable","11":"purchasable","12":"product-type-simple"},"_links":{"self":[{"href":"https:\/\/urbantacs.cl\/en\/wp-json\/wp\/v2\/product\/32145","targetHints":{"allow":["GET"]}}],"collection":[{"href":"https:\/\/urbantacs.cl\/en\/wp-json\/wp\/v2\/product"}],"about":[{"href":"https:\/\/urbantacs.cl\/en\/wp-json\/wp\/v2\/types\/product"}],"replies":[{"embeddable":true,"href":"https:\/\/urbantacs.cl\/en\/wp-json\/wp\/v2\/comments?post=32145"}],"wp:featuredmedia":[{"embeddable":true,"href":"https:\/\/urbantacs.cl\/en\/wp-json\/wp\/v2\/media\/32146"}],"wp:attachment":[{"href":"https:\/\/urbantacs.cl\/en\/wp-json\/wp\/v2\/media?parent=32145"}],"wp:term":[{"taxonomy":"product_brand","embeddable":true,"href":"https:\/\/urbantacs.cl\/en\/wp-json\/wp\/v2\/product_brand?post=32145"},{"taxonomy":"product_cat","embeddable":true,"href":"https:\/\/urbantacs.cl\/en\/wp-json\/wp\/v2\/product_cat?post=32145"},{"taxonomy":"product_tag","embeddable":true,"href":"https:\/\/urbantacs.cl\/en\/wp-json\/wp\/v2\/product_tag?post=32145"}],"curies":[{"name":"wp","href":"https:\/\/api.w.org\/{rel}","templated":true}]}}