{"id":32158,"date":"2021-12-31T16:25:29","date_gmt":"2021-12-31T19:25:29","guid":{"rendered":"https:\/\/urbantacs.cl\/?post_type=product&#038;p=32158"},"modified":"2026-02-14T23:08:42","modified_gmt":"2026-02-15T02:08:42","slug":"pistola-taurus-modelo-g2c-9mm","status":"publish","type":"product","link":"https:\/\/urbantacs.cl\/en\/product\/pistola-taurus-modelo-g2c-9mm\/","title":{"rendered":"Pistola Taurus Modelo G3C 9mm"},"content":{"rendered":"<p>MARCA:\u00a0<strong>TAURUS<\/strong>\u00a0MODELO:\u00a0<strong>G3C\u00a0\u00a0<\/strong><\/p>\n<ul>\n<li>Calibre 9 mm<\/li>\n<li>Capacidad 12 + 1<\/li>\n<li>Striker Fire Action<\/li>\n<li>Largo total 160mm<\/li>\n<li>Altura TOTAL 129mm<\/li>\n<li>Ancho 32mm<\/li>\n<li>Miras ajustables<\/li>\n<li>bloqueo de martillo<\/li>\n<li>Indicador de munici\u00f3n en la rec\u00e1mara Bloqueo manual<\/li>\n<li>bloqueo del gatillo<\/li>\n<li>Riel Picatinny \/ MIL-STD-1913<\/li>\n<li>Peso: 610g<\/li>\n<li>Acci\u00f3n simple y acci\u00f3n doble;<\/li>\n<li>Color Negro<\/li>\n<\/ul>","protected":false},"excerpt":{"rendered":"<p>Compacto, ergon\u00f3mico, ligero y listo para usar. Con un peso aproximado de 600 gramos, armaz\u00f3n de pol\u00edmero de alta resistencia, tama\u00f1o compacto, perfil delgado y ca\u00f1\u00f3n con rampa de 3,25 pulgadas.\u00a0Acci\u00f3n simple. Miras delanteras fijas de puntos blancos.\u00a0Miras traseras ajustables de punto blanco.\u00a0Carril Picatinny<\/p>\n<p>&nbsp;<\/p>\n<p><strong>Este producto est\u00e1 controlado por la ley y no se puede agregar al carro de compras.<\/strong><br \/>\n<strong>Para adquirir este producto, usted debe\u00a0<a href=\"https:\/\/www.target.cl\/index.php?main_page=contact_us&amp;pid=1990&amp;to=1\">contactarnos<\/a>\u00a0para formalizar el proceso.<\/strong><\/p>","protected":false},"featured_media":32159,"comment_status":"open","ping_status":"closed","template":"","meta":[],"product_brand":[],"product_cat":[47,45,54],"product_tag":[],"class_list":{"0":"post-32158","1":"product","2":"type-product","3":"status-publish","4":"has-post-thumbnail","6":"product_cat-armas-cortas","7":"product_cat-pistolas","8":"product_cat-taurus","10":"first","11":"instock","12":"featured","13":"shipping-taxable","14":"purchasable","15":"product-type-simple"},"_links":{"self":[{"href":"https:\/\/urbantacs.cl\/en\/wp-json\/wp\/v2\/product\/32158","targetHints":{"allow":["GET"]}}],"collection":[{"href":"https:\/\/urbantacs.cl\/en\/wp-json\/wp\/v2\/product"}],"about":[{"href":"https:\/\/urbantacs.cl\/en\/wp-json\/wp\/v2\/types\/product"}],"replies":[{"embeddable":true,"href":"https:\/\/urbantacs.cl\/en\/wp-json\/wp\/v2\/comments?post=32158"}],"wp:featuredmedia":[{"embeddable":true,"href":"https:\/\/urbantacs.cl\/en\/wp-json\/wp\/v2\/media\/32159"}],"wp:attachment":[{"href":"https:\/\/urbantacs.cl\/en\/wp-json\/wp\/v2\/media?parent=32158"}],"wp:term":[{"taxonomy":"product_brand","embeddable":true,"href":"https:\/\/urbantacs.cl\/en\/wp-json\/wp\/v2\/product_brand?post=32158"},{"taxonomy":"product_cat","embeddable":true,"href":"https:\/\/urbantacs.cl\/en\/wp-json\/wp\/v2\/product_cat?post=32158"},{"taxonomy":"product_tag","embeddable":true,"href":"https:\/\/urbantacs.cl\/en\/wp-json\/wp\/v2\/product_tag?post=32158"}],"curies":[{"name":"wp","href":"https:\/\/api.w.org\/{rel}","templated":true}]}}