{"id":32170,"date":"2021-12-31T17:33:38","date_gmt":"2021-12-31T20:33:38","guid":{"rendered":"https:\/\/urbantacs.cl\/?post_type=product&#038;p=32170"},"modified":"2026-02-23T10:12:57","modified_gmt":"2026-02-23T13:12:57","slug":"kits-de-limpieza-de-bolsillo","status":"publish","type":"product","link":"https:\/\/urbantacs.cl\/en\/product\/kits-de-limpieza-de-bolsillo\/","title":{"rendered":"Kits de Limpieza de Bolsillo CAL .22 Arma Corta"},"content":{"rendered":"<p>Con el Kit de limpieza de bolsillo de 7 piezas, todo tirador puede hacer el trabajo de limpieza de pistola en casa, en el campo o en cualquier lugar.<\/p>\n<p>Encaja con pistolas pistolas Cal. 22, pistolas Cal 38, Cal 9mm, pistolas Cal 40 y pistolas Cal 45<\/p>","protected":false},"excerpt":{"rendered":"<p>Los cepillos de pistola son una herramienta pr\u00e1ctica b\u00e1sica para limpieza de pistola.<\/p>\n<p>La empu\u00f1adura de pol\u00edmero duradero esta dise\u00f1ada para almacenar todos los cepillos y varillas.<\/p>\n<p>El mango con acabado antideslizante proporciona un agarre c\u00f3modo.<\/p>\n<p>Varillas de bronce premium y ejes de cepillo<\/p>\n<p>&nbsp;<\/p>","protected":false},"featured_media":32171,"comment_status":"open","ping_status":"closed","template":"","meta":[],"product_brand":[],"product_cat":[43],"product_tag":[],"class_list":{"0":"post-32170","1":"product","2":"type-product","3":"status-publish","4":"has-post-thumbnail","6":"product_cat-accesorios","8":"first","9":"instock","10":"sale","11":"shipping-taxable","12":"purchasable","13":"product-type-simple"},"_links":{"self":[{"href":"https:\/\/urbantacs.cl\/en\/wp-json\/wp\/v2\/product\/32170","targetHints":{"allow":["GET"]}}],"collection":[{"href":"https:\/\/urbantacs.cl\/en\/wp-json\/wp\/v2\/product"}],"about":[{"href":"https:\/\/urbantacs.cl\/en\/wp-json\/wp\/v2\/types\/product"}],"replies":[{"embeddable":true,"href":"https:\/\/urbantacs.cl\/en\/wp-json\/wp\/v2\/comments?post=32170"}],"wp:featuredmedia":[{"embeddable":true,"href":"https:\/\/urbantacs.cl\/en\/wp-json\/wp\/v2\/media\/32171"}],"wp:attachment":[{"href":"https:\/\/urbantacs.cl\/en\/wp-json\/wp\/v2\/media?parent=32170"}],"wp:term":[{"taxonomy":"product_brand","embeddable":true,"href":"https:\/\/urbantacs.cl\/en\/wp-json\/wp\/v2\/product_brand?post=32170"},{"taxonomy":"product_cat","embeddable":true,"href":"https:\/\/urbantacs.cl\/en\/wp-json\/wp\/v2\/product_cat?post=32170"},{"taxonomy":"product_tag","embeddable":true,"href":"https:\/\/urbantacs.cl\/en\/wp-json\/wp\/v2\/product_tag?post=32170"}],"curies":[{"name":"wp","href":"https:\/\/api.w.org\/{rel}","templated":true}]}}