{"id":32186,"date":"2021-12-31T20:24:10","date_gmt":"2021-12-31T23:24:10","guid":{"rendered":"https:\/\/urbantacs.cl\/?post_type=product&#038;p=32186"},"modified":"2023-07-24T11:54:30","modified_gmt":"2023-07-24T15:54:30","slug":"linterna-tactica-led-recargable","status":"publish","type":"product","link":"https:\/\/urbantacs.cl\/en\/product\/linterna-tactica-led-recargable\/","title":{"rendered":"Linterna Tactica, Led Recargable"},"content":{"rendered":"","protected":false},"excerpt":{"rendered":"<p>Linterna T\u00e1ctica de 5.000 l\u00famenes, construida en aleaci\u00f3n de aluminio, rango de luz de 200 mts. efectivos, Luz Led XMLT-6, waterproof (IP-65), con bater\u00eda recargable de litio. color negro.<\/p>","protected":false},"featured_media":32191,"comment_status":"open","ping_status":"closed","template":"","meta":[],"product_brand":[],"product_cat":[36,37,43],"product_tag":[],"class_list":{"0":"post-32186","1":"product","2":"type-product","3":"status-publish","4":"has-post-thumbnail","6":"product_cat-caza","7":"product_cat-pesca","8":"product_cat-accesorios","10":"first","11":"outofstock","12":"sale","13":"shipping-taxable","14":"purchasable","15":"product-type-simple"},"_links":{"self":[{"href":"https:\/\/urbantacs.cl\/en\/wp-json\/wp\/v2\/product\/32186","targetHints":{"allow":["GET"]}}],"collection":[{"href":"https:\/\/urbantacs.cl\/en\/wp-json\/wp\/v2\/product"}],"about":[{"href":"https:\/\/urbantacs.cl\/en\/wp-json\/wp\/v2\/types\/product"}],"replies":[{"embeddable":true,"href":"https:\/\/urbantacs.cl\/en\/wp-json\/wp\/v2\/comments?post=32186"}],"wp:featuredmedia":[{"embeddable":true,"href":"https:\/\/urbantacs.cl\/en\/wp-json\/wp\/v2\/media\/32191"}],"wp:attachment":[{"href":"https:\/\/urbantacs.cl\/en\/wp-json\/wp\/v2\/media?parent=32186"}],"wp:term":[{"taxonomy":"product_brand","embeddable":true,"href":"https:\/\/urbantacs.cl\/en\/wp-json\/wp\/v2\/product_brand?post=32186"},{"taxonomy":"product_cat","embeddable":true,"href":"https:\/\/urbantacs.cl\/en\/wp-json\/wp\/v2\/product_cat?post=32186"},{"taxonomy":"product_tag","embeddable":true,"href":"https:\/\/urbantacs.cl\/en\/wp-json\/wp\/v2\/product_tag?post=32186"}],"curies":[{"name":"wp","href":"https:\/\/api.w.org\/{rel}","templated":true}]}}