{"id":32192,"date":"2021-12-31T20:47:17","date_gmt":"2021-12-31T23:47:17","guid":{"rendered":"https:\/\/urbantacs.cl\/?post_type=product&#038;p=32192"},"modified":"2026-02-20T13:45:34","modified_gmt":"2026-02-20T16:45:34","slug":"funda-para-pistola-glock-17-gen-3-4-y-5","status":"publish","type":"product","link":"https:\/\/urbantacs.cl\/en\/product\/funda-para-pistola-glock-17-gen-3-4-y-5\/","title":{"rendered":"Funda para Pistola Glock 17 Gen 3, 4 y 5"},"content":{"rendered":"<p>R- Defender Holster Marca Cytac, fabricada en pol\u00edmero de grado militar, se adapta a Glock 17, color negro.<\/p>\n<p>La funda permite una extracci\u00f3n natural y suave, sujetando la pistola de forma natural y presionando ligeramente el bot\u00f3n de liberaci\u00f3n del dedo indice. Tiene 7 opciones de montaje.<\/p>\n<p>Disponible para diestros y zurdos.<\/p>","protected":false},"excerpt":{"rendered":"<p>R- Defender Holster Marca Cytac, fabricada en pol\u00edmero de grado militar, se adapta a Glock 17, color negro. La funda<\/p>","protected":false},"featured_media":32198,"comment_status":"open","ping_status":"closed","template":"","meta":[],"product_brand":[],"product_cat":[45,43],"product_tag":[],"class_list":{"0":"post-32192","1":"product","2":"type-product","3":"status-publish","4":"has-post-thumbnail","6":"product_cat-pistolas","7":"product_cat-accesorios","9":"first","10":"instock","11":"shipping-taxable","12":"purchasable","13":"product-type-simple"},"_links":{"self":[{"href":"https:\/\/urbantacs.cl\/en\/wp-json\/wp\/v2\/product\/32192","targetHints":{"allow":["GET"]}}],"collection":[{"href":"https:\/\/urbantacs.cl\/en\/wp-json\/wp\/v2\/product"}],"about":[{"href":"https:\/\/urbantacs.cl\/en\/wp-json\/wp\/v2\/types\/product"}],"replies":[{"embeddable":true,"href":"https:\/\/urbantacs.cl\/en\/wp-json\/wp\/v2\/comments?post=32192"}],"wp:featuredmedia":[{"embeddable":true,"href":"https:\/\/urbantacs.cl\/en\/wp-json\/wp\/v2\/media\/32198"}],"wp:attachment":[{"href":"https:\/\/urbantacs.cl\/en\/wp-json\/wp\/v2\/media?parent=32192"}],"wp:term":[{"taxonomy":"product_brand","embeddable":true,"href":"https:\/\/urbantacs.cl\/en\/wp-json\/wp\/v2\/product_brand?post=32192"},{"taxonomy":"product_cat","embeddable":true,"href":"https:\/\/urbantacs.cl\/en\/wp-json\/wp\/v2\/product_cat?post=32192"},{"taxonomy":"product_tag","embeddable":true,"href":"https:\/\/urbantacs.cl\/en\/wp-json\/wp\/v2\/product_tag?post=32192"}],"curies":[{"name":"wp","href":"https:\/\/api.w.org\/{rel}","templated":true}]}}