{"id":32201,"date":"2021-12-31T20:58:00","date_gmt":"2021-12-31T23:58:00","guid":{"rendered":"https:\/\/urbantacs.cl\/?post_type=product&#038;p=32201"},"modified":"2026-02-20T13:13:08","modified_gmt":"2026-02-20T16:13:08","slug":"funda-para-pistola-jericho","status":"publish","type":"product","link":"https:\/\/urbantacs.cl\/en\/product\/funda-para-pistola-jericho\/","title":{"rendered":"Funda Interna para Pistola Jericho"},"content":{"rendered":"<p>Funda para pistola Jericho construido en pol\u00edmero de alta tecnolog\u00eda de grado militar, clip de metal fuerte, c\u00f3modo y ocultable para el transporte diario.<\/p>\n<p>F\u00e1cil de acceder y sacar su pistola sin impedimentos, se ajusta perfectamente a cada arma de fuego especifica.<\/p>","protected":false},"excerpt":{"rendered":"<p>Funda para pistola Jericho construido en pol\u00edmero de alta tecnolog\u00eda de grado militar, clip de metal fuerte, c\u00f3modo y ocultable<\/p>","protected":false},"featured_media":32202,"comment_status":"open","ping_status":"closed","template":"","meta":[],"product_brand":[],"product_cat":[43],"product_tag":[],"class_list":{"0":"post-32201","1":"product","2":"type-product","3":"status-publish","4":"has-post-thumbnail","6":"product_cat-accesorios","8":"first","9":"outofstock","10":"shipping-taxable","11":"purchasable","12":"product-type-simple"},"_links":{"self":[{"href":"https:\/\/urbantacs.cl\/en\/wp-json\/wp\/v2\/product\/32201","targetHints":{"allow":["GET"]}}],"collection":[{"href":"https:\/\/urbantacs.cl\/en\/wp-json\/wp\/v2\/product"}],"about":[{"href":"https:\/\/urbantacs.cl\/en\/wp-json\/wp\/v2\/types\/product"}],"replies":[{"embeddable":true,"href":"https:\/\/urbantacs.cl\/en\/wp-json\/wp\/v2\/comments?post=32201"}],"wp:featuredmedia":[{"embeddable":true,"href":"https:\/\/urbantacs.cl\/en\/wp-json\/wp\/v2\/media\/32202"}],"wp:attachment":[{"href":"https:\/\/urbantacs.cl\/en\/wp-json\/wp\/v2\/media?parent=32201"}],"wp:term":[{"taxonomy":"product_brand","embeddable":true,"href":"https:\/\/urbantacs.cl\/en\/wp-json\/wp\/v2\/product_brand?post=32201"},{"taxonomy":"product_cat","embeddable":true,"href":"https:\/\/urbantacs.cl\/en\/wp-json\/wp\/v2\/product_cat?post=32201"},{"taxonomy":"product_tag","embeddable":true,"href":"https:\/\/urbantacs.cl\/en\/wp-json\/wp\/v2\/product_tag?post=32201"}],"curies":[{"name":"wp","href":"https:\/\/api.w.org\/{rel}","templated":true}]}}