{"id":32208,"date":"2022-01-02T00:08:13","date_gmt":"2022-01-02T03:08:13","guid":{"rendered":"https:\/\/urbantacs.cl\/?post_type=product&#038;p=32208"},"modified":"2026-03-17T15:41:26","modified_gmt":"2026-03-17T18:41:26","slug":"pistola-glock-19-gen-5-para-reserva","status":"publish","type":"product","link":"https:\/\/urbantacs.cl\/en\/product\/pistola-glock-19-gen-5-para-reserva\/","title":{"rendered":"Pistola Glock 19 Gen 5 (Venta con Reserva)"},"content":{"rendered":"<p>La GLOCK 19 Gen5 presenta la \u00faltima tecnolog\u00eda e ingenier\u00eda que impulsa la b\u00fasqueda constante de la perfecci\u00f3n de GLOCK. La G19 Gen5 cuenta con m\u00e1s de 20 modificaciones de dise\u00f1o de su predecesor Gen4, incluyendo el nuevo ca\u00f1\u00f3n GLOCK Marksman Barrel, un acabado nDLC, palancas de bloqueo de retenida corredera ambidiestro, un agarre sin ranuras para los dedos y un brocal atolvado del cargador (Magwell), todo envuelto en un paquete perfecto para llevar oculta o usar como arma de respaldo. Estos cambios ofrecen mayor precisi\u00f3n, durabilidad, rendimiento, control y flexibilidad en situaciones de bajo estr\u00e9s y alta tensi\u00f3n. Nuevo acabado exterior m\u00e1s resistente.<\/p>","protected":false},"excerpt":{"rendered":"<p>Pistola Glock compacta de gran prestigio Calibre 9MM, 15 tiros, dos cargadores, sistema safe de seguridad, Ca\u00f1on de 4&#8243;\/10cm, pesa 610g vacia y 855g cargada<\/p>\n<p>&nbsp;<\/p>\n<p><strong>Este producto est\u00e1 controlado por la ley y no se puede agregar al carro de compras.<\/strong><br \/>\n<strong>Para adquirir este producto, usted debe\u00a0<a href=\"https:\/\/www.target.cl\/index.php?main_page=contact_us&amp;pid=1990&amp;to=1\">contactarnos<\/a>\u00a0para formalizar el proceso.<\/strong><\/p>","protected":false},"featured_media":32209,"comment_status":"open","ping_status":"closed","template":"","meta":[],"product_brand":[],"product_cat":[47,52],"product_tag":[],"class_list":{"0":"post-32208","1":"product","2":"type-product","3":"status-publish","4":"has-post-thumbnail","6":"product_cat-armas-cortas","7":"product_cat-glock","9":"first","10":"onbackorder","11":"shipping-taxable","12":"purchasable","13":"product-type-simple"},"_links":{"self":[{"href":"https:\/\/urbantacs.cl\/en\/wp-json\/wp\/v2\/product\/32208","targetHints":{"allow":["GET"]}}],"collection":[{"href":"https:\/\/urbantacs.cl\/en\/wp-json\/wp\/v2\/product"}],"about":[{"href":"https:\/\/urbantacs.cl\/en\/wp-json\/wp\/v2\/types\/product"}],"replies":[{"embeddable":true,"href":"https:\/\/urbantacs.cl\/en\/wp-json\/wp\/v2\/comments?post=32208"}],"wp:featuredmedia":[{"embeddable":true,"href":"https:\/\/urbantacs.cl\/en\/wp-json\/wp\/v2\/media\/32209"}],"wp:attachment":[{"href":"https:\/\/urbantacs.cl\/en\/wp-json\/wp\/v2\/media?parent=32208"}],"wp:term":[{"taxonomy":"product_brand","embeddable":true,"href":"https:\/\/urbantacs.cl\/en\/wp-json\/wp\/v2\/product_brand?post=32208"},{"taxonomy":"product_cat","embeddable":true,"href":"https:\/\/urbantacs.cl\/en\/wp-json\/wp\/v2\/product_cat?post=32208"},{"taxonomy":"product_tag","embeddable":true,"href":"https:\/\/urbantacs.cl\/en\/wp-json\/wp\/v2\/product_tag?post=32208"}],"curies":[{"name":"wp","href":"https:\/\/api.w.org\/{rel}","templated":true}]}}