{"id":32215,"date":"2022-01-02T00:44:50","date_gmt":"2022-01-02T03:44:50","guid":{"rendered":"https:\/\/urbantacs.cl\/?post_type=product&#038;p=32215"},"modified":"2024-04-29T23:42:37","modified_gmt":"2024-04-30T03:42:37","slug":"pistola-glock-17-gen-5-venta-con-reserva","status":"publish","type":"product","link":"https:\/\/urbantacs.cl\/en\/product\/pistola-glock-17-gen-5-venta-con-reserva\/","title":{"rendered":"Pistola Glock 17 Gen 5 (Venta con Reserva)"},"content":{"rendered":"<p><b>Caracter\u00edsticas:<\/b><\/p>\n<ol>\n<li>Longitud total: 20,2 cm<\/li>\n<li>Longitud del ca\u00f1\u00f3n: 18,6 cm<\/li>\n<li>\u00c1ngulo total: 3,4 cm<\/li>\n<li>Ancla de ca\u00f1\u00f3n: 2,55 cm<\/li>\n<li>Altura incluido Mag 13,9 cm<\/li>\n<li>L\u00ednea de visi\u00f3n (pol\u00edmero): 16,4 cm &#8211; L\u00ednea de visi\u00f3n (acer): 16,3 cm &#8211; L\u00ednea de visi\u00f3n (GNS): 16,2 cm<\/li>\n<li>Distancia de disparo: 7 cm<\/li>\n<li>Capacidad: 17 + 1<\/li>\n<li>Peso: 711 g.<\/li>\n<\/ol>\n<p><b>Caracter\u00edsticas\u00a0t\u00e9cnicas:<\/b><\/p>\n<ol>\n<li><b>Nuevo ca\u00f1\u00f3n GLOCK Marksman Barrel (GMB)<\/b>\u00a0que utiliza una nueva ranura para mejorar la precisi\u00f3n del arma.<\/li>\n<li><b>Agarre recto (sin intersecciones interdigitales)<\/b>\u00a0para un agarre m\u00e1s c\u00f3modo y adaptable para cada tirador.<\/li>\n<li><b>El mango de bloqueo deslizante ambidiestro<\/b>\u00a0para ofrecer mayor flexibilidad, adaptaci\u00f3n a cualquier agarre y mejor control.<\/li>\n<li><b>Terminaci\u00f3n deslizante en \u201cnDLC\u201d,<\/b>\u00a0acabado exclusivo GLOCK, m\u00e1s resistente y duradero.<\/li>\n<li><b>Mag-well ensanchamiento de la boca del cargador<\/b>\u00a0para facilitar la introducci\u00f3n de los cargadores.<\/li>\n<\/ol>\n<p>&nbsp;<\/p>\n<p><strong>Este producto est\u00e1 controlado por la ley y no se puede agregar al carro de compras.<\/strong><br \/>\n<strong>Para adquirir este producto, usted debe\u00a0<a href=\"https:\/\/www.target.cl\/index.php?main_page=contact_us&amp;pid=1990&amp;to=1\">contactarnos<\/a>\u00a0para formalizar el proceso.<\/strong><\/p>","protected":false},"excerpt":{"rendered":"<p><b>Pistola Glock 17 5ta generaci\u00f3n.<\/b><\/p>\n<p style=\"text-align: justify;\">La nueva <b>pistola Glock Gen 5<\/b> es una combinaci\u00f3n perfecta de tecnolog\u00eda futurista, dise\u00f1o avanzado y confiabilidad reconocida de GLOCK, mejorando la durabilidad, precisi\u00f3n y rendimiento de las armas. En el dise\u00f1o de los nuevos modelos G5 hay 5 modificaciones clave.\u00a0Gen5 elimina las ranuras de los dedos para una mayor versatilidad, el mango de tope deslizante reversible y el mango de tope deslizante ambidiestro lo hacen ideal para tiradores diestros y zurdos.\u00a0El rayado y la corona del ca\u00f1\u00f3n se modificaron ligeramente para una mayor precisi\u00f3n.<\/p>\n<p>&nbsp;<\/p>\n<p><strong>Este producto est\u00e1 controlado por la ley y no se puede agregar al carro de compras.<\/strong><br \/>\n<strong>Para adquirir este producto, usted debe\u00a0<a href=\"https:\/\/www.target.cl\/index.php?main_page=contact_us&amp;pid=1990&amp;to=1\">contactarnos<\/a>\u00a0para formalizar el proceso.<\/strong><\/p>","protected":false},"featured_media":32218,"comment_status":"open","ping_status":"closed","template":"","meta":[],"product_brand":[],"product_cat":[47,52],"product_tag":[],"class_list":{"0":"post-32215","1":"product","2":"type-product","3":"status-publish","4":"has-post-thumbnail","6":"product_cat-armas-cortas","7":"product_cat-glock","9":"first","10":"instock","11":"shipping-taxable","12":"purchasable","13":"product-type-simple"},"_links":{"self":[{"href":"https:\/\/urbantacs.cl\/en\/wp-json\/wp\/v2\/product\/32215","targetHints":{"allow":["GET"]}}],"collection":[{"href":"https:\/\/urbantacs.cl\/en\/wp-json\/wp\/v2\/product"}],"about":[{"href":"https:\/\/urbantacs.cl\/en\/wp-json\/wp\/v2\/types\/product"}],"replies":[{"embeddable":true,"href":"https:\/\/urbantacs.cl\/en\/wp-json\/wp\/v2\/comments?post=32215"}],"wp:featuredmedia":[{"embeddable":true,"href":"https:\/\/urbantacs.cl\/en\/wp-json\/wp\/v2\/media\/32218"}],"wp:attachment":[{"href":"https:\/\/urbantacs.cl\/en\/wp-json\/wp\/v2\/media?parent=32215"}],"wp:term":[{"taxonomy":"product_brand","embeddable":true,"href":"https:\/\/urbantacs.cl\/en\/wp-json\/wp\/v2\/product_brand?post=32215"},{"taxonomy":"product_cat","embeddable":true,"href":"https:\/\/urbantacs.cl\/en\/wp-json\/wp\/v2\/product_cat?post=32215"},{"taxonomy":"product_tag","embeddable":true,"href":"https:\/\/urbantacs.cl\/en\/wp-json\/wp\/v2\/product_tag?post=32215"}],"curies":[{"name":"wp","href":"https:\/\/api.w.org\/{rel}","templated":true}]}}