{"id":32222,"date":"2022-01-02T01:04:44","date_gmt":"2022-01-02T04:04:44","guid":{"rendered":"https:\/\/urbantacs.cl\/?post_type=product&#038;p=32222"},"modified":"2026-02-23T10:08:35","modified_gmt":"2026-02-23T13:08:35","slug":"protector-auditivo-champion","status":"publish","type":"product","link":"https:\/\/urbantacs.cl\/en\/product\/protector-auditivo-champion\/","title":{"rendered":"Protector Auditivo Champion   24  DB"},"content":{"rendered":"","protected":false},"excerpt":{"rendered":"<p>Disfrute de un disparo seguro con los protectores auditivos Champion, que amortiguan el sonido. Estos protectores son c\u00f3modos y elegantes, brindan una protecci\u00f3n auditiva superior a la vez que son livianas y c\u00f3modos para el tirador.<\/p>\n<p style=\"text-align: justify;\">No permita que su pasi\u00f3n por los disparos da\u00f1e su audici\u00f3n; conf\u00ede en la protecci\u00f3n de Champion cuando este en el pol\u00edgono o en el campo de tiro.<\/p>\n<p>Caracter\u00edsticas: Reduce el ruido, plegable para f\u00e1cil almacenamiento, ajustable y protege de ruidos da\u00f1inos (24 db NRR).<\/p>","protected":false},"featured_media":32224,"comment_status":"open","ping_status":"closed","template":"","meta":[],"product_brand":[],"product_cat":[85,43],"product_tag":[],"class_list":{"0":"post-32222","1":"product","2":"type-product","3":"status-publish","4":"has-post-thumbnail","6":"product_cat-seguridad","7":"product_cat-accesorios","9":"first","10":"instock","11":"shipping-taxable","12":"purchasable","13":"product-type-simple"},"_links":{"self":[{"href":"https:\/\/urbantacs.cl\/en\/wp-json\/wp\/v2\/product\/32222","targetHints":{"allow":["GET"]}}],"collection":[{"href":"https:\/\/urbantacs.cl\/en\/wp-json\/wp\/v2\/product"}],"about":[{"href":"https:\/\/urbantacs.cl\/en\/wp-json\/wp\/v2\/types\/product"}],"replies":[{"embeddable":true,"href":"https:\/\/urbantacs.cl\/en\/wp-json\/wp\/v2\/comments?post=32222"}],"wp:featuredmedia":[{"embeddable":true,"href":"https:\/\/urbantacs.cl\/en\/wp-json\/wp\/v2\/media\/32224"}],"wp:attachment":[{"href":"https:\/\/urbantacs.cl\/en\/wp-json\/wp\/v2\/media?parent=32222"}],"wp:term":[{"taxonomy":"product_brand","embeddable":true,"href":"https:\/\/urbantacs.cl\/en\/wp-json\/wp\/v2\/product_brand?post=32222"},{"taxonomy":"product_cat","embeddable":true,"href":"https:\/\/urbantacs.cl\/en\/wp-json\/wp\/v2\/product_cat?post=32222"},{"taxonomy":"product_tag","embeddable":true,"href":"https:\/\/urbantacs.cl\/en\/wp-json\/wp\/v2\/product_tag?post=32222"}],"curies":[{"name":"wp","href":"https:\/\/api.w.org\/{rel}","templated":true}]}}