{"id":32244,"date":"2022-01-03T00:33:47","date_gmt":"2022-01-03T03:33:47","guid":{"rendered":"https:\/\/urbantacs.cl\/?post_type=product&#038;p=32244"},"modified":"2026-02-23T10:08:17","modified_gmt":"2026-02-23T13:08:17","slug":"funda-de-extraccion-rapida","status":"publish","type":"product","link":"https:\/\/urbantacs.cl\/en\/product\/funda-de-extraccion-rapida\/","title":{"rendered":"Funda de Extracci\u00f3n Rapida"},"content":{"rendered":"","protected":false},"excerpt":{"rendered":"<p style=\"text-align: justify;\">La funda Cytac\u00ae Fast Draw est\u00e1 dise\u00f1ada para las necesidades de los tiradores: seguridad, capacidad de ocultaci\u00f3n. El forro se adapta perfectamente a la pistola espec\u00edfica; un remo actualizado se acerca m\u00e1s al cuerpo del usuario.<\/p>\n<p><strong>\u00a0Tensi\u00f3n ajustable<\/strong><br \/>\nCada funda tiene una tensi\u00f3n ajustable para adaptarse a las preferencias del usuario.\u00a0Una amplia gama de cuerpos de funda disponibles ofrecen protecci\u00f3n especializada para cualquier l\u00ednea de pistola.<\/p>\n<p><strong>\u00b7 Perfil bajo<\/strong><br \/>\nUn dise\u00f1o de perfil bajo permite una gran capacidad de ocultaci\u00f3n, un reemplazo ideal para una funda Kydex o de cuero.<\/p>\n<p><strong>\u00b7 Paleta Mejorada<\/strong><\/p>\n<p>El material mejorado produce una paleta m\u00e1s suave y agradable para la piel para un transporte m\u00e1s c\u00f3modo.<\/p>\n<p><strong>Color<\/strong>:\u00a0negro<\/p>","protected":false},"featured_media":32245,"comment_status":"open","ping_status":"closed","template":"","meta":[],"product_brand":[],"product_cat":[43],"product_tag":[],"class_list":{"0":"post-32244","1":"product","2":"type-product","3":"status-publish","4":"has-post-thumbnail","6":"product_cat-accesorios","8":"first","9":"outofstock","10":"shipping-taxable","11":"purchasable","12":"product-type-simple"},"_links":{"self":[{"href":"https:\/\/urbantacs.cl\/en\/wp-json\/wp\/v2\/product\/32244","targetHints":{"allow":["GET"]}}],"collection":[{"href":"https:\/\/urbantacs.cl\/en\/wp-json\/wp\/v2\/product"}],"about":[{"href":"https:\/\/urbantacs.cl\/en\/wp-json\/wp\/v2\/types\/product"}],"replies":[{"embeddable":true,"href":"https:\/\/urbantacs.cl\/en\/wp-json\/wp\/v2\/comments?post=32244"}],"wp:featuredmedia":[{"embeddable":true,"href":"https:\/\/urbantacs.cl\/en\/wp-json\/wp\/v2\/media\/32245"}],"wp:attachment":[{"href":"https:\/\/urbantacs.cl\/en\/wp-json\/wp\/v2\/media?parent=32244"}],"wp:term":[{"taxonomy":"product_brand","embeddable":true,"href":"https:\/\/urbantacs.cl\/en\/wp-json\/wp\/v2\/product_brand?post=32244"},{"taxonomy":"product_cat","embeddable":true,"href":"https:\/\/urbantacs.cl\/en\/wp-json\/wp\/v2\/product_cat?post=32244"},{"taxonomy":"product_tag","embeddable":true,"href":"https:\/\/urbantacs.cl\/en\/wp-json\/wp\/v2\/product_tag?post=32244"}],"curies":[{"name":"wp","href":"https:\/\/api.w.org\/{rel}","templated":true}]}}