{"id":32252,"date":"2022-01-03T00:46:00","date_gmt":"2022-01-03T03:46:00","guid":{"rendered":"https:\/\/urbantacs.cl\/?post_type=product&#038;p=32252"},"modified":"2026-02-23T10:04:42","modified_gmt":"2026-02-23T13:04:42","slug":"estuche-doble-para-revistas","status":"publish","type":"product","link":"https:\/\/urbantacs.cl\/en\/product\/estuche-doble-para-revistas\/","title":{"rendered":"Estuche Doble Para Revistas"},"content":{"rendered":"","protected":false},"excerpt":{"rendered":"<p>Se Adapta A Glock17, 19, 22, 23, 26, 27, 31, 32, 33, 34, 35, 37, 38, 39, Etc.<\/p>\n<p><strong><span>\u00a0Material superior y durabilidad<\/span><\/strong><br \/>\n<span>Hecho de materiales polim\u00e9ricos duraderos de alta tecnolog\u00eda, que pueden soportar temperaturas extremas:<\/span><br \/>\n<span>Trabajo: -30 \u2103 a 180 \u2103 Almacenamiento: -40 \u2103 a 200 \u2103<\/span><\/p>\n<p><strong><span>\u00b7 Tensi\u00f3n total ajustable<\/span><\/strong><br \/>\n<span>Para ajustar la tensi\u00f3n, simplemente afloje el tornillo para un ajuste perfecto y atorn\u00edllelo<\/span><\/p>\n<p><strong><span>\u00b7 Facilidad y comodidad<\/span><\/strong><br \/>\n<span>-Extracci\u00f3n r\u00e1pida y f\u00e1cil sin dejar de proporcionar una gran retenci\u00f3n<\/span><br \/>\n<span>-La paleta de silicona suave garantiza comodidad durante todo el d\u00eda<\/span><\/p>\n<p><strong><span>\u00b7 7 opciones de transporte<\/span><\/strong><\/p>","protected":false},"featured_media":32255,"comment_status":"open","ping_status":"closed","template":"","meta":[],"product_brand":[],"product_cat":[43],"product_tag":[],"class_list":{"0":"post-32252","1":"product","2":"type-product","3":"status-publish","4":"has-post-thumbnail","6":"product_cat-accesorios","8":"first","9":"instock","10":"shipping-taxable","11":"purchasable","12":"product-type-simple"},"_links":{"self":[{"href":"https:\/\/urbantacs.cl\/en\/wp-json\/wp\/v2\/product\/32252","targetHints":{"allow":["GET"]}}],"collection":[{"href":"https:\/\/urbantacs.cl\/en\/wp-json\/wp\/v2\/product"}],"about":[{"href":"https:\/\/urbantacs.cl\/en\/wp-json\/wp\/v2\/types\/product"}],"replies":[{"embeddable":true,"href":"https:\/\/urbantacs.cl\/en\/wp-json\/wp\/v2\/comments?post=32252"}],"wp:featuredmedia":[{"embeddable":true,"href":"https:\/\/urbantacs.cl\/en\/wp-json\/wp\/v2\/media\/32255"}],"wp:attachment":[{"href":"https:\/\/urbantacs.cl\/en\/wp-json\/wp\/v2\/media?parent=32252"}],"wp:term":[{"taxonomy":"product_brand","embeddable":true,"href":"https:\/\/urbantacs.cl\/en\/wp-json\/wp\/v2\/product_brand?post=32252"},{"taxonomy":"product_cat","embeddable":true,"href":"https:\/\/urbantacs.cl\/en\/wp-json\/wp\/v2\/product_cat?post=32252"},{"taxonomy":"product_tag","embeddable":true,"href":"https:\/\/urbantacs.cl\/en\/wp-json\/wp\/v2\/product_tag?post=32252"}],"curies":[{"name":"wp","href":"https:\/\/api.w.org\/{rel}","templated":true}]}}