{"id":32256,"date":"2022-01-03T23:49:22","date_gmt":"2022-01-04T02:49:22","guid":{"rendered":"https:\/\/urbantacs.cl\/?post_type=product&#038;p=32256"},"modified":"2026-02-14T22:57:35","modified_gmt":"2026-02-15T01:57:35","slug":"glock-26-3ra-generacion-9x19-venta-con-reserva","status":"publish","type":"product","link":"https:\/\/urbantacs.cl\/en\/product\/glock-26-3ra-generacion-9x19-venta-con-reserva\/","title":{"rendered":"Glock 26 3ra Generaci\u00f3n 9&#215;19 (Venta con Reserva)"},"content":{"rendered":"","protected":false},"excerpt":{"rendered":"<p>GLOCK 26 dispara el popular cartucho Luger de 9 mm con un retroceso m\u00ednimo y \u00a0m\u00e1s precisi\u00f3n en el objetivo a una velocidad de disparo r\u00e1pida. Es una copia de seguridad ideal para aquellos que usan el GLOCK 17 o GLOCK 19 para transporte abierto, a\u00fan m\u00e1s porque los cargadores m\u00e1s grandes de 9 mm tambi\u00e9n se ajustan al G26.Calibre: 9mm<\/p>\n<p>Capacidad cargador: 10 Rondas Opcionales: 17\/12\/19\/15\/24\/31\/33 Rondas<br \/>\nPeso sin cargador: 550gr<br \/>\nPeso con cargador vac\u00edo: 610gr<br \/>\nPeso con cargador lleno: 730gr<br \/>\nLongitud del ca\u00f1on: 87mm<br \/>\nTir\u00f3n del gatillo: 28N<br \/>\nSistema de seguridad SafeActi\u00f3n de GLOCK<\/p>\n<p>Modelo ultra compacto ideal para defensa o como arma de respaldo su tama\u00f1o y peso record la convierten en la mejor alternativa para su transporte.<\/p>\n<ul>\n<li>Caracter\u00edsticas de alta precisi\u00f3n dentro de su categor\u00eda.<\/li>\n<li>Construcci\u00f3n s\u00f3lida y liviana con pol\u00edmero de alta duraci\u00f3n.<\/li>\n<li>Empu\u00f1adura texturizada muy c\u00f3moda y que se adapta bien a la forma de la mano.<\/li>\n<li>F\u00e1cil mantenci\u00f3n sin herramientas.<\/li>\n<li>Ca\u00f1\u00f3n de arquitectura hexagonal.<\/li>\n<li>Confiabilidad y performance comprobada.<\/li>\n<li>Sistema de gatillo de \u00abacci\u00f3n segura\u00bb.<\/li>\n<li>Puntos de mira frontal y trasero luminiscentes.<\/li>\n<\/ul>\n<p><strong>Este producto est\u00e1 controlado por la ley y no se puede agregar al carro de compras.<\/strong><br \/>\n<strong>Para adquirir este producto, usted debe\u00a0<a href=\"https:\/\/www.target.cl\/index.php?main_page=contact_us&amp;pid=1990&amp;to=1\">contactarnos<\/a>\u00a0para formalizar el proceso.<\/strong><\/p>","protected":false},"featured_media":32257,"comment_status":"open","ping_status":"closed","template":"","meta":[],"product_brand":[],"product_cat":[47,52,45],"product_tag":[],"class_list":{"0":"post-32256","1":"product","2":"type-product","3":"status-publish","4":"has-post-thumbnail","6":"product_cat-armas-cortas","7":"product_cat-glock","8":"product_cat-pistolas","10":"first","11":"outofstock","12":"shipping-taxable","13":"purchasable","14":"product-type-simple"},"_links":{"self":[{"href":"https:\/\/urbantacs.cl\/en\/wp-json\/wp\/v2\/product\/32256","targetHints":{"allow":["GET"]}}],"collection":[{"href":"https:\/\/urbantacs.cl\/en\/wp-json\/wp\/v2\/product"}],"about":[{"href":"https:\/\/urbantacs.cl\/en\/wp-json\/wp\/v2\/types\/product"}],"replies":[{"embeddable":true,"href":"https:\/\/urbantacs.cl\/en\/wp-json\/wp\/v2\/comments?post=32256"}],"wp:featuredmedia":[{"embeddable":true,"href":"https:\/\/urbantacs.cl\/en\/wp-json\/wp\/v2\/media\/32257"}],"wp:attachment":[{"href":"https:\/\/urbantacs.cl\/en\/wp-json\/wp\/v2\/media?parent=32256"}],"wp:term":[{"taxonomy":"product_brand","embeddable":true,"href":"https:\/\/urbantacs.cl\/en\/wp-json\/wp\/v2\/product_brand?post=32256"},{"taxonomy":"product_cat","embeddable":true,"href":"https:\/\/urbantacs.cl\/en\/wp-json\/wp\/v2\/product_cat?post=32256"},{"taxonomy":"product_tag","embeddable":true,"href":"https:\/\/urbantacs.cl\/en\/wp-json\/wp\/v2\/product_tag?post=32256"}],"curies":[{"name":"wp","href":"https:\/\/api.w.org\/{rel}","templated":true}]}}