{"id":32278,"date":"2022-01-31T23:12:43","date_gmt":"2022-02-01T02:12:43","guid":{"rendered":"https:\/\/urbantacs.cl\/?post_type=product&#038;p=32278"},"modified":"2026-02-18T14:51:31","modified_gmt":"2026-02-18T17:51:31","slug":"pistola-cz-p-09-calibre-9mm","status":"publish","type":"product","link":"https:\/\/urbantacs.cl\/en\/product\/pistola-cz-p-09-calibre-9mm\/","title":{"rendered":"PISTOLA CZ P-09 CALIBRE 9MM"},"content":{"rendered":"","protected":false},"excerpt":{"rendered":"<p>El modelo est\u00e1ndar de la CZ P-09 ya dispone de una variante con un armaz\u00f3n en el popular color t\u00e1ctico Flat Dark Earth y equipada con miras de tritio, empu\u00f1aduras de lomos desmontables que permiten adaptar la toma del arma a las necesidades y preferencias del usuario.<\/p>\n<p>Un arma de tama\u00f1o est\u00e1ndar con una gran capacidad de tiro, preferido entre deportistas y para defensa personal, p<span class=\"text_exposed_show\">osee riel picatinny, s<\/span>eguro decocking\u00a0de doble y simple acci\u00f3n.<\/p>\n<h3><strong>Caracter\u00edsticas<\/strong><\/h3>\n<div class=\"description\">\n<p>\u2022 Miras de tritio<\/p>\n<p>\u2022 Calibre: 9 mm Luger<\/p>\n<p>\u2022 Capacidad del cargador: 19<\/p>\n<p>\u2022 Funci\u00f3n del mecanismo disparador: SA\/DA<\/p>\n<p>\u2022 Armaz\u00f3n: Pol\u00edmero<\/p>\n<p>\u2022 Longitud total: 205 mm<\/p>\n<p>\u2022 Longitud del ca\u00f1\u00f3n: 115 mm<\/p>\n<p>\u2022 Altura del arma: 147 mm<\/p>\n<p>\u2022 Ancho del arma: 37 mm<\/p>\n<p>\u2022 Peso: 840 g.<\/p>\n<p>\u2022 Seguro Ambidiestro<\/p>\n<p>\u00abSE ENTREGA CON 3 CARGADORES, CAJA DE TRANSPORTE Y KIT DE LIMPIEZA\u00bb<\/p>\n<\/div>\n<p><strong>Este producto est\u00e1 controlado por la ley y no se puede agregar al carro de compras.<\/strong><br \/>\n<strong>Para adquirir este producto, usted debe\u00a0<a href=\"https:\/\/www.target.cl\/index.php?main_page=contact_us&amp;pid=1990&amp;to=1\">contactarnos<\/a>\u00a0para formalizar el proceso.<\/strong><\/p>","protected":false},"featured_media":32284,"comment_status":"open","ping_status":"closed","template":"","meta":[],"product_brand":[],"product_cat":[47,53,45],"product_tag":[],"class_list":{"0":"post-32278","1":"product","2":"type-product","3":"status-publish","4":"has-post-thumbnail","6":"product_cat-armas-cortas","7":"product_cat-cz","8":"product_cat-pistolas","10":"first","11":"onbackorder","12":"shipping-taxable","13":"purchasable","14":"product-type-simple"},"_links":{"self":[{"href":"https:\/\/urbantacs.cl\/en\/wp-json\/wp\/v2\/product\/32278","targetHints":{"allow":["GET"]}}],"collection":[{"href":"https:\/\/urbantacs.cl\/en\/wp-json\/wp\/v2\/product"}],"about":[{"href":"https:\/\/urbantacs.cl\/en\/wp-json\/wp\/v2\/types\/product"}],"replies":[{"embeddable":true,"href":"https:\/\/urbantacs.cl\/en\/wp-json\/wp\/v2\/comments?post=32278"}],"wp:featuredmedia":[{"embeddable":true,"href":"https:\/\/urbantacs.cl\/en\/wp-json\/wp\/v2\/media\/32284"}],"wp:attachment":[{"href":"https:\/\/urbantacs.cl\/en\/wp-json\/wp\/v2\/media?parent=32278"}],"wp:term":[{"taxonomy":"product_brand","embeddable":true,"href":"https:\/\/urbantacs.cl\/en\/wp-json\/wp\/v2\/product_brand?post=32278"},{"taxonomy":"product_cat","embeddable":true,"href":"https:\/\/urbantacs.cl\/en\/wp-json\/wp\/v2\/product_cat?post=32278"},{"taxonomy":"product_tag","embeddable":true,"href":"https:\/\/urbantacs.cl\/en\/wp-json\/wp\/v2\/product_tag?post=32278"}],"curies":[{"name":"wp","href":"https:\/\/api.w.org\/{rel}","templated":true}]}}