{"id":32290,"date":"2022-02-01T00:19:26","date_gmt":"2022-02-01T03:19:26","guid":{"rendered":"https:\/\/urbantacs.cl\/?post_type=product&#038;p=32290"},"modified":"2026-02-18T14:50:58","modified_gmt":"2026-02-18T17:50:58","slug":"pistola-cz-p-10c-calibre-9mm","status":"publish","type":"product","link":"https:\/\/urbantacs.cl\/en\/product\/pistola-cz-p-10c-calibre-9mm\/","title":{"rendered":"PISTOLA CZ P-10C CALIBRE 9MM"},"content":{"rendered":"","protected":false},"excerpt":{"rendered":"<p>Un modelo b\u00e1sico de la moderna pistola striker fired de tama\u00f1o compacto que, gracias a sus agradables dimensiones, dise\u00f1o novedoso y alta capacidad de tiro est\u00e1 adecuada para el porte oculto.<\/p>\n<p>La serie CZ P-10 representa un nuevo nivel de pistolas de marco de pol\u00edmero reforzado con fibra de vidrio, de gran capacidad, disparadas por percutor, para defensa personal, servicio y deporte. Por lo tanto, el dise\u00f1o se basa en varios elementos patentados.\u00a0Se destaca por su m\u00e1xima confiabilidad, alta precisi\u00f3n, longevidad extrema y operaciones refinadas.\u00a0Despu\u00e9s de eso, el control \u00fanico y el agarre mejoran a\u00fan m\u00e1s su excelente facilidad de uso.\u00a0Por lo tanto, han sido dise\u00f1ados de acuerdo con nuestra moderna t\u00e9cnica ergon\u00f3mica DiFEND.<\/p>\n<h3><strong>Caracter\u00edsticas<\/strong><\/h3>\n<div class=\"description\">\n<p>\u2022 Peso: 0,76 Kg<\/p>\n<p>\u2022 Calibre: 9&#215;19<\/p>\n<p>\u2022 Frame: Polymer<\/p>\n<p>\u2022 gatillo: Double action, Striker fired<\/p>\n<p>\u2022 Safety features: Striker Block (Drop Safety), Trigger Bar Safety.<\/p>\n<p>\u2022 Trigger Safety: (Drop Safety)<\/p>\n<p>\u2022 Miras: Luminescent, Trithium<\/p>\n<p>\u2022 Capacidad del cargador: 2 de 9&#215;19 (17) 1 de 9&#215;19 (15)<\/p>\n<p>\u00abSE ENTREGA CON 3 CARGADORES, CAJA DE TRANSPORTE Y KIT DE LIMPIEZA\u00bb<\/p>\n<\/div>\n<p><strong>Este producto est\u00e1 controlado por la ley y no se puede agregar al carro de compras.<\/strong><br \/>\n<strong>Para adquirir este producto, usted debe\u00a0<a href=\"https:\/\/www.target.cl\/index.php?main_page=contact_us&amp;pid=1990&amp;to=1\">contactarnos<\/a>\u00a0para formalizar el proceso.<\/strong><\/p>","protected":false},"featured_media":32287,"comment_status":"open","ping_status":"closed","template":"","meta":[],"product_brand":[],"product_cat":[47,53,45],"product_tag":[],"class_list":{"0":"post-32290","1":"product","2":"type-product","3":"status-publish","4":"has-post-thumbnail","6":"product_cat-armas-cortas","7":"product_cat-cz","8":"product_cat-pistolas","10":"first","11":"onbackorder","12":"shipping-taxable","13":"purchasable","14":"product-type-simple"},"_links":{"self":[{"href":"https:\/\/urbantacs.cl\/en\/wp-json\/wp\/v2\/product\/32290","targetHints":{"allow":["GET"]}}],"collection":[{"href":"https:\/\/urbantacs.cl\/en\/wp-json\/wp\/v2\/product"}],"about":[{"href":"https:\/\/urbantacs.cl\/en\/wp-json\/wp\/v2\/types\/product"}],"replies":[{"embeddable":true,"href":"https:\/\/urbantacs.cl\/en\/wp-json\/wp\/v2\/comments?post=32290"}],"wp:featuredmedia":[{"embeddable":true,"href":"https:\/\/urbantacs.cl\/en\/wp-json\/wp\/v2\/media\/32287"}],"wp:attachment":[{"href":"https:\/\/urbantacs.cl\/en\/wp-json\/wp\/v2\/media?parent=32290"}],"wp:term":[{"taxonomy":"product_brand","embeddable":true,"href":"https:\/\/urbantacs.cl\/en\/wp-json\/wp\/v2\/product_brand?post=32290"},{"taxonomy":"product_cat","embeddable":true,"href":"https:\/\/urbantacs.cl\/en\/wp-json\/wp\/v2\/product_cat?post=32290"},{"taxonomy":"product_tag","embeddable":true,"href":"https:\/\/urbantacs.cl\/en\/wp-json\/wp\/v2\/product_tag?post=32290"}],"curies":[{"name":"wp","href":"https:\/\/api.w.org\/{rel}","templated":true}]}}