{"id":32295,"date":"2022-02-03T00:19:16","date_gmt":"2022-02-03T03:19:16","guid":{"rendered":"https:\/\/urbantacs.cl\/?post_type=product&#038;p=32295"},"modified":"2026-02-14T22:55:12","modified_gmt":"2026-02-15T01:55:12","slug":"pistola-cz-p-07-calibre-9mm","status":"publish","type":"product","link":"https:\/\/urbantacs.cl\/en\/product\/pistola-cz-p-07-calibre-9mm\/","title":{"rendered":"PISTOLA CZ P-07 CALIBRE 9MM"},"content":{"rendered":"","protected":false},"excerpt":{"rendered":"<p>La CZ P-07 es una pistola compacta de pol\u00edmero, es un modelo extremadamente popular que combina las excelentes caracter\u00edsticas del mecanismo de disparo OMEGA con peque\u00f1as dimensiones y bajo peso mientras mantiene una gran capacidad de disparo. El resultado es un arma corta ideal para la defensa y el servicio, tambi\u00e9n adecuada para llevarla oculta. Toda el arma es redondeada y se eliminaron los cantos agudos. Se a\u00f1adieron las ranuras de tensi\u00f3n delanteras para un manejo c\u00f3modo con la cerradura. La capacidad del cargador es de 15 tiros en calibre 9&#215;19.<\/p>\n<h3><strong>Caracter\u00edsticas<\/strong><\/h3>\n<p>Calibre: 9&#215;19<\/p>\n<p>Elementos de seguridad: Bloqueo del percutor | Liberaci\u00f3n del martillo\/seguro manual | Tet\u00f3n de seguridad<\/p>\n<p>Frame Polymer gatillo SA\/DA<\/p>\n<p>Miras: Luminescentes , Trithium<\/p>\n<p>Capacidad del cargador: 15+1<\/p>\n<p>Peso: 780 g.<\/p>\n<p>Fabricaci\u00f3n: Republica Checa.<\/p>\n<div class=\"o-parameters__text\">\n<div class=\"o-parameters__name\">Dimensiones totales: 137\/37,5\/185<\/div>\n<div class=\"o-parameters__name\"><\/div>\n<\/div>\n<div>\u00abSE ENTREGA CON 3 CARGADORES, CAJA DE TRANSPORTE Y KIT DE LIMPIEZA\u00bb<\/div>\n<div><\/div>\n<div><strong>Este producto est\u00e1 controlado por la ley y no se puede agregar al carro de compras.<\/strong><br \/>\n<strong>Para adquirir este producto, usted debe\u00a0<a href=\"https:\/\/www.target.cl\/index.php?main_page=contact_us&amp;pid=1990&amp;to=1\">contactarnos<\/a>\u00a0para formalizar el proceso.<\/strong><\/div>","protected":false},"featured_media":32296,"comment_status":"open","ping_status":"closed","template":"","meta":[],"product_brand":[],"product_cat":[47,53,45],"product_tag":[],"class_list":{"0":"post-32295","1":"product","2":"type-product","3":"status-publish","4":"has-post-thumbnail","6":"product_cat-armas-cortas","7":"product_cat-cz","8":"product_cat-pistolas","10":"first","11":"onbackorder","12":"shipping-taxable","13":"purchasable","14":"product-type-simple"},"_links":{"self":[{"href":"https:\/\/urbantacs.cl\/en\/wp-json\/wp\/v2\/product\/32295","targetHints":{"allow":["GET"]}}],"collection":[{"href":"https:\/\/urbantacs.cl\/en\/wp-json\/wp\/v2\/product"}],"about":[{"href":"https:\/\/urbantacs.cl\/en\/wp-json\/wp\/v2\/types\/product"}],"replies":[{"embeddable":true,"href":"https:\/\/urbantacs.cl\/en\/wp-json\/wp\/v2\/comments?post=32295"}],"wp:featuredmedia":[{"embeddable":true,"href":"https:\/\/urbantacs.cl\/en\/wp-json\/wp\/v2\/media\/32296"}],"wp:attachment":[{"href":"https:\/\/urbantacs.cl\/en\/wp-json\/wp\/v2\/media?parent=32295"}],"wp:term":[{"taxonomy":"product_brand","embeddable":true,"href":"https:\/\/urbantacs.cl\/en\/wp-json\/wp\/v2\/product_brand?post=32295"},{"taxonomy":"product_cat","embeddable":true,"href":"https:\/\/urbantacs.cl\/en\/wp-json\/wp\/v2\/product_cat?post=32295"},{"taxonomy":"product_tag","embeddable":true,"href":"https:\/\/urbantacs.cl\/en\/wp-json\/wp\/v2\/product_tag?post=32295"}],"curies":[{"name":"wp","href":"https:\/\/api.w.org\/{rel}","templated":true}]}}