{"id":32322,"date":"2022-02-10T20:48:52","date_gmt":"2022-02-10T23:48:52","guid":{"rendered":"https:\/\/urbantacs.cl\/?post_type=product&#038;p=32322"},"modified":"2026-03-31T00:00:55","modified_gmt":"2026-03-31T03:00:55","slug":"cargador-cal-9-mm-para-glock-19-capacidad-15-rds","status":"publish","type":"product","link":"https:\/\/urbantacs.cl\/en\/product\/cargador-cal-9-mm-para-glock-19-capacidad-15-rds\/","title":{"rendered":"CARGADOR cal 9 mm para Glock 19, capacidad 15 rds"},"content":{"rendered":"","protected":false},"excerpt":{"rendered":"<p>Estos cargadores GLOCK est\u00e1n construidos con un inserto de acero endurecido revestido en pol\u00edmero de alta tecnolog\u00eda para proteger el cargador y evitar la deformaci\u00f3n, incluso cuando se cae desde una gran altura. El resorte y el seguidor de alta calidad garantizan una alimentaci\u00f3n confiable desde el primer tiro, alimentado por un resorte completamente comprimido hasta el \u00faltimo disparo.<\/p>\n<p>&nbsp;<\/p>\n<p><strong>Este producto est\u00e1 controlado por la ley y no se puede agregar al carro de compras.<\/strong><br \/>\n<strong>Para adquirir este producto, usted debe\u00a0<a href=\"https:\/\/www.target.cl\/index.php?main_page=contact_us&amp;pid=1990&amp;to=1\">contactarnos<\/a>\u00a0para formalizar el proceso.<\/strong><\/p>","protected":false},"featured_media":32323,"comment_status":"open","ping_status":"closed","template":"","meta":[],"product_brand":[],"product_cat":[47,52,38,43],"product_tag":[],"class_list":{"0":"post-32322","1":"product","2":"type-product","3":"status-publish","4":"has-post-thumbnail","6":"product_cat-armas-cortas","7":"product_cat-glock","8":"product_cat-municiones","9":"product_cat-accesorios","11":"first","12":"instock","13":"sale","14":"featured","15":"shipping-taxable","16":"purchasable","17":"product-type-simple"},"_links":{"self":[{"href":"https:\/\/urbantacs.cl\/en\/wp-json\/wp\/v2\/product\/32322","targetHints":{"allow":["GET"]}}],"collection":[{"href":"https:\/\/urbantacs.cl\/en\/wp-json\/wp\/v2\/product"}],"about":[{"href":"https:\/\/urbantacs.cl\/en\/wp-json\/wp\/v2\/types\/product"}],"replies":[{"embeddable":true,"href":"https:\/\/urbantacs.cl\/en\/wp-json\/wp\/v2\/comments?post=32322"}],"wp:featuredmedia":[{"embeddable":true,"href":"https:\/\/urbantacs.cl\/en\/wp-json\/wp\/v2\/media\/32323"}],"wp:attachment":[{"href":"https:\/\/urbantacs.cl\/en\/wp-json\/wp\/v2\/media?parent=32322"}],"wp:term":[{"taxonomy":"product_brand","embeddable":true,"href":"https:\/\/urbantacs.cl\/en\/wp-json\/wp\/v2\/product_brand?post=32322"},{"taxonomy":"product_cat","embeddable":true,"href":"https:\/\/urbantacs.cl\/en\/wp-json\/wp\/v2\/product_cat?post=32322"},{"taxonomy":"product_tag","embeddable":true,"href":"https:\/\/urbantacs.cl\/en\/wp-json\/wp\/v2\/product_tag?post=32322"}],"curies":[{"name":"wp","href":"https:\/\/api.w.org\/{rel}","templated":true}]}}