{"id":32332,"date":"2022-03-02T21:08:34","date_gmt":"2022-03-03T00:08:34","guid":{"rendered":"https:\/\/urbantacs.cl\/?post_type=product&#038;p=32332"},"modified":"2026-02-20T16:31:42","modified_gmt":"2026-02-20T19:31:42","slug":"escopeta-huglu-atrox-tactic-plus","status":"publish","type":"product","link":"https:\/\/urbantacs.cl\/en\/product\/escopeta-huglu-atrox-tactic-plus\/","title":{"rendered":"ESCOPETA HUGLU ATROX TACTIC PLUS"},"content":{"rendered":"","protected":false},"excerpt":{"rendered":"<p>La Huglu es reconocida en todo el mundo por la calidad de sus productos, destacando aleaciones ligeras, calidad y dise\u00f1o. Es un arma de repetici\u00f3n para un excelente rendimiento de disparo y sus materiales pl\u00e1sticos blandos y duros de primera calidad se combinan con la calidad y la experiencia de Hu\u011flu.<\/p>\n<p><strong>CALIBRE\/C\u00c1MARA:<\/strong>\u00a012 ir. \/ 76 mm (3\u2033)<br \/>\n<strong>CARRIL PICATINNY:<\/strong>\u00a0S\u00ed<br \/>\n<strong>FRENO DE BOCA:<\/strong>\u00a0S\u00ed<br \/>\n<strong>TIR\u00d3N DEL GATILLO:<\/strong>\u00a02,7 kg<br \/>\n<strong>SEGURIDAD:<\/strong> Perno cruzado en el protector del gatillo<br \/>\n<strong>PESO:<\/strong>\u00a02,8 kg (aprox.)<br \/>\n<strong>LONGITUD DEL CA\u00d1\u00d3N:<\/strong> 51<br \/>\n<strong>ESCUDO T\u00c9RMICO:<\/strong>\u00a0S\u00ed<br \/>\n<strong>CAPACIDAD:<\/strong> 7+1<\/p>\n<p>&nbsp;<\/p>\n<p><strong>Este producto est\u00e1 controlado por la ley y no se puede agregar al carro de compras.<\/strong><br \/>\n<strong>Para adquirir este producto, usted debe\u00a0<a href=\"https:\/\/www.target.cl\/index.php?main_page=contact_us&amp;pid=1990&amp;to=1\">contactarnos<\/a>\u00a0para formalizar el proceso.<\/strong><\/p>","protected":false},"featured_media":32333,"comment_status":"open","ping_status":"closed","template":"","meta":[],"product_brand":[],"product_cat":[94,35,36],"product_tag":[],"class_list":{"0":"post-32332","1":"product","2":"type-product","3":"status-publish","4":"has-post-thumbnail","6":"product_cat-escopetas","7":"product_cat-armamento","8":"product_cat-caza","10":"first","11":"onbackorder","12":"shipping-taxable","13":"purchasable","14":"product-type-simple"},"_links":{"self":[{"href":"https:\/\/urbantacs.cl\/en\/wp-json\/wp\/v2\/product\/32332","targetHints":{"allow":["GET"]}}],"collection":[{"href":"https:\/\/urbantacs.cl\/en\/wp-json\/wp\/v2\/product"}],"about":[{"href":"https:\/\/urbantacs.cl\/en\/wp-json\/wp\/v2\/types\/product"}],"replies":[{"embeddable":true,"href":"https:\/\/urbantacs.cl\/en\/wp-json\/wp\/v2\/comments?post=32332"}],"wp:featuredmedia":[{"embeddable":true,"href":"https:\/\/urbantacs.cl\/en\/wp-json\/wp\/v2\/media\/32333"}],"wp:attachment":[{"href":"https:\/\/urbantacs.cl\/en\/wp-json\/wp\/v2\/media?parent=32332"}],"wp:term":[{"taxonomy":"product_brand","embeddable":true,"href":"https:\/\/urbantacs.cl\/en\/wp-json\/wp\/v2\/product_brand?post=32332"},{"taxonomy":"product_cat","embeddable":true,"href":"https:\/\/urbantacs.cl\/en\/wp-json\/wp\/v2\/product_cat?post=32332"},{"taxonomy":"product_tag","embeddable":true,"href":"https:\/\/urbantacs.cl\/en\/wp-json\/wp\/v2\/product_tag?post=32332"}],"curies":[{"name":"wp","href":"https:\/\/api.w.org\/{rel}","templated":true}]}}