{"id":32345,"date":"2022-03-04T21:31:55","date_gmt":"2022-03-05T00:31:55","guid":{"rendered":"https:\/\/urbantacs.cl\/?post_type=product&#038;p=32345"},"modified":"2022-04-21T22:21:50","modified_gmt":"2022-04-22T02:21:50","slug":"blancos-para-tiro-deportivo-ipsc","status":"publish","type":"product","link":"https:\/\/urbantacs.cl\/en\/product\/blancos-para-tiro-deportivo-ipsc\/","title":{"rendered":"Blancos Para Tiro Deportivo IPSC"},"content":{"rendered":"","protected":false},"excerpt":{"rendered":"<p>Blancos IPSC fabricados en cart\u00f3n con las medidas oficiales. Blanco de tiro profesional y practica de entrenamiento.<\/p>\n<p>Se venden por unidad y se hace descuento por m\u00e1s de 10.<\/p>\n<p>El Tiro Pr\u00e1ctico IPSC es una disciplina de tiro deportivo cuyo origen data de los a\u00f1os cincuenta en el estado de California (USA) y que naci\u00f3 de la necesidad de un entrenamiento adecuado para grupos de \u00e9lite militares y policiales para lidiar con situaciones reales en las que un arma podr\u00eda ser utilizada en defensa propia o de otros.<\/p>","protected":false},"featured_media":32348,"comment_status":"open","ping_status":"closed","template":"","meta":[],"product_brand":[],"product_cat":[43],"product_tag":[],"class_list":{"0":"post-32345","1":"product","2":"type-product","3":"status-publish","4":"has-post-thumbnail","6":"product_cat-accesorios","8":"first","9":"instock","10":"shipping-taxable","11":"purchasable","12":"product-type-simple"},"_links":{"self":[{"href":"https:\/\/urbantacs.cl\/en\/wp-json\/wp\/v2\/product\/32345","targetHints":{"allow":["GET"]}}],"collection":[{"href":"https:\/\/urbantacs.cl\/en\/wp-json\/wp\/v2\/product"}],"about":[{"href":"https:\/\/urbantacs.cl\/en\/wp-json\/wp\/v2\/types\/product"}],"replies":[{"embeddable":true,"href":"https:\/\/urbantacs.cl\/en\/wp-json\/wp\/v2\/comments?post=32345"}],"wp:featuredmedia":[{"embeddable":true,"href":"https:\/\/urbantacs.cl\/en\/wp-json\/wp\/v2\/media\/32348"}],"wp:attachment":[{"href":"https:\/\/urbantacs.cl\/en\/wp-json\/wp\/v2\/media?parent=32345"}],"wp:term":[{"taxonomy":"product_brand","embeddable":true,"href":"https:\/\/urbantacs.cl\/en\/wp-json\/wp\/v2\/product_brand?post=32345"},{"taxonomy":"product_cat","embeddable":true,"href":"https:\/\/urbantacs.cl\/en\/wp-json\/wp\/v2\/product_cat?post=32345"},{"taxonomy":"product_tag","embeddable":true,"href":"https:\/\/urbantacs.cl\/en\/wp-json\/wp\/v2\/product_tag?post=32345"}],"curies":[{"name":"wp","href":"https:\/\/api.w.org\/{rel}","templated":true}]}}