{"id":32352,"date":"2022-03-08T12:28:40","date_gmt":"2022-03-08T15:28:40","guid":{"rendered":"https:\/\/urbantacs.cl\/?post_type=product&#038;p=32352"},"modified":"2026-02-14T22:53:15","modified_gmt":"2026-02-15T01:53:15","slug":"pistola-glock-44-cal-22-lr","status":"publish","type":"product","link":"https:\/\/urbantacs.cl\/en\/product\/pistola-glock-44-cal-22-lr\/","title":{"rendered":"PISTOLA GLOCK 44 Cal.22 lr"},"content":{"rendered":"","protected":false},"excerpt":{"rendered":"<p><strong>CARACTER\u00cdSTICAS<\/strong><\/p>\n<p>Una vez que comienzas con la perfecci\u00f3n, te quedas con la perfecci\u00f3n. La G44 es la pistola ideal para iniciar o mejorar tu experiencia como tirador. El dise\u00f1o innovador de la corredera h\u00edbrida de acero-pol\u00edmero proporciona una pistola liviana y de bajo retroceso para un control \u00f3ptimo.<br \/>\nLa Glock 44 es lo que muchos est\u00e1bamos esperando para practicar con una de las mejores marcas a nivel mundial, y a un bajo costo de munici\u00f3n.<\/p>\n<p>Capacidad de 10 tiros.<\/p>\n<p>Largo de ca\u00f1\u00f3n 102mm.<\/p>\n<p>Pesa 465 gramos sin munici\u00f3n.<\/p>\n<p>Largo total 185mm.<\/p>\n<p>Seguro de bloqueo en disparador (safe action)<\/p>\n<p>&nbsp;<\/p>\n<p><strong>Este producto est\u00e1 controlado por la ley y no se puede agregar al carro de compras.<\/strong><br \/>\n<strong>Para adquirir este producto, usted debe\u00a0<a href=\"https:\/\/www.target.cl\/index.php?main_page=contact_us&amp;pid=1990&amp;to=1\">contactarnos<\/a>\u00a0para formalizar el proceso.<\/strong><\/p>","protected":false},"featured_media":32360,"comment_status":"open","ping_status":"closed","template":"","meta":[],"product_brand":[],"product_cat":[47,52,45],"product_tag":[],"class_list":{"0":"post-32352","1":"product","2":"type-product","3":"status-publish","4":"has-post-thumbnail","6":"product_cat-armas-cortas","7":"product_cat-glock","8":"product_cat-pistolas","10":"first","11":"instock","12":"shipping-taxable","13":"purchasable","14":"product-type-simple"},"_links":{"self":[{"href":"https:\/\/urbantacs.cl\/en\/wp-json\/wp\/v2\/product\/32352","targetHints":{"allow":["GET"]}}],"collection":[{"href":"https:\/\/urbantacs.cl\/en\/wp-json\/wp\/v2\/product"}],"about":[{"href":"https:\/\/urbantacs.cl\/en\/wp-json\/wp\/v2\/types\/product"}],"replies":[{"embeddable":true,"href":"https:\/\/urbantacs.cl\/en\/wp-json\/wp\/v2\/comments?post=32352"}],"wp:featuredmedia":[{"embeddable":true,"href":"https:\/\/urbantacs.cl\/en\/wp-json\/wp\/v2\/media\/32360"}],"wp:attachment":[{"href":"https:\/\/urbantacs.cl\/en\/wp-json\/wp\/v2\/media?parent=32352"}],"wp:term":[{"taxonomy":"product_brand","embeddable":true,"href":"https:\/\/urbantacs.cl\/en\/wp-json\/wp\/v2\/product_brand?post=32352"},{"taxonomy":"product_cat","embeddable":true,"href":"https:\/\/urbantacs.cl\/en\/wp-json\/wp\/v2\/product_cat?post=32352"},{"taxonomy":"product_tag","embeddable":true,"href":"https:\/\/urbantacs.cl\/en\/wp-json\/wp\/v2\/product_tag?post=32352"}],"curies":[{"name":"wp","href":"https:\/\/api.w.org\/{rel}","templated":true}]}}