{"id":32362,"date":"2022-03-10T12:21:33","date_gmt":"2022-03-10T15:21:33","guid":{"rendered":"https:\/\/urbantacs.cl\/?post_type=product&#038;p=32362"},"modified":"2026-03-01T00:02:00","modified_gmt":"2026-03-01T03:02:00","slug":"lentes-wiley-x-saber-advanced-3-micas-marco-tan","status":"publish","type":"product","link":"https:\/\/urbantacs.cl\/en\/product\/lentes-wiley-x-saber-advanced-3-micas-marco-tan\/","title":{"rendered":"LENTES WILEY-X SABER ADVANCED 3 MICAS MARCO TAN"},"content":{"rendered":"","protected":false},"excerpt":{"rendered":"<ul>\n<li>Lentes de policarbonato Selenite \u2122 a prueba de golpes que cumplen con los est\u00e1ndares\u00a0bal\u00edsticos\u00a0MIL-PRF-32432 (GL): est\u00e1ndares de alta velocidad y alto impacto ANSI Z87.1-2010: as\u00ed como los est\u00e1ndares federales de EE. UU. OSHA 1910.133 (b) (1) (1)<\/li>\n<li>Las lentes transparentes proporcionan la m\u00e1xima transmisi\u00f3n de luz, lo que permite al usuario ver valores de color precisos. Perfecto para condiciones nebulosas o nubladas, al anochecer \/ amanecer y para uso en interiores. Transmisi\u00f3n de luz: 89%<\/li>\n<li>Las lentes de color gris humo proporcionan una reducci\u00f3n del deslumbramiento sin distorsionar los colores.<\/li>\n<li>Excelente en condiciones de brillo \/ brillo. Transmisi\u00f3n de luz 14% -20%.<\/li>\n<li>La lente Light Rust mejora la luz media-baja. Transmisi\u00f3n de luz 53%<\/li>\n<li>El recubrimiento de lente T-Shell \u2122 resiste el rayado<\/li>\n<li>Protecci\u00f3n 100% UVA \/ UVB con claridad sin distorsi\u00f3n<\/li>\n<li>La pieza de nariz es ajustable para una mejor fijaci\u00f3n<\/li>\n<li>Compatible con el inserto de prescripci\u00f3n PTX<\/li>\n<\/ul>\n<p>INCLUYE:<\/p>\n<ul>\n<li>Estuche negro con cremallera<\/li>\n<li>Pa\u00f1o de limpieza con logotipo Wiley X.<\/li>\n<li>Correa el\u00e1stica.<\/li>\n<\/ul>","protected":false},"featured_media":32364,"comment_status":"open","ping_status":"closed","template":"","meta":[],"product_brand":[],"product_cat":[85,43],"product_tag":[],"class_list":{"0":"post-32362","1":"product","2":"type-product","3":"status-publish","4":"has-post-thumbnail","6":"product_cat-seguridad","7":"product_cat-accesorios","9":"first","10":"instock","11":"shipping-taxable","12":"purchasable","13":"product-type-simple"},"_links":{"self":[{"href":"https:\/\/urbantacs.cl\/en\/wp-json\/wp\/v2\/product\/32362","targetHints":{"allow":["GET"]}}],"collection":[{"href":"https:\/\/urbantacs.cl\/en\/wp-json\/wp\/v2\/product"}],"about":[{"href":"https:\/\/urbantacs.cl\/en\/wp-json\/wp\/v2\/types\/product"}],"replies":[{"embeddable":true,"href":"https:\/\/urbantacs.cl\/en\/wp-json\/wp\/v2\/comments?post=32362"}],"wp:featuredmedia":[{"embeddable":true,"href":"https:\/\/urbantacs.cl\/en\/wp-json\/wp\/v2\/media\/32364"}],"wp:attachment":[{"href":"https:\/\/urbantacs.cl\/en\/wp-json\/wp\/v2\/media?parent=32362"}],"wp:term":[{"taxonomy":"product_brand","embeddable":true,"href":"https:\/\/urbantacs.cl\/en\/wp-json\/wp\/v2\/product_brand?post=32362"},{"taxonomy":"product_cat","embeddable":true,"href":"https:\/\/urbantacs.cl\/en\/wp-json\/wp\/v2\/product_cat?post=32362"},{"taxonomy":"product_tag","embeddable":true,"href":"https:\/\/urbantacs.cl\/en\/wp-json\/wp\/v2\/product_tag?post=32362"}],"curies":[{"name":"wp","href":"https:\/\/api.w.org\/{rel}","templated":true}]}}