{"id":32378,"date":"2022-03-24T22:28:59","date_gmt":"2022-03-25T01:28:59","guid":{"rendered":"https:\/\/urbantacs.cl\/?post_type=product&#038;p=32378"},"modified":"2022-09-26T01:59:01","modified_gmt":"2022-09-26T04:59:01","slug":"cartucho-nobel-due-sporting-28-gr-calibre-12","status":"publish","type":"product","link":"https:\/\/urbantacs.cl\/en\/product\/cartucho-nobel-due-sporting-28-gr-calibre-12\/","title":{"rendered":"CARTUCHO NOBEL DUE SPORTING 28 GR CALIBRE 12"},"content":{"rendered":"","protected":false},"excerpt":{"rendered":"<p>Desarrollado con las m\u00e1s altas normas de calidad tanto para tiro al vuelo como para cacer\u00eda, fabricado con los mejores pl\u00e1sticos para sus vainas, perdigones de antimonio y materiales seleccionados.<\/p>\n<p>Cartucho de excepcional calidad para un consumo intensivo. Homogeneidad, regularidad y un excelente equilibrio velocidad \u2013 precisi\u00f3n.<\/p>\n<p><em><strong>Comodidad y Rendimiento.<\/strong>\u00a0El uso intensivo durante las largas sesiones de entrenamiento, precisa de un cartucho suave y equilibrado que no fatigue al tirador y a la vez se comporte de forma muy similar al que va a utilizar en la competici\u00f3n.<\/em><\/p>\n<p>Calibre 12<\/p>\n<p>Fabricaci\u00f3n Italiana<\/p>\n<p>Munici\u00f3n 28 Gr carga<\/p>\n<p>Velocidad 410 m\/s<\/p>\n<p>Largo Vaina 70 mm<\/p>\n<p>N\u00b0 de perdig\u00f3n 5<\/p>\n<p>&nbsp;<\/p>\n<p><strong>Este producto est\u00e1 controlado por la ley y no se puede agregar al carro de compras.<\/strong><br \/>\n<strong>Para adquirir este producto, usted debe\u00a0<a href=\"https:\/\/www.target.cl\/index.php?main_page=contact_us&amp;pid=1990&amp;to=1\">contactarnos<\/a>\u00a0para formalizar el proceso.<\/strong><\/p>","protected":false},"featured_media":32379,"comment_status":"open","ping_status":"closed","template":"","meta":[],"product_brand":[],"product_cat":[60,38,36],"product_tag":[],"class_list":{"0":"post-32378","1":"product","2":"type-product","3":"status-publish","4":"has-post-thumbnail","6":"product_cat-cal-12","7":"product_cat-municiones","8":"product_cat-caza","10":"first","11":"outofstock","12":"shipping-taxable","13":"product-type-simple"},"_links":{"self":[{"href":"https:\/\/urbantacs.cl\/en\/wp-json\/wp\/v2\/product\/32378","targetHints":{"allow":["GET"]}}],"collection":[{"href":"https:\/\/urbantacs.cl\/en\/wp-json\/wp\/v2\/product"}],"about":[{"href":"https:\/\/urbantacs.cl\/en\/wp-json\/wp\/v2\/types\/product"}],"replies":[{"embeddable":true,"href":"https:\/\/urbantacs.cl\/en\/wp-json\/wp\/v2\/comments?post=32378"}],"wp:featuredmedia":[{"embeddable":true,"href":"https:\/\/urbantacs.cl\/en\/wp-json\/wp\/v2\/media\/32379"}],"wp:attachment":[{"href":"https:\/\/urbantacs.cl\/en\/wp-json\/wp\/v2\/media?parent=32378"}],"wp:term":[{"taxonomy":"product_brand","embeddable":true,"href":"https:\/\/urbantacs.cl\/en\/wp-json\/wp\/v2\/product_brand?post=32378"},{"taxonomy":"product_cat","embeddable":true,"href":"https:\/\/urbantacs.cl\/en\/wp-json\/wp\/v2\/product_cat?post=32378"},{"taxonomy":"product_tag","embeddable":true,"href":"https:\/\/urbantacs.cl\/en\/wp-json\/wp\/v2\/product_tag?post=32378"}],"curies":[{"name":"wp","href":"https:\/\/api.w.org\/{rel}","templated":true}]}}