{"id":32392,"date":"2022-03-25T23:27:46","date_gmt":"2022-03-26T02:27:46","guid":{"rendered":"https:\/\/urbantacs.cl\/?post_type=product&#038;p=32392"},"modified":"2026-02-23T10:01:31","modified_gmt":"2026-02-23T13:01:31","slug":"caja-escopeta-funda-rifle-rigida-acolchada-flambeau","status":"publish","type":"product","link":"https:\/\/urbantacs.cl\/en\/product\/caja-escopeta-funda-rifle-rigida-acolchada-flambeau\/","title":{"rendered":"CAJA ESCOPETA FUNDA RIFLE RIGIDA ACOLCHADA FLAMBEAU"},"content":{"rendered":"","protected":false},"excerpt":{"rendered":"<h1 class=\"a-size-base-plus a-text-bold\">Descripci\u00f3n<\/h1>\n<ul class=\"a-unordered-list a-vertical a-spacing-mini\">\n<li><span class=\"a-list-item\">Funda de arma larga de perfil contorneado dise\u00f1ado para albergar de forma segura y compacta un rifle o escopeta, as\u00ed como su alcance.<\/span><\/li>\n<li><span class=\"a-list-item\">Construcci\u00f3n resistente, el exterior de pl\u00e1stico duro de la funda protege tus armas de fuego de impactos duros y desgaste general. La espuma contorneada en el interior proporciona apoyo adicional con un acolchado interior de espuma a\u00edsla las armas contra golpes debido a ca\u00eddas.<\/span><\/li>\n<li><span class=\"a-list-item\">Tecnolog\u00eda anticorrosi\u00f3n ya que incluye una pesta\u00f1a anticorrosi\u00f3n que libera un vapor que inhibe la corrosi\u00f3n que forma una capa protectora en metal para detener el \u00f3xido. Proporciona un m\u00ednimo de 5 a\u00f1os de protecci\u00f3n.<\/span><\/li>\n<li><span class=\"a-list-item\">Cierres seguros. Esta funda Flambeau est\u00e1 dise\u00f1ada con cuatro puntos de bloqueo. El sistema de bloqueo m\u00faltiple incluye 4 cierres de bloqueo y 4 cierres que mantienen tu arma de fuego segura, incluso durante el transporte.<\/span><\/li>\n<li><span class=\"a-list-item\">\u00a0Fabricado en Estados Unidos.\u00a0<\/span><\/li>\n<li>Medidas: 136,2 x 30,8 x 9,5 cm<\/li>\n<li><\/li>\n<\/ul>","protected":false},"featured_media":32393,"comment_status":"open","ping_status":"closed","template":"","meta":[],"product_brand":[],"product_cat":[43],"product_tag":[],"class_list":{"0":"post-32392","1":"product","2":"type-product","3":"status-publish","4":"has-post-thumbnail","6":"product_cat-accesorios","8":"first","9":"outofstock","10":"shipping-taxable","11":"purchasable","12":"product-type-simple"},"_links":{"self":[{"href":"https:\/\/urbantacs.cl\/en\/wp-json\/wp\/v2\/product\/32392","targetHints":{"allow":["GET"]}}],"collection":[{"href":"https:\/\/urbantacs.cl\/en\/wp-json\/wp\/v2\/product"}],"about":[{"href":"https:\/\/urbantacs.cl\/en\/wp-json\/wp\/v2\/types\/product"}],"replies":[{"embeddable":true,"href":"https:\/\/urbantacs.cl\/en\/wp-json\/wp\/v2\/comments?post=32392"}],"wp:featuredmedia":[{"embeddable":true,"href":"https:\/\/urbantacs.cl\/en\/wp-json\/wp\/v2\/media\/32393"}],"wp:attachment":[{"href":"https:\/\/urbantacs.cl\/en\/wp-json\/wp\/v2\/media?parent=32392"}],"wp:term":[{"taxonomy":"product_brand","embeddable":true,"href":"https:\/\/urbantacs.cl\/en\/wp-json\/wp\/v2\/product_brand?post=32392"},{"taxonomy":"product_cat","embeddable":true,"href":"https:\/\/urbantacs.cl\/en\/wp-json\/wp\/v2\/product_cat?post=32392"},{"taxonomy":"product_tag","embeddable":true,"href":"https:\/\/urbantacs.cl\/en\/wp-json\/wp\/v2\/product_tag?post=32392"}],"curies":[{"name":"wp","href":"https:\/\/api.w.org\/{rel}","templated":true}]}}