{"id":32409,"date":"2022-03-31T21:56:10","date_gmt":"2022-04-01T00:56:10","guid":{"rendered":"https:\/\/urbantacs.cl\/?post_type=product&#038;p=32409"},"modified":"2026-02-14T22:51:25","modified_gmt":"2026-02-15T01:51:25","slug":"revolver-taurus-rt-85-poly-calibre-38-spl","status":"publish","type":"product","link":"https:\/\/urbantacs.cl\/en\/product\/revolver-taurus-rt-85-poly-calibre-38-spl\/","title":{"rendered":"REVOLVER TAURUS RT 85 POLY CALIBRE .38 SPL"},"content":{"rendered":"","protected":false},"excerpt":{"rendered":"<p>El nuevo Revolver .38 special +P est\u00e1 construido con los mismos altos est\u00e1ndares que se espera de Taurus. Viene listo con un nuevo cuerpo de pol\u00edmero ligero. Rotaci\u00f3n del cilindro hacia la derecha para la carga r\u00e1pida, mira de fibra \u00f3ptica. \u00a0El nuevo Poly Protector es el mejor rev\u00f3lver en su clase que combina un dise\u00f1o \u00fanico con actualizaciones modernas.<\/p>\n<div class=\"product-spec\">\n<p><strong>Calibre<\/strong>\u00a0.38 SPL<br \/>\n<strong>Capacidad<\/strong>\u00a05 cartuchos<br \/>\n<strong>Acci\u00f3n<\/strong>\u00a0SA\/DA<br \/>\n<strong>Largo del canon\u00a0<\/strong>47 mm<\/p>\n<p>&nbsp;<\/p>\n<p><strong>Este producto est\u00e1 controlado por la ley y no se puede agregar al carro de compras.<\/strong><br \/>\n<strong>Para adquirir este producto, usted debe\u00a0<a href=\"https:\/\/www.target.cl\/index.php?main_page=contact_us&amp;pid=1990&amp;to=1\">contactarnos<\/a>\u00a0para formalizar el proceso.<\/strong><\/p>\n<\/div>\n<p>&nbsp;<\/p>","protected":false},"featured_media":32412,"comment_status":"open","ping_status":"closed","template":"","meta":[],"product_brand":[],"product_cat":[47,91,54],"product_tag":[],"class_list":{"0":"post-32409","1":"product","2":"type-product","3":"status-publish","4":"has-post-thumbnail","6":"product_cat-armas-cortas","7":"product_cat-revolver","8":"product_cat-taurus","10":"first","11":"outofstock","12":"shipping-taxable","13":"purchasable","14":"product-type-simple"},"_links":{"self":[{"href":"https:\/\/urbantacs.cl\/en\/wp-json\/wp\/v2\/product\/32409","targetHints":{"allow":["GET"]}}],"collection":[{"href":"https:\/\/urbantacs.cl\/en\/wp-json\/wp\/v2\/product"}],"about":[{"href":"https:\/\/urbantacs.cl\/en\/wp-json\/wp\/v2\/types\/product"}],"replies":[{"embeddable":true,"href":"https:\/\/urbantacs.cl\/en\/wp-json\/wp\/v2\/comments?post=32409"}],"wp:featuredmedia":[{"embeddable":true,"href":"https:\/\/urbantacs.cl\/en\/wp-json\/wp\/v2\/media\/32412"}],"wp:attachment":[{"href":"https:\/\/urbantacs.cl\/en\/wp-json\/wp\/v2\/media?parent=32409"}],"wp:term":[{"taxonomy":"product_brand","embeddable":true,"href":"https:\/\/urbantacs.cl\/en\/wp-json\/wp\/v2\/product_brand?post=32409"},{"taxonomy":"product_cat","embeddable":true,"href":"https:\/\/urbantacs.cl\/en\/wp-json\/wp\/v2\/product_cat?post=32409"},{"taxonomy":"product_tag","embeddable":true,"href":"https:\/\/urbantacs.cl\/en\/wp-json\/wp\/v2\/product_tag?post=32409"}],"curies":[{"name":"wp","href":"https:\/\/api.w.org\/{rel}","templated":true}]}}