{"id":32420,"date":"2022-04-02T22:30:33","date_gmt":"2022-04-03T01:30:33","guid":{"rendered":"https:\/\/urbantacs.cl\/?post_type=product&#038;p=32420"},"modified":"2026-02-14T23:00:51","modified_gmt":"2026-02-15T02:00:51","slug":"lubric-aero-tetra-300oz-204i","status":"publish","type":"product","link":"https:\/\/urbantacs.cl\/en\/product\/lubric-aero-tetra-300oz-204i\/","title":{"rendered":"LUBRIC AERO TETRA 3,00oz 204i"},"content":{"rendered":"","protected":false},"excerpt":{"rendered":"<p><strong>LUBRIC AERO TETRA 3,75oz 201i<\/strong><\/p>\n<p>L\u00edquido lubricante para armas todo en uno: Penetrador, limpiador, lubricante y protector. Elaborado con una f\u00f3rmula de fluoropol\u00edmero. Se aplica en forma de aerosol para evitar el desensamblado del arma.<\/p>\n<p>Esta recomendado para todo tipo de armas.<\/p>\n<p><strong>Detalles:\u00a0<\/strong><br \/>\nMarca Tetra Gun<br \/>\nModelo 201i<br \/>\nAerosol lubricante<br \/>\nSpray sint\u00e9tico<br \/>\nR\u00e1pida absorci\u00f3n y secado<br \/>\nIncluye protecci\u00f3n anticorrosiva<br \/>\nVolumen 3,75 oz , 115 ml.<br \/>\nCumple norma EC No. 1272\/2008 (CLP\/GHS)<br \/>\nFabricado en USA<\/p>","protected":false},"featured_media":32421,"comment_status":"open","ping_status":"closed","template":"","meta":[],"product_brand":[],"product_cat":[43],"product_tag":[],"class_list":{"0":"post-32420","1":"product","2":"type-product","3":"status-publish","4":"has-post-thumbnail","6":"product_cat-accesorios","8":"first","9":"outofstock","10":"shipping-taxable","11":"purchasable","12":"product-type-simple"},"_links":{"self":[{"href":"https:\/\/urbantacs.cl\/en\/wp-json\/wp\/v2\/product\/32420","targetHints":{"allow":["GET"]}}],"collection":[{"href":"https:\/\/urbantacs.cl\/en\/wp-json\/wp\/v2\/product"}],"about":[{"href":"https:\/\/urbantacs.cl\/en\/wp-json\/wp\/v2\/types\/product"}],"replies":[{"embeddable":true,"href":"https:\/\/urbantacs.cl\/en\/wp-json\/wp\/v2\/comments?post=32420"}],"wp:featuredmedia":[{"embeddable":true,"href":"https:\/\/urbantacs.cl\/en\/wp-json\/wp\/v2\/media\/32421"}],"wp:attachment":[{"href":"https:\/\/urbantacs.cl\/en\/wp-json\/wp\/v2\/media?parent=32420"}],"wp:term":[{"taxonomy":"product_brand","embeddable":true,"href":"https:\/\/urbantacs.cl\/en\/wp-json\/wp\/v2\/product_brand?post=32420"},{"taxonomy":"product_cat","embeddable":true,"href":"https:\/\/urbantacs.cl\/en\/wp-json\/wp\/v2\/product_cat?post=32420"},{"taxonomy":"product_tag","embeddable":true,"href":"https:\/\/urbantacs.cl\/en\/wp-json\/wp\/v2\/product_tag?post=32420"}],"curies":[{"name":"wp","href":"https:\/\/api.w.org\/{rel}","templated":true}]}}