{"id":32425,"date":"2022-04-05T20:25:24","date_gmt":"2022-04-06T00:25:24","guid":{"rendered":"https:\/\/urbantacs.cl\/?post_type=product&#038;p=32425"},"modified":"2026-04-17T16:34:33","modified_gmt":"2026-04-17T20:34:33","slug":"lubricante-y-anticorrosivo-para-armas-sun-70-220-cc","status":"publish","type":"product","link":"https:\/\/urbantacs.cl\/en\/product\/lubricante-y-anticorrosivo-para-armas-sun-70-220-cc\/","title":{"rendered":"Lubricante Y Anticorrosivo para Armas SUN 70 220 cc"},"content":{"rendered":"","protected":false},"excerpt":{"rendered":"<p>Lubricante anticorrosivo SUN 70<br \/>\nProtege contra la humedad, tiene un excelente efecto antioxidante, muy buena eficiencia mec\u00e1nica<br \/>\nLimpia y lubrica mecanismos de precisi\u00f3n y engranajes, tales como armas y carretes de pesca.<br \/>\nRemueve en forma eficiente las part\u00edculas de oxido.<br \/>\nSu formulaci\u00f3n le permite ser empleado como barrera de humedad, limitando la absorci\u00f3n de vapores y evitando la acumulaci\u00f3n de agentes corrosivos.<\/p>","protected":false},"featured_media":32426,"comment_status":"open","ping_status":"closed","template":"","meta":[],"product_brand":[],"product_cat":[43],"product_tag":[],"class_list":{"0":"post-32425","1":"product","2":"type-product","3":"status-publish","4":"has-post-thumbnail","6":"product_cat-accesorios","8":"first","9":"instock","10":"shipping-taxable","11":"purchasable","12":"product-type-simple"},"_links":{"self":[{"href":"https:\/\/urbantacs.cl\/en\/wp-json\/wp\/v2\/product\/32425","targetHints":{"allow":["GET"]}}],"collection":[{"href":"https:\/\/urbantacs.cl\/en\/wp-json\/wp\/v2\/product"}],"about":[{"href":"https:\/\/urbantacs.cl\/en\/wp-json\/wp\/v2\/types\/product"}],"replies":[{"embeddable":true,"href":"https:\/\/urbantacs.cl\/en\/wp-json\/wp\/v2\/comments?post=32425"}],"wp:featuredmedia":[{"embeddable":true,"href":"https:\/\/urbantacs.cl\/en\/wp-json\/wp\/v2\/media\/32426"}],"wp:attachment":[{"href":"https:\/\/urbantacs.cl\/en\/wp-json\/wp\/v2\/media?parent=32425"}],"wp:term":[{"taxonomy":"product_brand","embeddable":true,"href":"https:\/\/urbantacs.cl\/en\/wp-json\/wp\/v2\/product_brand?post=32425"},{"taxonomy":"product_cat","embeddable":true,"href":"https:\/\/urbantacs.cl\/en\/wp-json\/wp\/v2\/product_cat?post=32425"},{"taxonomy":"product_tag","embeddable":true,"href":"https:\/\/urbantacs.cl\/en\/wp-json\/wp\/v2\/product_tag?post=32425"}],"curies":[{"name":"wp","href":"https:\/\/api.w.org\/{rel}","templated":true}]}}