{"id":32428,"date":"2022-04-20T22:56:58","date_gmt":"2022-04-21T02:56:58","guid":{"rendered":"https:\/\/urbantacs.cl\/?post_type=product&#038;p=32428"},"modified":"2022-12-28T11:41:02","modified_gmt":"2022-12-28T14:41:02","slug":"gb-brenneke-caza-mayor-12-70-27","status":"publish","type":"product","link":"https:\/\/urbantacs.cl\/en\/product\/gb-brenneke-caza-mayor-12-70-27\/","title":{"rendered":"GB Brenneke Caza Mayor 12\/70\/27"},"content":{"rendered":"","protected":false},"excerpt":{"rendered":"<p>La indudable calidad y precisi\u00f3n del proyectil Original Brenneke unido a la propulsi\u00f3n de la p\u00f3lvora sin humo PSB+ 2 SP, lo convierten en un cartucho imprescindible en la caza mayor con escopeta, por su excelente alcance y poder de parada.<\/p>\n<p><strong>Largo vaina\/culote:\u00a0<\/strong>70 mm\/27mm<br \/>\n<strong>Munici\u00f3n:\u00a0<\/strong>1 proyectil \u00fanico de 32,0g original Brenneke con canales para auto rotaci\u00f3n<br \/>\n<strong>Empaque:\u00a0<\/strong>Caja de 10 unid<\/p>\n<p>&nbsp;<\/p>\n<p><strong>Este producto est\u00e1 controlado por la ley y no se puede agregar al carro de compras.<\/strong><br \/>\n<strong>Para adquirir este producto, usted debe\u00a0<a href=\"https:\/\/www.target.cl\/index.php?main_page=contact_us&amp;pid=1990&amp;to=1\">contactarnos<\/a>\u00a0para formalizar el proceso.<\/strong><\/p>","protected":false},"featured_media":32434,"comment_status":"open","ping_status":"closed","template":"","meta":[],"product_brand":[],"product_cat":[60,38,36],"product_tag":[],"class_list":{"0":"post-32428","1":"product","2":"type-product","3":"status-publish","4":"has-post-thumbnail","6":"product_cat-cal-12","7":"product_cat-municiones","8":"product_cat-caza","10":"first","11":"instock","12":"shipping-taxable","13":"purchasable","14":"product-type-simple"},"_links":{"self":[{"href":"https:\/\/urbantacs.cl\/en\/wp-json\/wp\/v2\/product\/32428","targetHints":{"allow":["GET"]}}],"collection":[{"href":"https:\/\/urbantacs.cl\/en\/wp-json\/wp\/v2\/product"}],"about":[{"href":"https:\/\/urbantacs.cl\/en\/wp-json\/wp\/v2\/types\/product"}],"replies":[{"embeddable":true,"href":"https:\/\/urbantacs.cl\/en\/wp-json\/wp\/v2\/comments?post=32428"}],"wp:featuredmedia":[{"embeddable":true,"href":"https:\/\/urbantacs.cl\/en\/wp-json\/wp\/v2\/media\/32434"}],"wp:attachment":[{"href":"https:\/\/urbantacs.cl\/en\/wp-json\/wp\/v2\/media?parent=32428"}],"wp:term":[{"taxonomy":"product_brand","embeddable":true,"href":"https:\/\/urbantacs.cl\/en\/wp-json\/wp\/v2\/product_brand?post=32428"},{"taxonomy":"product_cat","embeddable":true,"href":"https:\/\/urbantacs.cl\/en\/wp-json\/wp\/v2\/product_cat?post=32428"},{"taxonomy":"product_tag","embeddable":true,"href":"https:\/\/urbantacs.cl\/en\/wp-json\/wp\/v2\/product_tag?post=32428"}],"curies":[{"name":"wp","href":"https:\/\/api.w.org\/{rel}","templated":true}]}}