{"id":32451,"date":"2022-04-22T22:22:10","date_gmt":"2022-04-23T02:22:10","guid":{"rendered":"https:\/\/urbantacs.cl\/?post_type=product&#038;p=32451"},"modified":"2026-02-26T10:32:44","modified_gmt":"2026-02-26T13:32:44","slug":"municion-calibre-22lr","status":"publish","type":"product","link":"https:\/\/urbantacs.cl\/en\/product\/municion-calibre-22lr\/","title":{"rendered":"MUNICION CALIBRE 22LR"},"content":{"rendered":"","protected":false},"excerpt":{"rendered":"<p>SELLIER Y BELLOT 22LR 40GR STANDARD<\/p>\n<p style=\"text-align: justify;\">Sellier &amp; Bellot produce munici\u00f3n fiable y de calidad utilizando \u00fanicamente componentes de alta calidad y es uno de los mayores productores de munici\u00f3n del mundo.\u00a0Su munici\u00f3n es utilizada por cazadores, tiradores competitivos, fuerzas del orden y militares de todo el mundo.\u00a0Las municiones de Sellier &amp; Bellot se cargan de f\u00e1brica, no son corrosivas, est\u00e1n preparadas con boxer y vienen en estuches de lat\u00f3n recargables.\u00a0Las carcasas de lat\u00f3n de S&amp;B se encuentran entre las mejores en t\u00e9rminos de durabilidad y resistencia y, a menudo, se seleccionan entre otras marcas entre los cargadores de potencia.<\/p>\n<p>Especificaciones:<\/p>\n<ul>\n<li>Calibre: 22LR<\/li>\n<li>Peso: 40 Gr<\/li>\n<li>Carcasa: Lat\u00f3n<\/li>\n<\/ul>\n<p><strong>Este producto est\u00e1 controlado por la ley y no se puede agregar al carro de compras.<\/strong><br \/>\n<strong>Para adquirir este producto, usted debe\u00a0<a href=\"https:\/\/www.target.cl\/index.php?main_page=contact_us&amp;pid=1990&amp;to=1\">contactarnos<\/a>\u00a0para formalizar el proceso.<\/strong><\/p>","protected":false},"featured_media":32453,"comment_status":"open","ping_status":"closed","template":"","meta":[],"product_brand":[],"product_cat":[58,38],"product_tag":[],"class_list":{"0":"post-32451","1":"product","2":"type-product","3":"status-publish","4":"has-post-thumbnail","6":"product_cat-cal-22-lr","7":"product_cat-municiones","9":"first","10":"outofstock","11":"shipping-taxable","12":"product-type-simple"},"_links":{"self":[{"href":"https:\/\/urbantacs.cl\/en\/wp-json\/wp\/v2\/product\/32451","targetHints":{"allow":["GET"]}}],"collection":[{"href":"https:\/\/urbantacs.cl\/en\/wp-json\/wp\/v2\/product"}],"about":[{"href":"https:\/\/urbantacs.cl\/en\/wp-json\/wp\/v2\/types\/product"}],"replies":[{"embeddable":true,"href":"https:\/\/urbantacs.cl\/en\/wp-json\/wp\/v2\/comments?post=32451"}],"wp:featuredmedia":[{"embeddable":true,"href":"https:\/\/urbantacs.cl\/en\/wp-json\/wp\/v2\/media\/32453"}],"wp:attachment":[{"href":"https:\/\/urbantacs.cl\/en\/wp-json\/wp\/v2\/media?parent=32451"}],"wp:term":[{"taxonomy":"product_brand","embeddable":true,"href":"https:\/\/urbantacs.cl\/en\/wp-json\/wp\/v2\/product_brand?post=32451"},{"taxonomy":"product_cat","embeddable":true,"href":"https:\/\/urbantacs.cl\/en\/wp-json\/wp\/v2\/product_cat?post=32451"},{"taxonomy":"product_tag","embeddable":true,"href":"https:\/\/urbantacs.cl\/en\/wp-json\/wp\/v2\/product_tag?post=32451"}],"curies":[{"name":"wp","href":"https:\/\/api.w.org\/{rel}","templated":true}]}}