{"id":32461,"date":"2022-04-22T23:05:44","date_gmt":"2022-04-23T03:05:44","guid":{"rendered":"https:\/\/urbantacs.cl\/?post_type=product&#038;p=32461"},"modified":"2026-02-18T10:40:16","modified_gmt":"2026-02-18T13:40:16","slug":"funda-mit-pist-rev-int-ext-sml","status":"publish","type":"product","link":"https:\/\/urbantacs.cl\/en\/product\/funda-mit-pist-rev-int-ext-sml\/","title":{"rendered":"FUNDA MIT PIST\/REV INT\/EXT SML"},"content":{"rendered":"","protected":false},"excerpt":{"rendered":"<p>FUNDA MIT PIST\/REV INT\/EXT SML<br \/>\nFunda Interior y exterior para Pistola y revolver<br \/>\nMarca MIT<br \/>\nUso Universal<br \/>\nModelo Snall<br \/>\nTama\u00f1o ca\u00f1\u00f3n hasta dos pulgadas<br \/>\ncon enganche met\u00e1lico<br \/>\nhecho en Chile<\/p>","protected":false},"featured_media":32462,"comment_status":"open","ping_status":"closed","template":"","meta":[],"product_brand":[],"product_cat":[43],"product_tag":[],"class_list":{"0":"post-32461","1":"product","2":"type-product","3":"status-publish","4":"has-post-thumbnail","6":"product_cat-accesorios","8":"first","9":"outofstock","10":"shipping-taxable","11":"product-type-simple"},"_links":{"self":[{"href":"https:\/\/urbantacs.cl\/en\/wp-json\/wp\/v2\/product\/32461","targetHints":{"allow":["GET"]}}],"collection":[{"href":"https:\/\/urbantacs.cl\/en\/wp-json\/wp\/v2\/product"}],"about":[{"href":"https:\/\/urbantacs.cl\/en\/wp-json\/wp\/v2\/types\/product"}],"replies":[{"embeddable":true,"href":"https:\/\/urbantacs.cl\/en\/wp-json\/wp\/v2\/comments?post=32461"}],"wp:featuredmedia":[{"embeddable":true,"href":"https:\/\/urbantacs.cl\/en\/wp-json\/wp\/v2\/media\/32462"}],"wp:attachment":[{"href":"https:\/\/urbantacs.cl\/en\/wp-json\/wp\/v2\/media?parent=32461"}],"wp:term":[{"taxonomy":"product_brand","embeddable":true,"href":"https:\/\/urbantacs.cl\/en\/wp-json\/wp\/v2\/product_brand?post=32461"},{"taxonomy":"product_cat","embeddable":true,"href":"https:\/\/urbantacs.cl\/en\/wp-json\/wp\/v2\/product_cat?post=32461"},{"taxonomy":"product_tag","embeddable":true,"href":"https:\/\/urbantacs.cl\/en\/wp-json\/wp\/v2\/product_tag?post=32461"}],"curies":[{"name":"wp","href":"https:\/\/api.w.org\/{rel}","templated":true}]}}