{"id":32471,"date":"2022-04-26T22:16:09","date_gmt":"2022-04-27T02:16:09","guid":{"rendered":"https:\/\/urbantacs.cl\/?post_type=product&#038;p=32471"},"modified":"2026-02-14T22:44:02","modified_gmt":"2026-02-15T01:44:02","slug":"pistola-taurus-modelo-th9-cal-9mm","status":"publish","type":"product","link":"https:\/\/urbantacs.cl\/en\/product\/pistola-taurus-modelo-th9-cal-9mm\/","title":{"rendered":"Pistola TAURUS Modelo TH9 Cal 9mm"},"content":{"rendered":"","protected":false},"excerpt":{"rendered":"<p>Fuerza, fiabilidad, seguridad y f\u00e1cil manejo. Estas son las palabras que definen la Pistola TH. La versi\u00f3n de tama\u00f1o standard es el arma ideal para la polic\u00eda y el uso militar, con alta capacidad de fuego y precisi\u00f3n, mecanismo de disparo de acci\u00f3n simple y doble, as\u00ed como un martillo externo, todas excelentes caracter\u00edsticas en la prestaci\u00f3n de seguridad al usuario.<\/p>\n<p><strong>Especificaciones:<\/strong><\/p>\n<p>Calibre: 9&#215;19 mm<\/p>\n<p>Capacidad de cacerina: 17 tiros<\/p>\n<p>Longitud del ca\u00f1\u00f3n: 108 mm<\/p>\n<p>Longitud total: 196 mm<\/p>\n<p>Altura total: 148 mm<\/p>\n<p>Ancho: 36 mm<\/p>\n<p>Peso: 800 gramos<\/p>\n<p>Mecanismo del gatillo: Simple acci\u00f3n \/ Doble acci\u00f3n<\/p>\n<p>Miras: Novak 3 puntos \u2013 Tritio<\/p>\n<p>Acabado: Corredera Tenox y ca\u00f1\u00f3n inoxidable<\/p>\n<p>Seguridad: &#8211; Traba del percutor &#8211; Indicador de cartucho en la recamara &#8211; Traba manual y desarmador del martillo \u2013 ambidiestro<\/p>\n<p>Ret\u00e9n del cargador y ret\u00e9n de la corredera ambidiestro<\/p>\n<p>Riel para accesorios (Picatinny MIL-STD-1913)<\/p>\n<p>Lomos de la empu\u00f1adura intercambiables<\/p>\n<p>&nbsp;<\/p>\n<p><strong>Este producto est\u00e1 controlado por la ley y no se puede agregar al carro de compras.<\/strong><br \/>\n<strong>Para adquirir este producto, usted debe\u00a0<a href=\"https:\/\/www.target.cl\/index.php?main_page=contact_us&amp;pid=1990&amp;to=1\">contactarnos<\/a>\u00a0para formalizar el proceso.<\/strong><\/p>","protected":false},"featured_media":32472,"comment_status":"open","ping_status":"closed","template":"","meta":[],"product_brand":[],"product_cat":[47,45,54],"product_tag":[],"class_list":{"0":"post-32471","1":"product","2":"type-product","3":"status-publish","4":"has-post-thumbnail","6":"product_cat-armas-cortas","7":"product_cat-pistolas","8":"product_cat-taurus","10":"first","11":"onbackorder","12":"sale","13":"shipping-taxable","14":"purchasable","15":"product-type-simple"},"_links":{"self":[{"href":"https:\/\/urbantacs.cl\/en\/wp-json\/wp\/v2\/product\/32471","targetHints":{"allow":["GET"]}}],"collection":[{"href":"https:\/\/urbantacs.cl\/en\/wp-json\/wp\/v2\/product"}],"about":[{"href":"https:\/\/urbantacs.cl\/en\/wp-json\/wp\/v2\/types\/product"}],"replies":[{"embeddable":true,"href":"https:\/\/urbantacs.cl\/en\/wp-json\/wp\/v2\/comments?post=32471"}],"wp:featuredmedia":[{"embeddable":true,"href":"https:\/\/urbantacs.cl\/en\/wp-json\/wp\/v2\/media\/32472"}],"wp:attachment":[{"href":"https:\/\/urbantacs.cl\/en\/wp-json\/wp\/v2\/media?parent=32471"}],"wp:term":[{"taxonomy":"product_brand","embeddable":true,"href":"https:\/\/urbantacs.cl\/en\/wp-json\/wp\/v2\/product_brand?post=32471"},{"taxonomy":"product_cat","embeddable":true,"href":"https:\/\/urbantacs.cl\/en\/wp-json\/wp\/v2\/product_cat?post=32471"},{"taxonomy":"product_tag","embeddable":true,"href":"https:\/\/urbantacs.cl\/en\/wp-json\/wp\/v2\/product_tag?post=32471"}],"curies":[{"name":"wp","href":"https:\/\/api.w.org\/{rel}","templated":true}]}}