{"id":32494,"date":"2022-05-12T23:15:35","date_gmt":"2022-05-13T03:15:35","guid":{"rendered":"https:\/\/urbantacs.cl\/?post_type=product&#038;p=32494"},"modified":"2026-02-14T23:27:24","modified_gmt":"2026-02-15T02:27:24","slug":"escopeta-winchester-sx4-field-12-gauge","status":"publish","type":"product","link":"https:\/\/urbantacs.cl\/en\/product\/escopeta-winchester-sx4-field-12-gauge\/","title":{"rendered":"Escopeta Winchester SX4 Field .12 Gauge"},"content":{"rendered":"","protected":false},"excerpt":{"rendered":"<p style=\"text-align: justify;\">Las escopetas semiautom\u00e1ticas Winchester Super X tienen una buena reputaci\u00f3n mundial por su velocidad, fiabilidad y manejo. Era dif\u00edcil para sus sucesoras mejorarlas, pero la evoluci\u00f3n de la Super X4 con relaci\u00f3n a su antecesora ha sido un verdadero desaf\u00edo, y eso es lo que han hecho los talentosos ingenieros de Winchester.<\/p>\n<p style=\"text-align: justify;\">La nueva Super X4 es m\u00e1s ligera, su ciclo es m\u00e1s r\u00e1pido, su balanceo es m\u00e1s suave y su ergonom\u00eda mejor.<br \/>\nLa nueva SX4 Field con culata de nogal y acabado en aceite satinado, as\u00ed como su caja de mecanismos mate de color negro, la convierten en un arma cl\u00e1sica y potente a la vez. Esta escopeta garantiza una velocidad de tiro fuera de lo com\u00fan, gracias a sus ca\u00f1ones Back Bored y a su sistema Active Valve, puede ser utilizada con cualquier tipo de munici\u00f3n, incluso con perdig\u00f3n de acero.<br \/>\nLa nueva SX4 es la escopeta pensada para la velocidad.<\/p>\n<div class=\"page\" title=\"Page 88\">\n<div class=\"layoutArea\">\n<div class=\"column\">\n<p><strong>Descripcio\u0301n<\/strong><\/p>\n<div class=\"page\" title=\"Page 88\">\n<div class=\"layoutArea\">\n<div class=\"column\">\n<p>Calibre: 12.<br \/>\nLargo can\u0303o\u0301n: 71 cm.<br \/>\nBanda: 6 mm.<br \/>\nPeso: 3,0 kg.<br \/>\nCaracteri\u0301sticas<br \/>\nChokes incluidos: 2 Invector DS (1\/2, 3\/4). Acabado de madera.<br \/>\nAcabado al aceite.<br \/>\nCai\u0301da delantera: 38 mm.<br \/>\nCai\u0301da trasera: 51 mm.<br \/>\nEmbalaje: Caja de carto\u0301n.<br \/>\nAccesorios: Candado y llave de choke.<\/p>\n<\/div>\n<p><strong>Este producto est\u00e1 controlado por la ley y no se puede agregar al carro de compras.<\/strong><br \/>\n<strong>Para adquirir este producto, usted debe\u00a0<a href=\"https:\/\/www.target.cl\/index.php?main_page=contact_us&amp;pid=1990&amp;to=1\">contactarnos<\/a>\u00a0para formalizar el proceso.<\/strong><\/p>\n<\/div>\n<\/div>\n<\/div>\n<\/div>\n<\/div>","protected":false},"featured_media":32495,"comment_status":"open","ping_status":"closed","template":"","meta":[],"product_brand":[],"product_cat":[94,35,36],"product_tag":[],"class_list":{"0":"post-32494","1":"product","2":"type-product","3":"status-publish","4":"has-post-thumbnail","6":"product_cat-escopetas","7":"product_cat-armamento","8":"product_cat-caza","10":"first","11":"outofstock","12":"sale","13":"shipping-taxable","14":"purchasable","15":"product-type-simple"},"_links":{"self":[{"href":"https:\/\/urbantacs.cl\/en\/wp-json\/wp\/v2\/product\/32494","targetHints":{"allow":["GET"]}}],"collection":[{"href":"https:\/\/urbantacs.cl\/en\/wp-json\/wp\/v2\/product"}],"about":[{"href":"https:\/\/urbantacs.cl\/en\/wp-json\/wp\/v2\/types\/product"}],"replies":[{"embeddable":true,"href":"https:\/\/urbantacs.cl\/en\/wp-json\/wp\/v2\/comments?post=32494"}],"wp:featuredmedia":[{"embeddable":true,"href":"https:\/\/urbantacs.cl\/en\/wp-json\/wp\/v2\/media\/32495"}],"wp:attachment":[{"href":"https:\/\/urbantacs.cl\/en\/wp-json\/wp\/v2\/media?parent=32494"}],"wp:term":[{"taxonomy":"product_brand","embeddable":true,"href":"https:\/\/urbantacs.cl\/en\/wp-json\/wp\/v2\/product_brand?post=32494"},{"taxonomy":"product_cat","embeddable":true,"href":"https:\/\/urbantacs.cl\/en\/wp-json\/wp\/v2\/product_cat?post=32494"},{"taxonomy":"product_tag","embeddable":true,"href":"https:\/\/urbantacs.cl\/en\/wp-json\/wp\/v2\/product_tag?post=32494"}],"curies":[{"name":"wp","href":"https:\/\/api.w.org\/{rel}","templated":true}]}}