{"id":32501,"date":"2022-05-25T23:17:10","date_gmt":"2022-05-26T03:17:10","guid":{"rendered":"https:\/\/urbantacs.cl\/?post_type=product&#038;p=32501"},"modified":"2023-06-21T22:09:50","modified_gmt":"2023-06-22T02:09:50","slug":"pistola-hs-sf19-calibre-9mm","status":"publish","type":"product","link":"https:\/\/urbantacs.cl\/en\/product\/pistola-hs-sf19-calibre-9mm\/","title":{"rendered":"Pistola HS &#8211; SF19 Calibre 9mm"},"content":{"rendered":"","protected":false},"excerpt":{"rendered":"<p style=\"text-align: justify;\">HS SF19 4.5 ofrece todo lo que necesita en una pistola de golpe de tama\u00f1o completo y alta capacidad.\u00a0Con corredera forjada y ca\u00f1\u00f3n forjado a martillo con acabado protector Melonite.\u00a0La corredera redise\u00f1ada tiene dientes delanteros y traseros m\u00e1s profundos y pronunciados para facilitar la manipulaci\u00f3n.\u00a0La pistola est\u00e1 equipada con mira frontal de fibra \u00f3ptica y mira trasera de perfil bajo.\u00a0Las vistas est\u00e1n dentadas para evitar el deslumbramiento.\u00a0El SF19 tiene una palanca de tope deslizante totalmente ambidiestro y un ret\u00e9n del cargador, tres sistemas de seguridad: seguridad del percutor, seguridad del agarre y seguridad del gatillo con dos indicadores: estado del percutor e indicador de rec\u00e1mara cargada (tanto visual como t\u00e1ctil).\u00a0Otras caracter\u00edsticas incluyen riel picatinny, texturas de marco agresivas, correas traseras intercambiables (3 tama\u00f1os) y gatillo de cara plana mejorado con reinicio m\u00e1s corto para tomas de seguimiento m\u00e1s r\u00e1pidas.<\/p>\n<p>La pistola viene con 3 cargadores de alta capacidad de acero inoxidable (19+1).<\/p>\n<p>Descripcio\u0301n<\/p>\n<div class=\"page\" title=\"Page 93\">\n<div class=\"layoutArea\">\n<div class=\"column\">\n<p>Ancho 36,5mm<\/p>\n<p>Hecho en Croacia.<\/p>\n<p>Calibre: 9X19Peso: 805g<\/p>\n<p>Cargador: 19 rounds<\/p>\n<p>Largo Total: 209,5mm<\/p>\n<p>Largo Can\u0303o\u0301n: 133mm<\/p>\n<p>Alto: 146,5mm<\/p>\n<\/div>\n<p><strong>Este producto est\u00e1 controlado por la ley y no se puede agregar al carro de compras.<\/strong><br \/>\n<strong>Para adquirir este producto, usted debe\u00a0<a href=\"https:\/\/www.target.cl\/index.php?main_page=contact_us&amp;pid=1990&amp;to=1\">contactarnos<\/a>\u00a0para formalizar el proceso.<\/strong><\/p>\n<\/div>\n<\/div>","protected":false},"featured_media":32504,"comment_status":"open","ping_status":"closed","template":"","meta":[],"product_brand":[],"product_cat":[47,55],"product_tag":[],"class_list":{"0":"post-32501","1":"product","2":"type-product","3":"status-publish","4":"has-post-thumbnail","6":"product_cat-armas-cortas","7":"product_cat-pringfield-armory","9":"first","10":"outofstock","11":"shipping-taxable","12":"purchasable","13":"product-type-simple"},"_links":{"self":[{"href":"https:\/\/urbantacs.cl\/en\/wp-json\/wp\/v2\/product\/32501","targetHints":{"allow":["GET"]}}],"collection":[{"href":"https:\/\/urbantacs.cl\/en\/wp-json\/wp\/v2\/product"}],"about":[{"href":"https:\/\/urbantacs.cl\/en\/wp-json\/wp\/v2\/types\/product"}],"replies":[{"embeddable":true,"href":"https:\/\/urbantacs.cl\/en\/wp-json\/wp\/v2\/comments?post=32501"}],"wp:featuredmedia":[{"embeddable":true,"href":"https:\/\/urbantacs.cl\/en\/wp-json\/wp\/v2\/media\/32504"}],"wp:attachment":[{"href":"https:\/\/urbantacs.cl\/en\/wp-json\/wp\/v2\/media?parent=32501"}],"wp:term":[{"taxonomy":"product_brand","embeddable":true,"href":"https:\/\/urbantacs.cl\/en\/wp-json\/wp\/v2\/product_brand?post=32501"},{"taxonomy":"product_cat","embeddable":true,"href":"https:\/\/urbantacs.cl\/en\/wp-json\/wp\/v2\/product_cat?post=32501"},{"taxonomy":"product_tag","embeddable":true,"href":"https:\/\/urbantacs.cl\/en\/wp-json\/wp\/v2\/product_tag?post=32501"}],"curies":[{"name":"wp","href":"https:\/\/api.w.org\/{rel}","templated":true}]}}