{"id":32517,"date":"2022-06-05T02:23:53","date_gmt":"2022-06-05T06:23:53","guid":{"rendered":"https:\/\/urbantacs.cl\/?post_type=product&#038;p=32517"},"modified":"2026-02-13T11:24:26","modified_gmt":"2026-02-13T14:24:26","slug":"pistola-hs-h11-9x19-negro","status":"publish","type":"product","link":"https:\/\/urbantacs.cl\/en\/product\/pistola-hs-h11-9x19-negro\/","title":{"rendered":"Pistola HS H11 9&#215;19 NEGRO"},"content":{"rendered":"","protected":false},"excerpt":{"rendered":"<p style=\"text-align: justify;\">La H11 es una pistola microcompacta con armaz\u00f3n de pol\u00edmero disparada por percutor.\u00a0Con ca\u00f1\u00f3n forjado a martillo y corredera forjada con acabado protector Melonite.\u00a0El dise\u00f1o de cargador patentado hace que el H11 sea el microcompacto de 9 mm de mayor capacidad del mundo.\u00a0La textura de agarre especialmente dise\u00f1ada proporciona un control excepcional durante disparos r\u00e1pidos.\u00a0La corredera tiene dientes delanteros y traseros para una manipulaci\u00f3n m\u00e1s f\u00e1cil y est\u00e1 equipada con una mira frontal de fibra \u00f3ptica y una mira trasera con muesca en U en cola de milano.\u00a0El H11 est\u00e1 equipado con dos dispositivos de seguridad: el gatillo, el percutor y el indicador de rec\u00e1mara cargada.\u00a0El lanzamiento de la revista es de tipo reversible y se puede ajustar para tiradores zurdos o diestros.\u00a0La pistola viene con dos tipos de cargadores de acero inoxidable: uno se ajusta al ras con una capacidad de 11+1, el otro se extiende con una capacidad de 13+1.<br \/>\nEl peso ligero, la capacidad y la fiabilidad hacen que el H11 sea el arma perfecta para llevar oculta.<\/p>\n<p>Detalles:<\/p>\n<ul>\n<li>Ca\u00f1\u00f3n martillado en fr\u00edo (79.50 mm)<\/li>\n<li>Acabado: acero y pol\u00edmero texturizado negro<\/li>\n<li>Calibre: 9 \u00d7 19 (Luger de 9 mm)<\/li>\n<li>Capacidad total: 11 + 1 disparos y 13 + 1 disparos<\/li>\n<li>Seguridad: con la cola del gatillo y el percutor<\/li>\n<li>Seguridad en ca\u00edda: interna<\/li>\n<li>Peso: 455 gramos (vac\u00edo)<\/li>\n<li><span class=\"VIiyi\" lang=\"fr\"><span class=\"JLqJ4b ChMk0b\" data-language-for-alternatives=\"fr\" data-language-to-translate-into=\"en\" data-phrase-index=\"1\">Longitud (total): 153 mm<\/span><\/span><\/li>\n<li><span class=\"VIiyi\" lang=\"fr\"><span class=\"JLqJ4b ChMk0b\" data-language-for-alternatives=\"fr\" data-language-to-translate-into=\"en\" data-phrase-index=\"7\">Ancho (total): 27 mm<\/span><\/span><\/li>\n<li><span class=\"VIiyi\" lang=\"fr\"><span class=\"JLqJ4b ChMk0b\" data-language-for-alternatives=\"fr\" data-language-to-translate-into=\"en\" data-phrase-index=\"13\">Altura incluido Mag. (Cargador de 11 cartuchos): 106,5 mm<\/span><\/span><\/li>\n<li><span class=\"VIiyi\" lang=\"fr\"><span class=\"JLqJ4b ChMk0b\" data-language-for-alternatives=\"fr\" data-language-to-translate-into=\"en\" data-phrase-index=\"13\">Altura incluido Mag. (Cargador de 13 cartuchos): 119 mm<\/span><\/span><\/li>\n<li>03 cargadores de metal \u2013 01 cargador de 11 disparos \/ 02 cargador de 13 disparos<\/li>\n<li>01 kit de limpieza<\/li>\n<li>Entregado en estuche<\/li>\n<\/ul>\n<p><strong>Este producto est\u00e1 controlado por la ley y no se puede agregar al carro de compras.<\/strong><br \/>\n<strong>Para adquirir este producto, usted debe\u00a0<a href=\"https:\/\/www.target.cl\/index.php?main_page=contact_us&amp;pid=1990&amp;to=1\">contactarnos<\/a>\u00a0para formalizar el proceso.<\/strong><\/p>","protected":false},"featured_media":32523,"comment_status":"open","ping_status":"closed","template":"","meta":[],"product_brand":[],"product_cat":[47,55],"product_tag":[],"class_list":{"0":"post-32517","1":"product","2":"type-product","3":"status-publish","4":"has-post-thumbnail","6":"product_cat-armas-cortas","7":"product_cat-pringfield-armory","9":"first","10":"outofstock","11":"sold-individually","12":"shipping-taxable","13":"purchasable","14":"product-type-simple"},"_links":{"self":[{"href":"https:\/\/urbantacs.cl\/en\/wp-json\/wp\/v2\/product\/32517","targetHints":{"allow":["GET"]}}],"collection":[{"href":"https:\/\/urbantacs.cl\/en\/wp-json\/wp\/v2\/product"}],"about":[{"href":"https:\/\/urbantacs.cl\/en\/wp-json\/wp\/v2\/types\/product"}],"replies":[{"embeddable":true,"href":"https:\/\/urbantacs.cl\/en\/wp-json\/wp\/v2\/comments?post=32517"}],"wp:featuredmedia":[{"embeddable":true,"href":"https:\/\/urbantacs.cl\/en\/wp-json\/wp\/v2\/media\/32523"}],"wp:attachment":[{"href":"https:\/\/urbantacs.cl\/en\/wp-json\/wp\/v2\/media?parent=32517"}],"wp:term":[{"taxonomy":"product_brand","embeddable":true,"href":"https:\/\/urbantacs.cl\/en\/wp-json\/wp\/v2\/product_brand?post=32517"},{"taxonomy":"product_cat","embeddable":true,"href":"https:\/\/urbantacs.cl\/en\/wp-json\/wp\/v2\/product_cat?post=32517"},{"taxonomy":"product_tag","embeddable":true,"href":"https:\/\/urbantacs.cl\/en\/wp-json\/wp\/v2\/product_tag?post=32517"}],"curies":[{"name":"wp","href":"https:\/\/api.w.org\/{rel}","templated":true}]}}