{"id":32530,"date":"2022-06-09T23:02:44","date_gmt":"2022-06-10T03:02:44","guid":{"rendered":"https:\/\/urbantacs.cl\/?post_type=product&#038;p=32530"},"modified":"2026-02-14T23:26:45","modified_gmt":"2026-02-15T02:26:45","slug":"escopeta-semiautomatica-huglu-xr-7","status":"publish","type":"product","link":"https:\/\/urbantacs.cl\/en\/product\/escopeta-semiautomatica-huglu-xr-7\/","title":{"rendered":"Escopeta Semiautomatica Huglu XR 7"},"content":{"rendered":"","protected":false},"excerpt":{"rendered":"<p style=\"text-align: justify;\">El XR7 es una escopeta semiautom\u00e1tica operada por gas que utiliza un exoesqueleto de aluminio con miras abiertas extra\u00edbles y rieles Picatinny para maximizar las opciones de observaci\u00f3n.\u00a0El cargador de caja desmontable atraer\u00e1 a los tiradores de escopeta pr\u00e1cticos y todo viene en su propio estuche ABS con sombrero, correa y tres cargadores. Tiene una culata y mejillera ajustable, tambi\u00e9n rieles frontales de 20 mm para linterna o l\u00e1ser y un riel superior largo para punto rojo.<br \/>\nSu cuerpo esta hecho en aluminio de alta resistencia y su ca\u00f1\u00f3n es de acero 4140, el ca\u00f1\u00f3n tambi\u00e9n tiene una rosca para amortiguadores intercambiables, lo que aumenta la precisi\u00f3n del disparo seg\u00fan el amortiguador y el cartucho utilizado, su culata t\u00e1ctica telesc\u00f3pica es ajustable en 4 posiciones con cantonera de goma suave que ayuda a mitigar el gran retroceso.<\/p>\n<p>&nbsp;<\/p>\n<div class=\"al-ty-h3 mb-2\"><strong>Descripci\u00f3n<\/strong><\/div>\n<div class=\"al-addet-desc-text\">\n<p>Sistema operado por gas<\/p>\n<p>c\u00e1mara de 3&#8243;<\/p>\n<p>Receptor de aluminio 7075<\/p>\n<p>Culata ajustable<\/p>\n<p>ca\u00f1\u00f3n de 24&#8243;<\/p>\n<p>Culata telesc\u00f3pica<\/p>\n<p>Viene con cabestrillo y freno de boca.<\/p>\n<p>Perno transversal de seguridad en el guardamonte<\/p>\n<p>Capacidad para cargadores de 10, 5 y 2 Cartuchos<\/p>\n<p>Peso 4 kg (con cargador de 5 cartuchos)<\/p>\n<p>Viene con estuche de pol\u00edmero<\/p>\n<p>Calibre 12<\/p>\n<p>Color Pavonado<\/p>\n<\/div>\n<p><strong>Este producto est\u00e1 controlado por la ley y no se puede agregar al carro de compras.<\/strong><br \/>\n<strong>Para adquirir este producto, usted debe\u00a0<a href=\"https:\/\/www.target.cl\/index.php?main_page=contact_us&amp;pid=1990&amp;to=1\">contactarnos<\/a>\u00a0para formalizar el proceso.<\/strong><\/p>","protected":false},"featured_media":32535,"comment_status":"open","ping_status":"closed","template":"","meta":[],"product_brand":[],"product_cat":[94,35,36],"product_tag":[],"class_list":{"0":"post-32530","1":"product","2":"type-product","3":"status-publish","4":"has-post-thumbnail","6":"product_cat-escopetas","7":"product_cat-armamento","8":"product_cat-caza","10":"first","11":"onbackorder","12":"shipping-taxable","13":"purchasable","14":"product-type-simple"},"_links":{"self":[{"href":"https:\/\/urbantacs.cl\/en\/wp-json\/wp\/v2\/product\/32530","targetHints":{"allow":["GET"]}}],"collection":[{"href":"https:\/\/urbantacs.cl\/en\/wp-json\/wp\/v2\/product"}],"about":[{"href":"https:\/\/urbantacs.cl\/en\/wp-json\/wp\/v2\/types\/product"}],"replies":[{"embeddable":true,"href":"https:\/\/urbantacs.cl\/en\/wp-json\/wp\/v2\/comments?post=32530"}],"wp:featuredmedia":[{"embeddable":true,"href":"https:\/\/urbantacs.cl\/en\/wp-json\/wp\/v2\/media\/32535"}],"wp:attachment":[{"href":"https:\/\/urbantacs.cl\/en\/wp-json\/wp\/v2\/media?parent=32530"}],"wp:term":[{"taxonomy":"product_brand","embeddable":true,"href":"https:\/\/urbantacs.cl\/en\/wp-json\/wp\/v2\/product_brand?post=32530"},{"taxonomy":"product_cat","embeddable":true,"href":"https:\/\/urbantacs.cl\/en\/wp-json\/wp\/v2\/product_cat?post=32530"},{"taxonomy":"product_tag","embeddable":true,"href":"https:\/\/urbantacs.cl\/en\/wp-json\/wp\/v2\/product_tag?post=32530"}],"curies":[{"name":"wp","href":"https:\/\/api.w.org\/{rel}","templated":true}]}}