{"id":32543,"date":"2022-06-29T01:22:31","date_gmt":"2022-06-29T05:22:31","guid":{"rendered":"https:\/\/urbantacs.cl\/?post_type=product&#038;p=32543"},"modified":"2026-02-26T10:36:56","modified_gmt":"2026-02-26T13:36:56","slug":"municion-aguila-calibre-40sw","status":"publish","type":"product","link":"https:\/\/urbantacs.cl\/en\/product\/municion-aguila-calibre-40sw\/","title":{"rendered":"MUNICION AGUILA CALIBRE .40S&#038;W"},"content":{"rendered":"","protected":false},"excerpt":{"rendered":"<p><span>Durante m\u00e1s de 50 a\u00f1os, Aguila Ammunition se ha dedicado al desarrollo y fabricaci\u00f3n de municiones recreativas, de caza y policiales.\u00a0<\/span><span>\u00a1Aguila se enorgullece de ofrecer una extensa l\u00ednea de municiones y es reconocida como uno de los mayores fabricantes de Rimfire del mundo!\u00a0<\/span><span>Su munici\u00f3n se produce en una instalaci\u00f3n de vanguardia recientemente actualizada que combina la tecnolog\u00eda actual y materias primas de primera calidad con algunos de los procesos de control de calidad m\u00e1s completos de la industria.\u00a0<\/span><span>Todo Aguila cumple con los est\u00e1ndares SAAMI y CIP garantizando la confiabilidad y desempe\u00f1o que demandan los clientes.<\/span><\/p>\n<p>Municion Cal 40 S&amp;W marca Aguila jsp 180 gr.<\/p>\n<p>&nbsp;<\/p>\n<p><strong>Este producto est\u00e1 controlado por la ley y no se puede agregar al carro de compras.<\/strong><br \/>\n<strong>Para adquirir este producto, usted debe\u00a0<a href=\"https:\/\/www.target.cl\/index.php?main_page=contact_us&amp;pid=1990&amp;to=1\">contactarnos<\/a>\u00a0para formalizar el proceso.<\/strong><\/p>","protected":false},"featured_media":32544,"comment_status":"open","ping_status":"closed","template":"","meta":[],"product_brand":[],"product_cat":[57,38],"product_tag":[],"class_list":{"0":"post-32543","1":"product","2":"type-product","3":"status-publish","4":"has-post-thumbnail","6":"product_cat-cal-40-sw","7":"product_cat-municiones","9":"first","10":"outofstock","11":"shipping-taxable","12":"product-type-simple"},"_links":{"self":[{"href":"https:\/\/urbantacs.cl\/en\/wp-json\/wp\/v2\/product\/32543","targetHints":{"allow":["GET"]}}],"collection":[{"href":"https:\/\/urbantacs.cl\/en\/wp-json\/wp\/v2\/product"}],"about":[{"href":"https:\/\/urbantacs.cl\/en\/wp-json\/wp\/v2\/types\/product"}],"replies":[{"embeddable":true,"href":"https:\/\/urbantacs.cl\/en\/wp-json\/wp\/v2\/comments?post=32543"}],"wp:featuredmedia":[{"embeddable":true,"href":"https:\/\/urbantacs.cl\/en\/wp-json\/wp\/v2\/media\/32544"}],"wp:attachment":[{"href":"https:\/\/urbantacs.cl\/en\/wp-json\/wp\/v2\/media?parent=32543"}],"wp:term":[{"taxonomy":"product_brand","embeddable":true,"href":"https:\/\/urbantacs.cl\/en\/wp-json\/wp\/v2\/product_brand?post=32543"},{"taxonomy":"product_cat","embeddable":true,"href":"https:\/\/urbantacs.cl\/en\/wp-json\/wp\/v2\/product_cat?post=32543"},{"taxonomy":"product_tag","embeddable":true,"href":"https:\/\/urbantacs.cl\/en\/wp-json\/wp\/v2\/product_tag?post=32543"}],"curies":[{"name":"wp","href":"https:\/\/api.w.org\/{rel}","templated":true}]}}