{"id":32568,"date":"2022-08-18T00:59:10","date_gmt":"2022-08-18T04:59:10","guid":{"rendered":"https:\/\/urbantacs.cl\/?post_type=product&#038;p=32568"},"modified":"2026-02-17T11:09:21","modified_gmt":"2026-02-17T14:09:21","slug":"taurus-82s-38-4-6-tiros","status":"publish","type":"product","link":"https:\/\/urbantacs.cl\/en\/product\/taurus-82s-38-4-6-tiros\/","title":{"rendered":"TAURUS 82S .38\/4&#8243;\/6 TIROS"},"content":{"rendered":"","protected":false},"excerpt":{"rendered":"<p style=\"text-align: justify;\">Revolver Taurus, Cal. 38 Special, 6 tiros, ca\u00f1\u00f3n 4\u2033. Acero y empu\u00f1aduras de goma. Ideal para guardias de seguridad.<\/p>\n<p style=\"text-align: justify;\">Con una selecci\u00f3n de 38 Special +P, el Taurus 82 es un rev\u00f3lver de 6 tiros con una c\u00f3moda empu\u00f1adura de goma y un acabado profundo y radiante.\u00a0Con un martillo con espuelas, miras fijas y un gatillo personalizado de acci\u00f3n simple\/doble para mejorar la precisi\u00f3n y la velocidad, el 82 es el rev\u00f3lver ideal para el hogar o la autodefensa.<\/p>\n<h3 class=\"heading--delta\">ESPECIFICACIONES T\u00c9CNICAS<\/h3>\n<div class=\"product-spec\">\n<p><strong>Calibre<\/strong>\u00a0.38 SPL<br \/>\n<strong>Capacidad<\/strong>\u00a06 cartuchos<br \/>\n<strong>Acci\u00f3n<\/strong>\u00a0SA\/DA<br \/>\n<strong>Largo del canon<\/strong>\u00a0101 mm<\/p>\n<p>&nbsp;<\/p>\n<\/div>\n<p><strong>Este producto est\u00e1 controlado por la ley y no se puede agregar al carro de compras.<\/strong><br \/>\n<strong>Para adquirir este producto, usted debe\u00a0<a href=\"https:\/\/www.target.cl\/index.php?main_page=contact_us&amp;pid=1990&amp;to=1\">contactarnos<\/a>\u00a0para formalizar el proceso.<\/strong><\/p>","protected":false},"featured_media":32570,"comment_status":"open","ping_status":"closed","template":"","meta":[],"product_brand":[],"product_cat":[47,91,54],"product_tag":[],"class_list":{"0":"post-32568","1":"product","2":"type-product","3":"status-publish","4":"has-post-thumbnail","6":"product_cat-armas-cortas","7":"product_cat-revolver","8":"product_cat-taurus","10":"first","11":"instock","12":"shipping-taxable","13":"purchasable","14":"product-type-simple"},"_links":{"self":[{"href":"https:\/\/urbantacs.cl\/en\/wp-json\/wp\/v2\/product\/32568","targetHints":{"allow":["GET"]}}],"collection":[{"href":"https:\/\/urbantacs.cl\/en\/wp-json\/wp\/v2\/product"}],"about":[{"href":"https:\/\/urbantacs.cl\/en\/wp-json\/wp\/v2\/types\/product"}],"replies":[{"embeddable":true,"href":"https:\/\/urbantacs.cl\/en\/wp-json\/wp\/v2\/comments?post=32568"}],"wp:featuredmedia":[{"embeddable":true,"href":"https:\/\/urbantacs.cl\/en\/wp-json\/wp\/v2\/media\/32570"}],"wp:attachment":[{"href":"https:\/\/urbantacs.cl\/en\/wp-json\/wp\/v2\/media?parent=32568"}],"wp:term":[{"taxonomy":"product_brand","embeddable":true,"href":"https:\/\/urbantacs.cl\/en\/wp-json\/wp\/v2\/product_brand?post=32568"},{"taxonomy":"product_cat","embeddable":true,"href":"https:\/\/urbantacs.cl\/en\/wp-json\/wp\/v2\/product_cat?post=32568"},{"taxonomy":"product_tag","embeddable":true,"href":"https:\/\/urbantacs.cl\/en\/wp-json\/wp\/v2\/product_tag?post=32568"}],"curies":[{"name":"wp","href":"https:\/\/api.w.org\/{rel}","templated":true}]}}