{"id":32601,"date":"2022-09-07T00:08:46","date_gmt":"2022-09-07T03:08:46","guid":{"rendered":"https:\/\/urbantacs.cl\/?post_type=product&#038;p=32601"},"modified":"2026-02-14T23:31:52","modified_gmt":"2026-02-15T02:31:52","slug":"escopeta-hatsan-escort-aimguard-repeticion-calibre-12","status":"publish","type":"product","link":"https:\/\/urbantacs.cl\/en\/product\/escopeta-hatsan-escort-aimguard-repeticion-calibre-12\/","title":{"rendered":"ESCOPETA HATSAN ESCORT AIMGUARD REPETICI\u00d3N CALIBRE .12"},"content":{"rendered":"","protected":false},"excerpt":{"rendered":"<p>Escopeta AimGuard especialmente dise\u00f1ada para las fuerzas de seguridad, es reconocida como la escopeta\u00a0 de la l\u00ednea de defensa de HATSAN. Cuenta con un dise\u00f1o ergon\u00f3mico largo para una carga f\u00e1cil y r\u00e1pida, culata sint\u00e9tica con cantonera de goma para una mayor absorci\u00f3n del retroceso e incluye una empu\u00f1adura adicional tipo pistola, la que puede intercambiarse f\u00e1cilmente, d\u00e1ndole un estilo a\u00fan mas vers\u00e1til.<\/p>\n<p>Descripci\u00f3n:<\/p>\n<ul>\n<li><strong>Calibre: <\/strong>12 GA<\/li>\n<li><strong>C\u00e1mara:\u00a0<\/strong>3 \u00ab\/ 76 mm Magnum<\/li>\n<li><strong>Acci\u00f3n:<\/strong>\u00a0Repetici\u00f3n<\/li>\n<li><strong>Disposici\u00f3n del ca\u00f1\u00f3n:<\/strong>\u00a0un ca\u00f1\u00f3n<\/li>\n<li><strong>Stock &amp; Forend:\u00a0<\/strong>Pol\u00edmero<\/li>\n<li><strong>Almohadilla de retroceso:\u00a0<\/strong>Caucho<\/li>\n<li><strong>Receptor:\u00a0<\/strong>Aleaci\u00f3n de aire, anodizado negro<\/li>\n<li><strong>Barril:\u00a0<\/strong>Acero Ni-Cr-Mo acabado en cromo negro<\/li>\n<li><strong>Longitud del ca\u00f1\u00f3n:\u00a0<\/strong>18 \u00ab\/ 46cm \u2013 20 \u00ab\/ 51cm<\/li>\n<li><strong>Longitud total:\u00a0<\/strong>38 \u00ab\/ 96cm40 \u00ab\/ 100 cm<\/li>\n<li><strong>Capacidad del cargador:\u00a0<\/strong>7+1<\/li>\n<li><strong>Choques Disponibles:\u00a0<\/strong>Cilindro fijo<\/li>\n<li><strong>Visi\u00f3n:\u00a0<\/strong>Vista frontal de fibra \u00f3ptica<\/li>\n<li><strong>Seguridad:\u00a0<\/strong>Bot\u00f3n cruzado manual<\/li>\n<li><strong>Peso promedio:\u00a0<\/strong>6.4 libras \/ 2.9 kg<\/li>\n<\/ul>\n<p><strong>Este producto est\u00e1 controlado por la ley y no se puede agregar al carro de compras.<\/strong><br \/>\n<strong>Para adquirir este producto, usted debe\u00a0<a href=\"https:\/\/www.target.cl\/index.php?main_page=contact_us&amp;pid=1990&amp;to=1\">contactarnos<\/a>\u00a0para formalizar el proceso.<\/strong><\/p>","protected":false},"featured_media":32602,"comment_status":"open","ping_status":"closed","template":"","meta":[],"product_brand":[],"product_cat":[94,35,36],"product_tag":[],"class_list":{"0":"post-32601","1":"product","2":"type-product","3":"status-publish","4":"has-post-thumbnail","6":"product_cat-escopetas","7":"product_cat-armamento","8":"product_cat-caza","10":"first","11":"outofstock","12":"shipping-taxable","13":"purchasable","14":"product-type-simple"},"_links":{"self":[{"href":"https:\/\/urbantacs.cl\/en\/wp-json\/wp\/v2\/product\/32601","targetHints":{"allow":["GET"]}}],"collection":[{"href":"https:\/\/urbantacs.cl\/en\/wp-json\/wp\/v2\/product"}],"about":[{"href":"https:\/\/urbantacs.cl\/en\/wp-json\/wp\/v2\/types\/product"}],"replies":[{"embeddable":true,"href":"https:\/\/urbantacs.cl\/en\/wp-json\/wp\/v2\/comments?post=32601"}],"wp:featuredmedia":[{"embeddable":true,"href":"https:\/\/urbantacs.cl\/en\/wp-json\/wp\/v2\/media\/32602"}],"wp:attachment":[{"href":"https:\/\/urbantacs.cl\/en\/wp-json\/wp\/v2\/media?parent=32601"}],"wp:term":[{"taxonomy":"product_brand","embeddable":true,"href":"https:\/\/urbantacs.cl\/en\/wp-json\/wp\/v2\/product_brand?post=32601"},{"taxonomy":"product_cat","embeddable":true,"href":"https:\/\/urbantacs.cl\/en\/wp-json\/wp\/v2\/product_cat?post=32601"},{"taxonomy":"product_tag","embeddable":true,"href":"https:\/\/urbantacs.cl\/en\/wp-json\/wp\/v2\/product_tag?post=32601"}],"curies":[{"name":"wp","href":"https:\/\/api.w.org\/{rel}","templated":true}]}}