{"id":32624,"date":"2022-09-26T23:33:39","date_gmt":"2022-09-27T02:33:39","guid":{"rendered":"https:\/\/urbantacs.cl\/?post_type=product&#038;p=32624"},"modified":"2026-02-26T10:32:20","modified_gmt":"2026-02-26T13:32:20","slug":"municion-aguila-subsonica-calibre-22lr-40-grains","status":"publish","type":"product","link":"https:\/\/urbantacs.cl\/en\/product\/municion-aguila-subsonica-calibre-22lr-40-grains\/","title":{"rendered":"Munici\u00f3n \u00c1guila Subs\u00f3nica, calibre .22LR 40 Grains"},"content":{"rendered":"","protected":false},"excerpt":{"rendered":"<p>El cartucho Aguila cal. 22 LR 40 grains Subsonic garantiza una fiabilidad, precisi\u00f3n y rendimiento \u00f3ptimos. Cuenta con la tecnolog\u00eda Aguila Prime, que est\u00e1 dise\u00f1ada y probada seg\u00fan los est\u00e1ndares de tiro ol\u00edmpico.<br \/>\nPeso : 40 grains<br \/>\nCaja: 50<br \/>\nProcedencia: Mexico<br \/>\nCalibre: 22LR Punta solida<br \/>\nVelocidad: 1,025 FPS<\/p>\n<p><strong>Este producto est\u00e1 controlado por la ley y no se puede agregar al carro de compras.<\/strong><br \/>\n<strong>Para adquirir este producto, usted debe\u00a0<a href=\"https:\/\/www.target.cl\/index.php?main_page=contact_us&amp;pid=1990&amp;to=1\">contactarnos<\/a>\u00a0para formalizar el proceso.<\/strong><\/p>\n<p>&nbsp;<\/p>","protected":false},"featured_media":32625,"comment_status":"open","ping_status":"closed","template":"","meta":[],"product_brand":[],"product_cat":[58,38],"product_tag":[],"class_list":{"0":"post-32624","1":"product","2":"type-product","3":"status-publish","4":"has-post-thumbnail","6":"product_cat-cal-22-lr","7":"product_cat-municiones","9":"first","10":"outofstock","11":"shipping-taxable","12":"product-type-simple"},"_links":{"self":[{"href":"https:\/\/urbantacs.cl\/en\/wp-json\/wp\/v2\/product\/32624","targetHints":{"allow":["GET"]}}],"collection":[{"href":"https:\/\/urbantacs.cl\/en\/wp-json\/wp\/v2\/product"}],"about":[{"href":"https:\/\/urbantacs.cl\/en\/wp-json\/wp\/v2\/types\/product"}],"replies":[{"embeddable":true,"href":"https:\/\/urbantacs.cl\/en\/wp-json\/wp\/v2\/comments?post=32624"}],"wp:featuredmedia":[{"embeddable":true,"href":"https:\/\/urbantacs.cl\/en\/wp-json\/wp\/v2\/media\/32625"}],"wp:attachment":[{"href":"https:\/\/urbantacs.cl\/en\/wp-json\/wp\/v2\/media?parent=32624"}],"wp:term":[{"taxonomy":"product_brand","embeddable":true,"href":"https:\/\/urbantacs.cl\/en\/wp-json\/wp\/v2\/product_brand?post=32624"},{"taxonomy":"product_cat","embeddable":true,"href":"https:\/\/urbantacs.cl\/en\/wp-json\/wp\/v2\/product_cat?post=32624"},{"taxonomy":"product_tag","embeddable":true,"href":"https:\/\/urbantacs.cl\/en\/wp-json\/wp\/v2\/product_tag?post=32624"}],"curies":[{"name":"wp","href":"https:\/\/api.w.org\/{rel}","templated":true}]}}