{"id":32627,"date":"2022-09-26T23:52:53","date_gmt":"2022-09-27T02:52:53","guid":{"rendered":"https:\/\/urbantacs.cl\/?post_type=product&#038;p=32627"},"modified":"2026-02-26T10:32:11","modified_gmt":"2026-02-26T13:32:11","slug":"municion-aguila-supermaximum-hollow-point-calibre-22lr","status":"publish","type":"product","link":"https:\/\/urbantacs.cl\/en\/product\/municion-aguila-supermaximum-hollow-point-calibre-22lr\/","title":{"rendered":"Munici\u00f3n \u00c1guila Supermaximum Hollow Point, calibre .22LR"},"content":{"rendered":"","protected":false},"excerpt":{"rendered":"<p>Aguila Super Maximum se produce en su nueva planta de \u00faltima generaci\u00f3n utilizando tecnolog\u00eda actual y materias primas de primera calidad.\u00a0Est\u00e1n considerados como uno de los mayores productores de munici\u00f3n de percusi\u00f3n anular del mundo, dise\u00f1ados para pistolas semiautom\u00e1ticas y de cerrojo con balas de punta hueca de 30 granos y no corrosivos.<\/p>\n<ul>\n<li>El .22 m\u00e1s r\u00e1pido del mercado<\/li>\n<li>Alimentaci\u00f3n suave<\/li>\n<li>Confiable y preciso<\/li>\n<li>Velocidad de salida; 1700 FPS<\/li>\n<li>Fabricada en Mexico<\/li>\n<li>Bala punta hueca chapada en cobre<\/li>\n<li>Calibre 22LR<\/li>\n<li>Fuego anular<\/li>\n<li>Caja 50<\/li>\n<\/ul>\n<p><strong>Este producto est\u00e1 controlado por la ley y no se puede agregar al carro de compras.<\/strong><br \/>\n<strong>Para adquirir este producto, usted debe\u00a0<a href=\"https:\/\/www.target.cl\/index.php?main_page=contact_us&amp;pid=1990&amp;to=1\">contactarnos<\/a>\u00a0para formalizar el proceso.<\/strong><\/p>","protected":false},"featured_media":32628,"comment_status":"open","ping_status":"closed","template":"","meta":[],"product_brand":[],"product_cat":[58,38],"product_tag":[],"class_list":{"0":"post-32627","1":"product","2":"type-product","3":"status-publish","4":"has-post-thumbnail","6":"product_cat-cal-22-lr","7":"product_cat-municiones","9":"first","10":"outofstock","11":"shipping-taxable","12":"product-type-simple"},"_links":{"self":[{"href":"https:\/\/urbantacs.cl\/en\/wp-json\/wp\/v2\/product\/32627","targetHints":{"allow":["GET"]}}],"collection":[{"href":"https:\/\/urbantacs.cl\/en\/wp-json\/wp\/v2\/product"}],"about":[{"href":"https:\/\/urbantacs.cl\/en\/wp-json\/wp\/v2\/types\/product"}],"replies":[{"embeddable":true,"href":"https:\/\/urbantacs.cl\/en\/wp-json\/wp\/v2\/comments?post=32627"}],"wp:featuredmedia":[{"embeddable":true,"href":"https:\/\/urbantacs.cl\/en\/wp-json\/wp\/v2\/media\/32628"}],"wp:attachment":[{"href":"https:\/\/urbantacs.cl\/en\/wp-json\/wp\/v2\/media?parent=32627"}],"wp:term":[{"taxonomy":"product_brand","embeddable":true,"href":"https:\/\/urbantacs.cl\/en\/wp-json\/wp\/v2\/product_brand?post=32627"},{"taxonomy":"product_cat","embeddable":true,"href":"https:\/\/urbantacs.cl\/en\/wp-json\/wp\/v2\/product_cat?post=32627"},{"taxonomy":"product_tag","embeddable":true,"href":"https:\/\/urbantacs.cl\/en\/wp-json\/wp\/v2\/product_tag?post=32627"}],"curies":[{"name":"wp","href":"https:\/\/api.w.org\/{rel}","templated":true}]}}