{"id":32630,"date":"2022-09-27T00:01:45","date_gmt":"2022-09-27T03:01:45","guid":{"rendered":"https:\/\/urbantacs.cl\/?post_type=product&#038;p=32630"},"modified":"2026-02-26T09:58:05","modified_gmt":"2026-02-26T12:58:05","slug":"municion-aguila-super-extra-calibre-22lr-hollow-point","status":"publish","type":"product","link":"https:\/\/urbantacs.cl\/en\/product\/municion-aguila-super-extra-calibre-22lr-hollow-point\/","title":{"rendered":"Munici\u00f3n \u00c1guila Super Extra, calibre .22LR Hollow Point"},"content":{"rendered":"","protected":false},"excerpt":{"rendered":"<p>Durante m\u00e1s de 50 a\u00f1os, Aguila Ammunition se ha dedicado al desarrollo y fabricaci\u00f3n de municiones recreativas, de caza y policiales.\u00a0\u00a1Aguila se enorgullece de ofrecer una extensa l\u00ednea de municiones y es reconocida como uno de los mayores fabricantes de Rimfire del mundo!\u00a0Su munici\u00f3n se produce en una instalaci\u00f3n de vanguardia recientemente actualizada que combina la tecnolog\u00eda actual y materias primas de primera calidad con algunos de los procesos de control de calidad m\u00e1s completos de la industria.\u00a0Todo Aguila cumple con los est\u00e1ndares SAAMI y CIP garantizando la confiabilidad y desempe\u00f1o que demandan los clientes.<\/p>\n<p><strong>Especificaciones:<br \/>\n<\/strong>\u2022 Cartucho: rifle largo .22<br \/>\n\u2022 Peso del proyectil: 38 Grain<br \/>\n\u2022 Tipo de proyectil: bala de punta hueca enchapada en cobre<br \/>\n\u2022 Caja: lat\u00f3n<br \/>\n\u2022 No corrosivo: s\u00ed<br \/>\n\u2022 Velocidad inicial: 1280 fps<br \/>\n\u2022 Velocidad a 100 yardas: 1010 fps<br \/>\n\u2022 Energ\u00eda inicial: 137 ft\/lbs<br \/>\n\u2022 Energ\u00eda a 100 yardas: 94 ft\/ lbs<\/p>\n<p><strong>Este producto est\u00e1 controlado por la ley y no se puede agregar al carro de compras.<\/strong><br \/>\n<strong>Para adquirir este producto, usted debe\u00a0<a href=\"https:\/\/www.target.cl\/index.php?main_page=contact_us&amp;pid=1990&amp;to=1\">contactarnos<\/a>\u00a0para formalizar el proceso.<\/strong><\/p>","protected":false},"featured_media":32631,"comment_status":"open","ping_status":"closed","template":"","meta":[],"product_brand":[],"product_cat":[58,38],"product_tag":[],"class_list":{"0":"post-32630","1":"product","2":"type-product","3":"status-publish","4":"has-post-thumbnail","6":"product_cat-cal-22-lr","7":"product_cat-municiones","9":"first","10":"outofstock","11":"shipping-taxable","12":"product-type-simple"},"_links":{"self":[{"href":"https:\/\/urbantacs.cl\/en\/wp-json\/wp\/v2\/product\/32630","targetHints":{"allow":["GET"]}}],"collection":[{"href":"https:\/\/urbantacs.cl\/en\/wp-json\/wp\/v2\/product"}],"about":[{"href":"https:\/\/urbantacs.cl\/en\/wp-json\/wp\/v2\/types\/product"}],"replies":[{"embeddable":true,"href":"https:\/\/urbantacs.cl\/en\/wp-json\/wp\/v2\/comments?post=32630"}],"wp:featuredmedia":[{"embeddable":true,"href":"https:\/\/urbantacs.cl\/en\/wp-json\/wp\/v2\/media\/32631"}],"wp:attachment":[{"href":"https:\/\/urbantacs.cl\/en\/wp-json\/wp\/v2\/media?parent=32630"}],"wp:term":[{"taxonomy":"product_brand","embeddable":true,"href":"https:\/\/urbantacs.cl\/en\/wp-json\/wp\/v2\/product_brand?post=32630"},{"taxonomy":"product_cat","embeddable":true,"href":"https:\/\/urbantacs.cl\/en\/wp-json\/wp\/v2\/product_cat?post=32630"},{"taxonomy":"product_tag","embeddable":true,"href":"https:\/\/urbantacs.cl\/en\/wp-json\/wp\/v2\/product_tag?post=32630"}],"curies":[{"name":"wp","href":"https:\/\/api.w.org\/{rel}","templated":true}]}}