{"id":32633,"date":"2022-09-27T00:16:47","date_gmt":"2022-09-27T03:16:47","guid":{"rendered":"https:\/\/urbantacs.cl\/?post_type=product&#038;p=32633"},"modified":"2026-02-26T09:57:53","modified_gmt":"2026-02-26T12:57:53","slug":"municion-aguila-super-extra-calibre-22lr-vs-punta-solida-40-grains","status":"publish","type":"product","link":"https:\/\/urbantacs.cl\/en\/product\/municion-aguila-super-extra-calibre-22lr-vs-punta-solida-40-grains\/","title":{"rendered":"Munici\u00f3n \u00c1guila, Super Extra calibre .22LR VS Punta S\u00f3lida 40 grains"},"content":{"rendered":"","protected":false},"excerpt":{"rendered":"<p><span>Desde 1961, Aguila se ha dedicado al desarrollo y la fabricaci\u00f3n de munici\u00f3n militar, recreativa, de caza, de defensa personal y de alta calidad.\u00a0<\/span><span>Alimentaci\u00f3n suave y disparo directo, la munici\u00f3n Aguila es conocida por su larga historia de garant\u00eda de calidad y est\u00e1ndares exigentes.\u00a0<\/span><span>Es munici\u00f3n con un rendimiento consistente y confiable en el que puede confiar, disparo tras disparo.<\/span><\/p>\n<p><span>Peso: 40 Grano<br \/>\nVelocidad: 1130 FPS<br \/>\nEnerg\u00eda: 113 FT\/LB<br \/>\nRondas: 50<\/span><\/p>\n<p><strong>Este producto est\u00e1 controlado por la ley y no se puede agregar al carro de compras.<\/strong><br \/>\n<strong>Para adquirir este producto, usted debe\u00a0<a href=\"https:\/\/www.target.cl\/index.php?main_page=contact_us&amp;pid=1990&amp;to=1\">contactarnos<\/a>\u00a0para formalizar el proceso.<\/strong><\/p>","protected":false},"featured_media":32634,"comment_status":"open","ping_status":"closed","template":"","meta":[],"product_brand":[],"product_cat":[58,38],"product_tag":[],"class_list":{"0":"post-32633","1":"product","2":"type-product","3":"status-publish","4":"has-post-thumbnail","6":"product_cat-cal-22-lr","7":"product_cat-municiones","9":"first","10":"outofstock","11":"shipping-taxable","12":"product-type-simple"},"_links":{"self":[{"href":"https:\/\/urbantacs.cl\/en\/wp-json\/wp\/v2\/product\/32633","targetHints":{"allow":["GET"]}}],"collection":[{"href":"https:\/\/urbantacs.cl\/en\/wp-json\/wp\/v2\/product"}],"about":[{"href":"https:\/\/urbantacs.cl\/en\/wp-json\/wp\/v2\/types\/product"}],"replies":[{"embeddable":true,"href":"https:\/\/urbantacs.cl\/en\/wp-json\/wp\/v2\/comments?post=32633"}],"wp:featuredmedia":[{"embeddable":true,"href":"https:\/\/urbantacs.cl\/en\/wp-json\/wp\/v2\/media\/32634"}],"wp:attachment":[{"href":"https:\/\/urbantacs.cl\/en\/wp-json\/wp\/v2\/media?parent=32633"}],"wp:term":[{"taxonomy":"product_brand","embeddable":true,"href":"https:\/\/urbantacs.cl\/en\/wp-json\/wp\/v2\/product_brand?post=32633"},{"taxonomy":"product_cat","embeddable":true,"href":"https:\/\/urbantacs.cl\/en\/wp-json\/wp\/v2\/product_cat?post=32633"},{"taxonomy":"product_tag","embeddable":true,"href":"https:\/\/urbantacs.cl\/en\/wp-json\/wp\/v2\/product_tag?post=32633"}],"curies":[{"name":"wp","href":"https:\/\/api.w.org\/{rel}","templated":true}]}}