{"id":32651,"date":"2022-10-24T19:47:38","date_gmt":"2022-10-24T22:47:38","guid":{"rendered":"https:\/\/urbantacs.cl\/?post_type=product&#038;p=32651"},"modified":"2026-03-18T11:34:16","modified_gmt":"2026-03-18T14:34:16","slug":"pistola-smith-wesson-modelo-mp9-shield-plus-nts","status":"publish","type":"product","link":"https:\/\/urbantacs.cl\/en\/product\/pistola-smith-wesson-modelo-mp9-shield-plus-nts\/","title":{"rendered":"Pistola Smith &#038; Wesson modelo M&#038;P9 Shield Plus NTS"},"content":{"rendered":"","protected":false},"excerpt":{"rendered":"<p style=\"text-align: justify;\">El micro-compacto m\u00e1s confiable para llevar oculto est\u00e1 de regreso con m\u00e1s: capacidad para 13+1 rondas, \u00e1ngulo de agarre mejorado y textura de agarre m\u00e1s balanceada.<\/p>\n<p style=\"text-align: justify;\">El Smith &amp; Wesson M&amp;P Shield Plus NTS es un excelente arma de fuego para llevar todos los d\u00edas con un cargador de 13 y 10 rondas. Esta es una pistola extremadamente ligera y delgada. El ca\u00f1\u00f3n y la corredera tienen un acabado Armornite. Rec\u00e1mara en Luger de 9 mm. Todo respaldado por la Pol\u00edtica de servicio de por vida de Smith &amp; Wesson.<\/p>\n<p style=\"text-align: justify;\">ESPECIFICACIONES:<\/p>\n<ul>\n<li>Calibre: 9mm Luger<\/li>\n<li>Capacidad: 10+1 \/ 13+1<\/li>\n<li>Punto blanco de la mira delantera\u00a0 y vista trasera blanca de dos puntos<\/li>\n<li>Longitud 6.1<\/li>\n<li>Material del barril: Acero inoxidable con acabado Armornite<span class=\"strong\" data-condition=\"nullHideParent\" data-barrel-material=\"html\">\u00ae<\/span><\/li>\n<li><span class=\"strong\" data-condition=\"nullHideParent\" data-barrel-material=\"html\">Material de la corredera: Acero inoxidable con acabado Armornite\u00ae<\/span><\/li>\n<li>Material Marco de pol\u00edmero<\/li>\n<li>Longitud de barril 3,1&#8243; (7,9 cm)<\/li>\n<\/ul>\n<p style=\"text-align: justify;\"><strong>Este producto est\u00e1 controlado por la ley y no se puede agregar al carro de compras.<\/strong><br \/>\n<strong>Para adquirir este producto, usted debe\u00a0<a href=\"https:\/\/www.target.cl\/index.php?main_page=contact_us&amp;pid=1990&amp;to=1\">contactarnos<\/a>\u00a0para formalizar el proceso.<\/strong><\/p>","protected":false},"featured_media":32652,"comment_status":"open","ping_status":"closed","template":"","meta":[],"product_brand":[],"product_cat":[45,51],"product_tag":[],"class_list":{"0":"post-32651","1":"product","2":"type-product","3":"status-publish","4":"has-post-thumbnail","6":"product_cat-pistolas","7":"product_cat-smith-wesson-armas-cortas","9":"first","10":"outofstock","11":"shipping-taxable","12":"product-type-simple"},"_links":{"self":[{"href":"https:\/\/urbantacs.cl\/en\/wp-json\/wp\/v2\/product\/32651","targetHints":{"allow":["GET"]}}],"collection":[{"href":"https:\/\/urbantacs.cl\/en\/wp-json\/wp\/v2\/product"}],"about":[{"href":"https:\/\/urbantacs.cl\/en\/wp-json\/wp\/v2\/types\/product"}],"replies":[{"embeddable":true,"href":"https:\/\/urbantacs.cl\/en\/wp-json\/wp\/v2\/comments?post=32651"}],"wp:featuredmedia":[{"embeddable":true,"href":"https:\/\/urbantacs.cl\/en\/wp-json\/wp\/v2\/media\/32652"}],"wp:attachment":[{"href":"https:\/\/urbantacs.cl\/en\/wp-json\/wp\/v2\/media?parent=32651"}],"wp:term":[{"taxonomy":"product_brand","embeddable":true,"href":"https:\/\/urbantacs.cl\/en\/wp-json\/wp\/v2\/product_brand?post=32651"},{"taxonomy":"product_cat","embeddable":true,"href":"https:\/\/urbantacs.cl\/en\/wp-json\/wp\/v2\/product_cat?post=32651"},{"taxonomy":"product_tag","embeddable":true,"href":"https:\/\/urbantacs.cl\/en\/wp-json\/wp\/v2\/product_tag?post=32651"}],"curies":[{"name":"wp","href":"https:\/\/api.w.org\/{rel}","templated":true}]}}