{"id":32664,"date":"2022-10-25T23:51:32","date_gmt":"2022-10-26T02:51:32","guid":{"rendered":"https:\/\/urbantacs.cl\/?post_type=product&#038;p=32664"},"modified":"2026-02-14T16:25:27","modified_gmt":"2026-02-14T19:25:27","slug":"taurus-tx22-competition-calibre-22-lr","status":"publish","type":"product","link":"https:\/\/urbantacs.cl\/en\/product\/taurus-tx22-competition-calibre-22-lr\/","title":{"rendered":"TAURUS TX22 COMPETITION CALIBRE .22 LR"},"content":{"rendered":"","protected":false},"excerpt":{"rendered":"<div class=\"uk-section-default\">\n<div class=\"uk-background-norepeat uk-background-cover uk-background-bottom-center uk-section uk-padding-remove-vertical\" data-src=\"\/templates\/yootheme\/cache\/hero_bkgrnd-e47cbbcf.webp\" data-srcset=\"\/templates\/yootheme\/cache\/hero_bkgrnd-fad2b557.webp 768w, \/templates\/yootheme\/cache\/hero_bkgrnd-1cf2a78d.webp 1024w, \/templates\/yootheme\/cache\/hero_bkgrnd-a4607778.webp 1366w, \/templates\/yootheme\/cache\/hero_bkgrnd-68062d19.webp 1600w, \/templates\/yootheme\/cache\/hero_bkgrnd-fd5d4b8a.webp 1920w, \/templates\/yootheme\/cache\/hero_bkgrnd-e47cbbcf.webp 2560w\" data-sizes=\"(max-aspect-ratio: 2560\/1280) 200vh\">\n<div class=\"uk-grid-margin uk-container\">\n<div class=\"tm-grid-expand uk-child-width-1-1 uk-grid uk-grid-stack\">\n<div class=\"uk-first-column\">\n<div class=\"uk-panel uk-text-lead uk-text-emphasis uk-margin-xlarge uk-margin-remove-top uk-text-center uk-scrollspy-inview\">\n<div class=\"uk-section-default\">\n<div class=\"uk-background-norepeat uk-background-cover uk-background-bottom-center uk-section uk-padding-remove-vertical\" data-src=\"\/templates\/yootheme\/cache\/hero_bkgrnd-e47cbbcf.webp\" data-srcset=\"\/templates\/yootheme\/cache\/hero_bkgrnd-fad2b557.webp 768w, \/templates\/yootheme\/cache\/hero_bkgrnd-1cf2a78d.webp 1024w, \/templates\/yootheme\/cache\/hero_bkgrnd-a4607778.webp 1366w, \/templates\/yootheme\/cache\/hero_bkgrnd-68062d19.webp 1600w, \/templates\/yootheme\/cache\/hero_bkgrnd-fd5d4b8a.webp 1920w, \/templates\/yootheme\/cache\/hero_bkgrnd-e47cbbcf.webp 2560w\" data-sizes=\"(max-aspect-ratio: 2560\/1280) 200vh\">\n<div class=\"uk-grid-margin uk-container\">\n<div class=\"tm-grid-expand uk-child-width-1-1 uk-grid uk-grid-stack\">\n<div class=\"uk-first-column\">\n<div class=\"uk-panel uk-text-lead uk-text-emphasis uk-margin-xlarge uk-margin-remove-top uk-text-center uk-scrollspy-inview\" style=\"text-align: justify;\">Conozca la nueva TaurusTX\u2122 22 Competition, una modificaci\u00f3n personalizada de nuestra galardonada pistola deportiva de pol\u00edmero.\u00a0Este rimfire semiautom\u00e1tico de tama\u00f1o completo se redise\u00f1\u00f3 minuciosamente para satisfacer sus demandas de rendimiento m\u00e1s rigurosas.\u00a0La corredera mejorada lista para la \u00f3ptica de punto rojo y el conjunto Bull Barrel roscado de 5 \u00abbrinda precisi\u00f3n y versatilidad de grado de coincidencia para cualquier disciplina de tiro.\u00a0Brindando a los tiradores competitivos de hoy en d\u00eda la oportunidad \u00fanica de romper r\u00e9cords sin romper el banco.\u00a0Como siempre, la tranquilidad viene de serie con nuestra garant\u00eda limitada de por vida y el servicio de atenci\u00f3n al cliente l\u00edder en la industria.<\/div>\n<div class=\"uk-margin uk-text-center uk-scrollspy-inview\" style=\"text-align: justify;\">\n<p>Esta maravilla es una modificaci\u00f3n personalizada de la galardonada TX22, que el a\u00f1o 2020 gan\u00f3 el premio \u00abHandgun of the year\u00bb, considerada la pistola calibre .22 m\u00e1s avanzada del mercado.<strong>Especificaciones:<\/strong><\/p>\n<ul>\n<li>Calibre: .22 LR<\/li>\n<li>Capacidad de cargador: 16 tiros<\/li>\n<li>Incluye 3 cargadores<\/li>\n<li>Sistema de disparo: Striker<\/li>\n<li>Acci\u00f3n: SAO<\/li>\n<li>Seguridad: Seguro de aguja, seguro manual y seguro en el disparador.<\/li>\n<li>Mira delantera: Punto de mira fijo<\/li>\n<li>Mira trasera: Ajustable<\/li>\n<li>Tama\u00f1o: Full Size<\/li>\n<li>Longitud total: 203 mm<\/li>\n<li>Longitud de ca\u00f1\u00f3n: 5,25\u201d<\/li>\n<li>Material empu\u00f1adura: Pol\u00edmero<\/li>\n<li>Frame: Aluminio de alto grado<\/li>\n<li>Peso: 680 gr<\/li>\n<li>Riel Picatinny inferior (Mil-STD 1913).<\/li>\n<li>Ca\u00f1\u00f3n de competici\u00f3n con hilo.<\/li>\n<li>4 opciones de montaje para mira hologr\u00e1fica.<\/li>\n<li>Incluye compensador de gases.<\/li>\n<li>Incluye cubre hilo.<\/li>\n<li>\n<div>Tipo de Acci\u00f3n : Acci\u00f3n Simple S\u00f3lo<\/div>\n<\/li>\n<li>\n<div>Mira frontal Fijo (punto blanco)<\/div>\n<\/li>\n<li>\n<div>Mira trasera Ajustable (punto blanco)<\/div>\n<\/li>\n<li>\n<div>Longitud del ca\u00f1\u00f3n: 5,25 pulgadas = 13.3 cm<\/div>\n<\/li>\n<li>\n<div>Longitud total:\u00a0 8.15 pulgadas = 20.7 cm<\/div>\n<\/li>\n<li>Altura total: 5,44 pulgadas = 13.8 cm<\/li>\n<li>Ancho promedio: 1,25 pulgadas = 3.17 cm<\/li>\n<\/ul>\n<\/div>\n<\/div>\n<\/div>\n<\/div>\n<\/div>\n<\/div>\n<\/div>\n<\/div>\n<\/div>\n<\/div>\n<\/div>\n<\/div>\n<div class=\"uk-section-default\">\n<div class=\"uk-background-norepeat uk-background-cover uk-background-center-center uk-section uk-flex uk-flex-middle\" data-src=\"\/templates\/yootheme\/cache\/Taurus_TX22_Competition-571ab680.webp\" data-srcset=\"\/templates\/yootheme\/cache\/Taurus_TX22_Competition-0cf03d87.webp 768w, \/templates\/yootheme\/cache\/Taurus_TX22_Competition-e147521e.webp 1024w, \/templates\/yootheme\/cache\/Taurus_TX22_Competition-a461b7c3.webp 1366w, \/templates\/yootheme\/cache\/Taurus_TX22_Competition-2c94f0f8.webp 1600w, \/templates\/yootheme\/cache\/Taurus_TX22_Competition-e5029929.webp 1920w, \/templates\/yootheme\/cache\/Taurus_TX22_Competition-571ab680.webp 2560w\" data-sizes=\"(max-aspect-ratio: 2560\/1440) 178vh\">\n<div class=\"uk-width-1-1\">\n<div class=\"uk-container uk-container-expand\">\n<div class=\"uk-grid-margin uk-container uk-container-expand\">\n<div class=\"tm-grid-expand uk-grid\">\n<div class=\"uk-width-1-4@m uk-first-column\"><\/div>\n<\/div>\n<\/div>\n<\/div>\n<\/div>\n<\/div>\n<\/div>","protected":false},"featured_media":32669,"comment_status":"open","ping_status":"closed","template":"","meta":[],"product_brand":[],"product_cat":[45,54],"product_tag":[],"class_list":{"0":"post-32664","1":"product","2":"type-product","3":"status-publish","4":"has-post-thumbnail","6":"product_cat-pistolas","7":"product_cat-taurus","9":"first","10":"outofstock","11":"shipping-taxable","12":"purchasable","13":"product-type-simple"},"_links":{"self":[{"href":"https:\/\/urbantacs.cl\/en\/wp-json\/wp\/v2\/product\/32664","targetHints":{"allow":["GET"]}}],"collection":[{"href":"https:\/\/urbantacs.cl\/en\/wp-json\/wp\/v2\/product"}],"about":[{"href":"https:\/\/urbantacs.cl\/en\/wp-json\/wp\/v2\/types\/product"}],"replies":[{"embeddable":true,"href":"https:\/\/urbantacs.cl\/en\/wp-json\/wp\/v2\/comments?post=32664"}],"wp:featuredmedia":[{"embeddable":true,"href":"https:\/\/urbantacs.cl\/en\/wp-json\/wp\/v2\/media\/32669"}],"wp:attachment":[{"href":"https:\/\/urbantacs.cl\/en\/wp-json\/wp\/v2\/media?parent=32664"}],"wp:term":[{"taxonomy":"product_brand","embeddable":true,"href":"https:\/\/urbantacs.cl\/en\/wp-json\/wp\/v2\/product_brand?post=32664"},{"taxonomy":"product_cat","embeddable":true,"href":"https:\/\/urbantacs.cl\/en\/wp-json\/wp\/v2\/product_cat?post=32664"},{"taxonomy":"product_tag","embeddable":true,"href":"https:\/\/urbantacs.cl\/en\/wp-json\/wp\/v2\/product_tag?post=32664"}],"curies":[{"name":"wp","href":"https:\/\/api.w.org\/{rel}","templated":true}]}}