{"id":32672,"date":"2022-10-30T22:32:33","date_gmt":"2022-10-31T01:32:33","guid":{"rendered":"https:\/\/urbantacs.cl\/?post_type=product&#038;p=32672"},"modified":"2023-07-24T12:03:06","modified_gmt":"2023-07-24T16:03:06","slug":"rifle-pcp-gamo-arrow-cal-5-5","status":"publish","type":"product","link":"https:\/\/urbantacs.cl\/en\/product\/rifle-pcp-gamo-arrow-cal-5-5\/","title":{"rendered":"RIFLE PCP GAMO ARROW CAL 5.5"},"content":{"rendered":"","protected":false},"excerpt":{"rendered":"<p style=\"text-align: justify;\">Precisa, compacta y extremadamente efectiva.\u00a0 Ya disponible la nueva Gamo Arrow que ha llegado para revolucionar el competitivo segmento de las carabinas de aire comprimido PCP de alto rendimiento. Dise\u00f1ada y fabricada en Espa\u00f1a, bajo los m\u00e1s exigentes est\u00e1ndares de calidad Gamo.<\/p>\n<p>DESCRIPCI\u00d3N:<\/p>\n<ul>\n<li><label for=\"calibre\">CALIBRE: 5,5 mm (.22)<\/label><\/li>\n<li><label for=\"potencia\">POTENCIA: 24 Julios<\/label><\/li>\n<li><label for=\"velocidad\">VELOCIDAD: 268 m\/seg<\/label><\/li>\n<li><label for=\"accion\">ACCI\u00d3N: Multidisparo (cargador rotativo de 10 rondas)<\/label><\/li>\n<li><label for=\"silenciador\">SILENCIADOR: Whisper Fusion<\/label><\/li>\n<li><label for=\"motor\">MOTOR. PCP (Pre-Charged Pneumatic)<\/label><\/li>\n<li><label for=\"gatillo\">GATILLO: Ajustable en dos etapas CAT (Custom Action Trigger)<\/label><\/li>\n<li><label for=\"culata\">CULATA: Sint\u00e9tica desarrollada en pol\u00edmero de grado automotriz<\/label><\/li>\n<li><label for=\"picado\">PICADO: Pol\u00edmero Texturizado<\/label><\/li>\n<li><label for=\"culatin\">CULAT\u00cdN: Est\u00e1ndar Gamo<\/label><\/li>\n<li><label for=\"seguro\">SEGURO: De accionamiento manual<\/label><\/li>\n<li><label for=\"optica\">\u00d3PTICA: Miras abiertas<\/label><\/li>\n<li><label for=\"regleta\">REGLETA: Gamo Est\u00e1ndar (11mm Dovetail)<\/label><\/li>\n<li><label for=\"municion\">MUNICI\u00d3N: Balines de plomo &amp; Balines PBA (Performance Ballistic Alloy)<\/label><\/li>\n<li><label for=\"longitud\">LONGITUD: 100 cm<\/label><\/li>\n<li>AUTONOMIA: 60 tiros<\/li>\n<\/ul>","protected":false},"featured_media":32673,"comment_status":"open","ping_status":"closed","template":"","meta":[],"product_brand":[],"product_cat":[65],"product_tag":[],"class_list":{"0":"post-32672","1":"product","2":"type-product","3":"status-publish","4":"has-post-thumbnail","6":"product_cat-rifles-pcp","8":"first","9":"onbackorder","10":"shipping-taxable","11":"purchasable","12":"product-type-simple"},"_links":{"self":[{"href":"https:\/\/urbantacs.cl\/en\/wp-json\/wp\/v2\/product\/32672","targetHints":{"allow":["GET"]}}],"collection":[{"href":"https:\/\/urbantacs.cl\/en\/wp-json\/wp\/v2\/product"}],"about":[{"href":"https:\/\/urbantacs.cl\/en\/wp-json\/wp\/v2\/types\/product"}],"replies":[{"embeddable":true,"href":"https:\/\/urbantacs.cl\/en\/wp-json\/wp\/v2\/comments?post=32672"}],"wp:featuredmedia":[{"embeddable":true,"href":"https:\/\/urbantacs.cl\/en\/wp-json\/wp\/v2\/media\/32673"}],"wp:attachment":[{"href":"https:\/\/urbantacs.cl\/en\/wp-json\/wp\/v2\/media?parent=32672"}],"wp:term":[{"taxonomy":"product_brand","embeddable":true,"href":"https:\/\/urbantacs.cl\/en\/wp-json\/wp\/v2\/product_brand?post=32672"},{"taxonomy":"product_cat","embeddable":true,"href":"https:\/\/urbantacs.cl\/en\/wp-json\/wp\/v2\/product_cat?post=32672"},{"taxonomy":"product_tag","embeddable":true,"href":"https:\/\/urbantacs.cl\/en\/wp-json\/wp\/v2\/product_tag?post=32672"}],"curies":[{"name":"wp","href":"https:\/\/api.w.org\/{rel}","templated":true}]}}