{"id":32698,"date":"2022-11-15T23:35:44","date_gmt":"2022-11-16T02:35:44","guid":{"rendered":"https:\/\/urbantacs.cl\/?post_type=product&#038;p=32698"},"modified":"2026-03-18T11:07:58","modified_gmt":"2026-03-18T14:07:58","slug":"pistola-smith-wesson-performance-center-mp9-m2-0-5%e2%80%b3-barrel-pro-series","status":"publish","type":"product","link":"https:\/\/urbantacs.cl\/en\/product\/pistola-smith-wesson-performance-center-mp9-m2-0-5%e2%80%b3-barrel-pro-series\/","title":{"rendered":"Pistola Smith &#038; Wesson Performance Center\u00ae M&#038;P\u00ae9 M2.0\u2122 5\u2033 Barrel Pro Series\u00ae"},"content":{"rendered":"","protected":false},"excerpt":{"rendered":"<p style=\"text-align: justify;\">La nueva pistola M&amp;P9 M2.0 es una evoluci\u00f3n de la exitosa M&amp;P9. El Performance Center (PC), busca mejorar cada arma, perfeccionando al m\u00e1ximo su rendimiento y caracter\u00edsticas, d\u00e1ndole diferentes estilos tanto en detalles como las miras o cachas as\u00ed como tratando de perfeccionar su mec\u00e1nica, sacando al mercado distintas variantes y caras de cada modelo que no dejan indiferente a nadie.<\/p>\n<p>PLATAFORMA 2.0<br \/>\n&#8211; Con chasis met\u00e1lico en pr\u00e1cticamente toda su extensi\u00f3n (hasta el guardapolvos). Aumento de la rigidez estructural que redunda en una recuperaci\u00f3n lineal y mejora de las agrupaciones de tiro.<br \/>\n-Eje diametral del ca\u00f1\u00f3n muy bajo. Disminuci\u00f3n de la elevaci\u00f3n y control del arma.<\/p>\n<p><strong>DISPARADOR<\/strong><br \/>\n&#8211; Salida limpia y sin arrastres. Recuperaci\u00f3n (reset) r\u00e1pida, notoria y audible.<br \/>\n&#8211; Peso de 2,2 Kg.<\/p>\n<p><strong>CORREDERA<br \/>\n<\/strong>&#8211; Acero inoxidable con tratamiento en negro ARMONITE y aserraduras traseras y delanteras para facilitar el armado.<br \/>\n&#8211; Alza y punto de mira de fibra \u00f3ptica.<br \/>\n&#8211; Tobera de comprobaci\u00f3n visual de bala en rec\u00e1mara.<br \/>\n&#8211; Retenida de la corredera ambidiestra en sentido positivo. Es imposible que la corredera se desplace \u00a0hacia adelante aunque golpeemos con fuerza el cargador al hacer el cambio del mismo.<\/p>\n<p><strong>CACHA<br \/>\n<\/strong>&#8211; Textura especial que permite controlar el arma incluso con manos h\u00famedas.<br \/>\n&#8211; 4 lomos de empu\u00f1adura intercambiables (S-M-ML-L)<br \/>\n&#8211; Inclinaci\u00f3n de 18\u00ba para una adquisici\u00f3n de punter\u00eda de forma natural.<\/p>\n<p><strong>ARMAZON<\/strong><br \/>\n&#8211; De pol\u00edmero de alta densidad.<br \/>\n&#8211; Retenida del cargador reversible<br \/>\n&#8211; Retenida de la corredera positiva y ambidiestra.<br \/>\n&#8211; Carril Picatinny.<\/p>\n<table id=\"global_features_wrapper\" class=\"table-data-sheet\">\n<tbody>\n<tr id=\"feature_11\" class=\"features_wrap\">\n<td>Longitud ca\u00f1\u00f3n<\/td>\n<td>\n<ul>\n<li id=\"value_55\">5&#8243;<\/li>\n<\/ul>\n<\/td>\n<\/tr>\n<tr id=\"feature_10\" class=\"features_wrap\">\n<td>Calibre<\/td>\n<td>\n<ul>\n<li id=\"value_64\">9mm. Parabellum<\/li>\n<\/ul>\n<\/td>\n<\/tr>\n<tr id=\"feature_16\" class=\"features_wrap\">\n<td>Longitud total (mm.)<\/td>\n<td>\n<ul>\n<li id=\"value_90370\">216<\/li>\n<\/ul>\n<\/td>\n<\/tr>\n<tr id=\"feature_17\" class=\"features_wrap\">\n<td>Ancho (mm.)<\/td>\n<td>\n<ul>\n<li id=\"value_90371\">33<\/li>\n<\/ul>\n<\/td>\n<\/tr>\n<tr id=\"feature_37\" class=\"features_wrap\">\n<td>Alto (mm.)<\/td>\n<td>\n<ul>\n<li id=\"value_90372\">127<\/li>\n<\/ul>\n<\/td>\n<\/tr>\n<tr id=\"feature_15\" class=\"features_wrap\">\n<td>Peso (g.)<\/td>\n<td>\n<ul>\n<li id=\"value_90373\">850.5<\/li>\n<\/ul>\n<\/td>\n<\/tr>\n<tr id=\"feature_60\" class=\"features_wrap\">\n<td>Distancia entre miras (mm.)<\/td>\n<td>\n<ul>\n<li id=\"value_90374\">184<\/li>\n<\/ul>\n<\/td>\n<\/tr>\n<tr id=\"feature_41\" class=\"features_wrap\">\n<td>Capacidad cargador<\/td>\n<td>\n<ul>\n<li id=\"value_90375\">17+1<\/li>\n<\/ul>\n<\/td>\n<\/tr>\n<\/tbody>\n<\/table>\n<p><strong>INCLUYE<\/strong>\u00a0&#8211; Kit de limpieza de la marca Performance Center de S&amp;W.<\/p>\n<p><strong>Este producto est\u00e1 controlado por la ley y no se puede agregar al carro de compras.<\/strong><br \/>\n<strong>Para adquirir este producto, usted debe\u00a0<a href=\"https:\/\/www.target.cl\/index.php?main_page=contact_us&amp;pid=1990&amp;to=1\">contactarnos<\/a>\u00a0para formalizar el proceso.<\/strong><\/p>","protected":false},"featured_media":32705,"comment_status":"open","ping_status":"closed","template":"","meta":[],"product_brand":[],"product_cat":[47,45,51],"product_tag":[],"class_list":{"0":"post-32698","1":"product","2":"type-product","3":"status-publish","4":"has-post-thumbnail","6":"product_cat-armas-cortas","7":"product_cat-pistolas","8":"product_cat-smith-wesson-armas-cortas","10":"first","11":"outofstock","12":"shipping-taxable","13":"product-type-simple"},"_links":{"self":[{"href":"https:\/\/urbantacs.cl\/en\/wp-json\/wp\/v2\/product\/32698","targetHints":{"allow":["GET"]}}],"collection":[{"href":"https:\/\/urbantacs.cl\/en\/wp-json\/wp\/v2\/product"}],"about":[{"href":"https:\/\/urbantacs.cl\/en\/wp-json\/wp\/v2\/types\/product"}],"replies":[{"embeddable":true,"href":"https:\/\/urbantacs.cl\/en\/wp-json\/wp\/v2\/comments?post=32698"}],"wp:featuredmedia":[{"embeddable":true,"href":"https:\/\/urbantacs.cl\/en\/wp-json\/wp\/v2\/media\/32705"}],"wp:attachment":[{"href":"https:\/\/urbantacs.cl\/en\/wp-json\/wp\/v2\/media?parent=32698"}],"wp:term":[{"taxonomy":"product_brand","embeddable":true,"href":"https:\/\/urbantacs.cl\/en\/wp-json\/wp\/v2\/product_brand?post=32698"},{"taxonomy":"product_cat","embeddable":true,"href":"https:\/\/urbantacs.cl\/en\/wp-json\/wp\/v2\/product_cat?post=32698"},{"taxonomy":"product_tag","embeddable":true,"href":"https:\/\/urbantacs.cl\/en\/wp-json\/wp\/v2\/product_tag?post=32698"}],"curies":[{"name":"wp","href":"https:\/\/api.w.org\/{rel}","templated":true}]}}