{"id":32730,"date":"2023-04-27T23:09:12","date_gmt":"2023-04-28T03:09:12","guid":{"rendered":"https:\/\/urbantacs.cl\/?post_type=product&#038;p=32730"},"modified":"2026-02-14T16:23:49","modified_gmt":"2026-02-14T19:23:49","slug":"32730","status":"publish","type":"product","link":"https:\/\/urbantacs.cl\/en\/product\/32730\/","title":{"rendered":"Pistola Smith &#038; Wesson, modelo Victory Performance Center, calibre .22LR"},"content":{"rendered":"","protected":false},"excerpt":{"rendered":"<p>Las pistolas Performance Center SW22 Victory Target tienen rec\u00e1mara en .22LR y est\u00e1n dise\u00f1adas espec\u00edficamente para competiciones de tiro al blanco.<br \/>\nEstas pistolas cuentan con ca\u00f1ones de 6 pulgadas, frenos de boca y tandemkross hiveGrips.<br \/>\nLas pistolas Performance Center SW22 Victory Target se env\u00edan con dos cargadores de 10 rondas y est\u00e1n disponibles con un ca\u00f1\u00f3n estriado de 6 pulgadas o de fibra de carbono de 6 pulgadas.<\/p>\n<p>Las caracter\u00edsticas de gama alta de la pistola, el estilo moderno y la funcionalidad enriquecida colocan a la SW22 Victory en una categor\u00eda propia con un precio asequible para igualar.<\/p>\n<p><b>Caracter\u00edsticas:<\/b><\/p>\n<ul>\n<li>Barril de objetivo estriado de 6 pulgadas<\/li>\n<li>Freno de boca personalizado<\/li>\n<li>Tandemkross \u00abhiveGrips\u00bb con empu\u00f1adura Target Thumbrest<\/li>\n<li>Vista trasera de fibra \u00f3ptica ajustable<\/li>\n<li>Vista frontal de fibra \u00f3ptica<\/li>\n<li>Gatillo de objetivo de cara plana con tope de gatillo ajustable<\/li>\n<li>Bot\u00f3n de liberaci\u00f3n de cargador extendido<\/li>\n<li>Rampa de alimentaci\u00f3n pulida personalizada<\/li>\n<li>Compartimiento biselado<\/li>\n<li>Seguridad de pulgar de pol\u00edmero reforzado con acero<\/li>\n<li>Marco de acero inoxidable<\/li>\n<li>(2) Revistas de diez rondas incluidas<\/li>\n<\/ul>\n<p><b>Especificaciones:<\/b><\/p>\n<ul>\n<li>Modelo: Visores de fibra \u00f3ptica Performance Center\u00ae SW22 VICTORY\u00ae Target Model<\/li>\n<li>Calibre: 22LR<\/li>\n<li>Capacidad: 10+1<\/li>\n<li>Seguridad: seguridad de pulgar de pol\u00edmero reforzado con acero<\/li>\n<li>Longitud del ca\u00f1\u00f3n: 6&#8243;\/15,2 cm<\/li>\n<li>Largo Total: 11.3&#8243;<\/li>\n<li>Vista frontal: fibra \u00f3ptica<\/li>\n<li>Vista trasera: fibra \u00f3ptica ajustable<\/li>\n<li>Acci\u00f3n: Acci\u00f3n \u00fanica<\/li>\n<li>Agarre: Tandemkross \u00abhiveGrips\u00bb con Target Thumb Rest<\/li>\n<li>Peso: 37,6 onzas\/1065,9 g<\/li>\n<li>Material del barril: acero inoxidable.<\/li>\n<li>Material del marco: Acero inoxidable<\/li>\n<\/ul>\n<ul>\n<li style=\"list-style-type: none;\"><\/li>\n<\/ul>\n<p><strong>*Este producto est\u00e1 controlado por la ley y no se puede agregar al carro de compras.<\/strong><br \/>\n<strong>Para adquirir este producto, usted debe\u00a0<a href=\"https:\/\/www.target.cl\/index.php?main_page=contact_us&amp;pid=1990&amp;to=1\">contactarnos<\/a>\u00a0para formalizar el proceso.<\/strong><\/p>","protected":false},"featured_media":32736,"comment_status":"open","ping_status":"closed","template":"","meta":[],"product_brand":[],"product_cat":[47,45,51],"product_tag":[],"class_list":{"0":"post-32730","1":"product","2":"type-product","3":"status-publish","4":"has-post-thumbnail","6":"product_cat-armas-cortas","7":"product_cat-pistolas","8":"product_cat-smith-wesson-armas-cortas","10":"first","11":"onbackorder","12":"shipping-taxable","13":"purchasable","14":"product-type-simple"},"_links":{"self":[{"href":"https:\/\/urbantacs.cl\/en\/wp-json\/wp\/v2\/product\/32730","targetHints":{"allow":["GET"]}}],"collection":[{"href":"https:\/\/urbantacs.cl\/en\/wp-json\/wp\/v2\/product"}],"about":[{"href":"https:\/\/urbantacs.cl\/en\/wp-json\/wp\/v2\/types\/product"}],"replies":[{"embeddable":true,"href":"https:\/\/urbantacs.cl\/en\/wp-json\/wp\/v2\/comments?post=32730"}],"wp:featuredmedia":[{"embeddable":true,"href":"https:\/\/urbantacs.cl\/en\/wp-json\/wp\/v2\/media\/32736"}],"wp:attachment":[{"href":"https:\/\/urbantacs.cl\/en\/wp-json\/wp\/v2\/media?parent=32730"}],"wp:term":[{"taxonomy":"product_brand","embeddable":true,"href":"https:\/\/urbantacs.cl\/en\/wp-json\/wp\/v2\/product_brand?post=32730"},{"taxonomy":"product_cat","embeddable":true,"href":"https:\/\/urbantacs.cl\/en\/wp-json\/wp\/v2\/product_cat?post=32730"},{"taxonomy":"product_tag","embeddable":true,"href":"https:\/\/urbantacs.cl\/en\/wp-json\/wp\/v2\/product_tag?post=32730"}],"curies":[{"name":"wp","href":"https:\/\/api.w.org\/{rel}","templated":true}]}}