{"id":32738,"date":"2023-04-27T23:51:03","date_gmt":"2023-04-28T03:51:03","guid":{"rendered":"https:\/\/urbantacs.cl\/?post_type=product&#038;p=32738"},"modified":"2026-02-26T10:32:01","modified_gmt":"2026-02-26T13:32:01","slug":"municion-aguila-calibre-9mm-hollow-point-117-grains","status":"publish","type":"product","link":"https:\/\/urbantacs.cl\/en\/product\/municion-aguila-calibre-9mm-hollow-point-117-grains\/","title":{"rendered":"Munici\u00f3n \u00c1guila calibre 9mm, Hollow Point 117 grains"},"content":{"rendered":"","protected":false},"excerpt":{"rendered":"<p><strong>VELOCIDAD Y PRECISI\u00d3N EN SU M\u00c1XIMA EXPRESI\u00d3N<\/strong><\/p>\n<p>Con a\u00f1os de ingenier\u00eda e interminables pruebas bal\u00edsticas de Aguila\u00ae, esta bala de defensa y t\u00e1ctica da justo en el blanco de manera consistente con ciclos impecables. Sin duda, es el calibre m\u00e1s vers\u00e1til del mundo.<\/p>\n<p>Munici\u00f3n Calibre 9mm, Aguila JHP, 117 Grains (punta hueca)<br \/>\nCaja de 50 unidades<br \/>\n(venta sujeta a cumplimiento de legislaci\u00f3n vigente)<\/p>\n<p>&nbsp;<\/p>\n<p><strong>Este producto est\u00e1 controlado por la ley y no se puede agregar al carro de compras.<\/strong><br \/>\n<strong>Para adquirir este producto, usted debe\u00a0<a href=\"https:\/\/www.target.cl\/index.php?main_page=contact_us&amp;pid=1990&amp;to=1\">contactarnos<\/a>\u00a0para formalizar el proceso.<\/strong><\/p>\n<p>&nbsp;<\/p>","protected":false},"featured_media":32739,"comment_status":"open","ping_status":"closed","template":"","meta":[],"product_brand":[],"product_cat":[64,38],"product_tag":[],"class_list":{"0":"post-32738","1":"product","2":"type-product","3":"status-publish","4":"has-post-thumbnail","6":"product_cat-cal-9-mm","7":"product_cat-municiones","9":"first","10":"outofstock","11":"shipping-taxable","12":"product-type-simple"},"_links":{"self":[{"href":"https:\/\/urbantacs.cl\/en\/wp-json\/wp\/v2\/product\/32738","targetHints":{"allow":["GET"]}}],"collection":[{"href":"https:\/\/urbantacs.cl\/en\/wp-json\/wp\/v2\/product"}],"about":[{"href":"https:\/\/urbantacs.cl\/en\/wp-json\/wp\/v2\/types\/product"}],"replies":[{"embeddable":true,"href":"https:\/\/urbantacs.cl\/en\/wp-json\/wp\/v2\/comments?post=32738"}],"wp:featuredmedia":[{"embeddable":true,"href":"https:\/\/urbantacs.cl\/en\/wp-json\/wp\/v2\/media\/32739"}],"wp:attachment":[{"href":"https:\/\/urbantacs.cl\/en\/wp-json\/wp\/v2\/media?parent=32738"}],"wp:term":[{"taxonomy":"product_brand","embeddable":true,"href":"https:\/\/urbantacs.cl\/en\/wp-json\/wp\/v2\/product_brand?post=32738"},{"taxonomy":"product_cat","embeddable":true,"href":"https:\/\/urbantacs.cl\/en\/wp-json\/wp\/v2\/product_cat?post=32738"},{"taxonomy":"product_tag","embeddable":true,"href":"https:\/\/urbantacs.cl\/en\/wp-json\/wp\/v2\/product_tag?post=32738"}],"curies":[{"name":"wp","href":"https:\/\/api.w.org\/{rel}","templated":true}]}}