{"id":32741,"date":"2023-04-28T00:12:26","date_gmt":"2023-04-28T04:12:26","guid":{"rendered":"https:\/\/urbantacs.cl\/?post_type=product&#038;p=32741"},"modified":"2026-04-10T10:06:51","modified_gmt":"2026-04-10T14:06:51","slug":"municion-winchester-match-168-gr-calibre-308-win","status":"publish","type":"product","link":"https:\/\/urbantacs.cl\/en\/product\/municion-winchester-match-168-gr-calibre-308-win\/","title":{"rendered":"Munici\u00f3n Winchester Match 168 Gr Calibre .308 Win"},"content":{"rendered":"","protected":false},"excerpt":{"rendered":"<p>La munici\u00f3n Winchester\u00ae Match\u2122 se fabrica para tiradores que buscan lo \u00faltimo en la tecnolog\u00eda Winchester.<br \/>\nEl perfil liso de la bala con una cola grande y una peque\u00f1a punta hueca se combina para garantizar una precisi\u00f3n de largo alcance en situaciones atmosf\u00e9ricas desafiantes.<br \/>\nEste producto est\u00e1 disponible en populares calibres de armas de gran precisi\u00f3n y sus tama\u00f1os de bala: 6.5 CM de 140 granos y .308 Win de 168 granos.<\/p>\n<p>&nbsp;<\/p>\n<h4>Especificaciones<\/h4>\n<ul>\n<li><strong>Marca:<\/strong>\u00a0Winchester.<\/li>\n<li><strong>Modelo:<\/strong>\u00a0Match.<\/li>\n<li><strong>Calibre:<\/strong>\u00a0.308 Win.<\/li>\n<li><strong>Tipo de Bala:<\/strong>\u00a0Punta Hueca con Cola de Bote (HPBT).<\/li>\n<li><strong>Peso:<\/strong>\u00a0168 Gr.<\/li>\n<li><strong>Velocidad:<\/strong>\u00a0816,86 m\/s.<\/li>\n<li><strong>Energ\u00eda:<\/strong>\u00a03633,59 J.<\/li>\n<li><strong>Empaque:<\/strong>\u00a0Caja de cart\u00f3n con interior de plumavit.<\/li>\n<li><strong>Cantidad:<\/strong>\u00a020 Unidades.<\/li>\n<\/ul>\n<p>&nbsp;<\/p>\n<p><strong>Este producto est\u00e1 controlado por la ley y no se puede agregar al carro de compras.<\/strong><br \/>\n<strong>Para adquirir este producto, usted debe\u00a0<a href=\"https:\/\/www.target.cl\/index.php?main_page=contact_us&amp;pid=1990&amp;to=1\">contactarnos<\/a>\u00a0para formalizar el proceso.<\/strong><\/p>","protected":false},"featured_media":32745,"comment_status":"open","ping_status":"closed","template":"","meta":[],"product_brand":[],"product_cat":[67,38],"product_tag":[],"class_list":{"0":"post-32741","1":"product","2":"type-product","3":"status-publish","4":"has-post-thumbnail","6":"product_cat-cal-308","7":"product_cat-municiones","9":"first","10":"instock","11":"shipping-taxable","12":"purchasable","13":"product-type-simple"},"_links":{"self":[{"href":"https:\/\/urbantacs.cl\/en\/wp-json\/wp\/v2\/product\/32741","targetHints":{"allow":["GET"]}}],"collection":[{"href":"https:\/\/urbantacs.cl\/en\/wp-json\/wp\/v2\/product"}],"about":[{"href":"https:\/\/urbantacs.cl\/en\/wp-json\/wp\/v2\/types\/product"}],"replies":[{"embeddable":true,"href":"https:\/\/urbantacs.cl\/en\/wp-json\/wp\/v2\/comments?post=32741"}],"wp:featuredmedia":[{"embeddable":true,"href":"https:\/\/urbantacs.cl\/en\/wp-json\/wp\/v2\/media\/32745"}],"wp:attachment":[{"href":"https:\/\/urbantacs.cl\/en\/wp-json\/wp\/v2\/media?parent=32741"}],"wp:term":[{"taxonomy":"product_brand","embeddable":true,"href":"https:\/\/urbantacs.cl\/en\/wp-json\/wp\/v2\/product_brand?post=32741"},{"taxonomy":"product_cat","embeddable":true,"href":"https:\/\/urbantacs.cl\/en\/wp-json\/wp\/v2\/product_cat?post=32741"},{"taxonomy":"product_tag","embeddable":true,"href":"https:\/\/urbantacs.cl\/en\/wp-json\/wp\/v2\/product_tag?post=32741"}],"curies":[{"name":"wp","href":"https:\/\/api.w.org\/{rel}","templated":true}]}}